{"id":136734,"date":"2025-05-18T22:47:59","date_gmt":"2025-05-18T22:47:59","guid":{"rendered":"https:\/\/staging2.stylingagenten.com\/da\/produkt\/karl-lagerfeld-fleur-de-murier-edp-100ml\/"},"modified":"2026-04-14T18:58:34","modified_gmt":"2026-04-14T18:58:34","slug":"karl-lagerfeld-fleur-de-murier-edp-100ml","status":"publish","type":"product","link":"https:\/\/stylingagenten.com\/da\/produkt\/karl-lagerfeld-fleur-de-murier-edp-100ml\/","title":{"rendered":"Karl Lagerfeld Fleur De Murier Edp 100ml"},"content":{"rendered":"<p>Uppt&auml;ck Fleur de M&ucirc;rier, en Eau de Parfum af KARL LAGERFELD. Denne feminine duft lokker med frugtige topnoter og \u00e6teriske blomster i hjertet, der ligger p\u00e5 toppen; en varm, sensuel base af sandeltr\u00e6&auml; og moskus. Blomsteragtig, feminin, fascinerende.<\/p>\n<p>Topnoter: r\u00f8de druer, hindb\u00e6rblad<br \/>Hjertenoter: morb\u00e6rblomst, violblad<br \/>Basenoter: sandeltr\u00e6, moskus<\/p>\n<p><span style=\"font-size: 11.0pt;line-height: 107%;font-family: 'Calibri',sans-serif\">&nbsp;<\/span><\/p>\n","protected":false},"excerpt":{"rendered":"<p>Uppt&auml;ck Fleur de M&ucirc;rier, en Eau de Parfum af KARL LAGERFELD. Denne feminine duft lokker med frugtige topnoter og \u00e6teriske blomster i hjertet, der ligger p\u00e5 toppen; en varm, sensuel base af sandeltr\u00e6&auml; og moskus. Blomsteragtig, feminin, fascinerende. Topnoter: r\u00f8de druer, hindb\u00e6rbladHjertenoter: morb\u00e6rblomst, violbladBasenoter: sandeltr\u00e6, moskus &nbsp;<\/p>\n","protected":false},"featured_media":136729,"comment_status":"open","ping_status":"closed","template":"","meta":{"_trash_the_other_posts":false},"product_brand":[],"product_cat":[1003,706,735,999],"product_tag":[3104],"berocket_brand":[1068],"class_list":{"0":"post-136734","1":"product","2":"type-product","3":"status-publish","4":"has-post-thumbnail","6":"product_cat-bestsellere","7":"product_cat-eau-de-parfum-dame","8":"product_cat-kampagne","9":"product_cat-kampagnetilbud-til-hende","10":"product_tag-karl-lagerfeld-fleur-de-murier-edp","11":"pa_brand-karl-lagerfeld","12":"pa_variant-100ml","13":"berocket_brand-karl-lagerfeld","15":"first","16":"instock","17":"sale","18":"taxable","19":"shipping-taxable","20":"purchasable","21":"product-type-simple"},"_links":{"self":[{"href":"https:\/\/stylingagenten.com\/da\/wp-json\/wp\/v2\/product\/136734","targetHints":{"allow":["GET"]}}],"collection":[{"href":"https:\/\/stylingagenten.com\/da\/wp-json\/wp\/v2\/product"}],"about":[{"href":"https:\/\/stylingagenten.com\/da\/wp-json\/wp\/v2\/types\/product"}],"replies":[{"embeddable":true,"href":"https:\/\/stylingagenten.com\/da\/wp-json\/wp\/v2\/comments?post=136734"}],"version-history":[{"count":1,"href":"https:\/\/stylingagenten.com\/da\/wp-json\/wp\/v2\/product\/136734\/revisions"}],"predecessor-version":[{"id":2000696,"href":"https:\/\/stylingagenten.com\/da\/wp-json\/wp\/v2\/product\/136734\/revisions\/2000696"}],"wp:featuredmedia":[{"embeddable":true,"href":"https:\/\/stylingagenten.com\/da\/wp-json\/wp\/v2\/media\/136729"}],"wp:attachment":[{"href":"https:\/\/stylingagenten.com\/da\/wp-json\/wp\/v2\/media?parent=136734"}],"wp:term":[{"taxonomy":"product_brand","embeddable":true,"href":"https:\/\/stylingagenten.com\/da\/wp-json\/wp\/v2\/product_brand?post=136734"},{"taxonomy":"product_cat","embeddable":true,"href":"https:\/\/stylingagenten.com\/da\/wp-json\/wp\/v2\/product_cat?post=136734"},{"taxonomy":"product_tag","embeddable":true,"href":"https:\/\/stylingagenten.com\/da\/wp-json\/wp\/v2\/product_tag?post=136734"},{"taxonomy":"berocket_brand","embeddable":true,"href":"https:\/\/stylingagenten.com\/da\/wp-json\/wp\/v2\/berocket_brand?post=136734"}],"curies":[{"name":"wp","href":"https:\/\/api.w.org\/{rel}","templated":true}]}}