{"id":136625,"date":"2025-05-18T22:47:22","date_gmt":"2025-05-18T22:47:22","guid":{"rendered":"https:\/\/staging2.stylingagenten.com\/da\/produkt\/ariana-grande-cloud-edp-100ml\/"},"modified":"2026-03-25T14:29:24","modified_gmt":"2026-03-25T14:29:24","slug":"ariana-grande-cloud-edp-100ml","status":"publish","type":"product","link":"https:\/\/stylingagenten.com\/da\/produkt\/ariana-grande-cloud-edp-100ml\/","title":{"rendered":"Ariana Grande Cloud Edp 100ml"},"content":{"rendered":"<p>Cloud fra Ariana Grande er en s\u00f8d, frugtagtig duft, der tilskynder til positivitet og gl\u00e6de. Parfumen fortryller med en saftig blanding af lavendel, bergamot og p\u00e6re. Blomsterhjertet frister med cremet kokosn\u00f8d og eftergivende praline blandet med vaniljeorkid\u00e9. Sensuel moskus og sexede tr\u00e6noter skaber en varm vanedannende duft, der pirrer sanserne.<\/p>\n<p>Topnoter: lavendel, bergamot og p\u00e6re<br \/>Hjertenoter: cremet kokosn\u00f8d, praline og vaniljeorkid\u00e9&eacute;<br \/>Basenoter : moskus og tr\u00e6&auml; akkord<\/p>\n","protected":false},"excerpt":{"rendered":"<p>Cloud fra Ariana Grande er en s\u00f8d, frugtagtig duft, der tilskynder til positivitet og gl\u00e6de. Parfumen fortryller med en saftig blanding af lavendel, bergamot og p\u00e6re. Blomsterhjertet frister med cremet kokosn\u00f8d og eftergivende praline blandet med vaniljeorkid\u00e9. Sensuel moskus og sexede tr\u00e6noter skaber en varm vanedannende duft, der pirrer sanserne. Topnoter: lavendel, bergamot og p\u00e6reHjertenoter: [&hellip;]<\/p>\n","protected":false},"featured_media":136617,"comment_status":"open","ping_status":"closed","template":"","meta":{"_trash_the_other_posts":false},"product_brand":[],"product_cat":[706,717],"product_tag":[2424],"berocket_brand":[1201],"class_list":{"0":"post-136625","1":"product","2":"type-product","3":"status-publish","4":"has-post-thumbnail","6":"product_cat-eau-de-parfum-dame","7":"product_cat-virale-produkter","8":"product_tag-ariana-grande-cloud-edp","9":"pa_brand-ariana-grande","10":"pa_variant-100ml","11":"berocket_brand-ariana-grande","13":"first","14":"instock","15":"sale","16":"taxable","17":"shipping-taxable","18":"purchasable","19":"product-type-simple"},"_links":{"self":[{"href":"https:\/\/stylingagenten.com\/da\/wp-json\/wp\/v2\/product\/136625","targetHints":{"allow":["GET"]}}],"collection":[{"href":"https:\/\/stylingagenten.com\/da\/wp-json\/wp\/v2\/product"}],"about":[{"href":"https:\/\/stylingagenten.com\/da\/wp-json\/wp\/v2\/types\/product"}],"replies":[{"embeddable":true,"href":"https:\/\/stylingagenten.com\/da\/wp-json\/wp\/v2\/comments?post=136625"}],"version-history":[{"count":0,"href":"https:\/\/stylingagenten.com\/da\/wp-json\/wp\/v2\/product\/136625\/revisions"}],"wp:featuredmedia":[{"embeddable":true,"href":"https:\/\/stylingagenten.com\/da\/wp-json\/wp\/v2\/media\/136617"}],"wp:attachment":[{"href":"https:\/\/stylingagenten.com\/da\/wp-json\/wp\/v2\/media?parent=136625"}],"wp:term":[{"taxonomy":"product_brand","embeddable":true,"href":"https:\/\/stylingagenten.com\/da\/wp-json\/wp\/v2\/product_brand?post=136625"},{"taxonomy":"product_cat","embeddable":true,"href":"https:\/\/stylingagenten.com\/da\/wp-json\/wp\/v2\/product_cat?post=136625"},{"taxonomy":"product_tag","embeddable":true,"href":"https:\/\/stylingagenten.com\/da\/wp-json\/wp\/v2\/product_tag?post=136625"},{"taxonomy":"berocket_brand","embeddable":true,"href":"https:\/\/stylingagenten.com\/da\/wp-json\/wp\/v2\/berocket_brand?post=136625"}],"curies":[{"name":"wp","href":"https:\/\/api.w.org\/{rel}","templated":true}]}}