{"id":136493,"date":"2025-05-18T22:46:19","date_gmt":"2025-05-18T22:46:19","guid":{"rendered":"https:\/\/staging2.stylingagenten.com\/da\/produkt\/marc-jacobs-daisy-love-eau-so-sweet-edt-100ml\/"},"modified":"2026-03-26T18:24:09","modified_gmt":"2026-03-26T18:24:09","slug":"marc-jacobs-daisy-love-eau-so-sweet-edt-100ml","status":"publish","type":"product","link":"https:\/\/stylingagenten.com\/da\/produkt\/marc-jacobs-daisy-love-eau-so-sweet-edt-100ml\/","title":{"rendered":"Marc Jacobs Daisy Love Eau So Sweet Edt 100ml"},"content":{"rendered":"<p>Med en perfekt s\u00f8dme og uventet friskhed fanger Marc Jacobs Daisy Love Eau So Sweet den vanedannende og uimodst\u00e5elige \u00e5nd fra Daisy Love.<\/p>\n<p>Mousserende hvid hindb\u00e6r lukker. krukke en personlighed med glans og en bl\u00f8d blomsteragtig luftighed. med delikat moskus. <br \/>Denne friske gourmandduft skaber en dragende atmosf\u00e6re, der virkelig omfavner dens navn.<\/p>\n<p>Topnoter: frugtig top med hvide hindb\u00e6r<br \/>Hjertenoter: Blomsterhjerte med tusindfryd<br \/>Basenoter: Feminin base sukkermoskus<\/p>\n","protected":false},"excerpt":{"rendered":"<p>Med en perfekt s\u00f8dme og uventet friskhed fanger Marc Jacobs Daisy Love Eau So Sweet den vanedannende og uimodst\u00e5elige \u00e5nd fra Daisy Love. Mousserende hvid hindb\u00e6r lukker. krukke en personlighed med glans og en bl\u00f8d blomsteragtig luftighed. med delikat moskus. Denne friske gourmandduft skaber en dragende atmosf\u00e6re, der virkelig omfavner dens navn. Topnoter: frugtig top [&hellip;]<\/p>\n","protected":false},"featured_media":136490,"comment_status":"open","ping_status":"closed","template":"","meta":{"_trash_the_other_posts":false},"product_brand":[],"product_cat":[707,735,999,959],"product_tag":[3384],"berocket_brand":[1069],"class_list":{"0":"post-136493","1":"product","2":"type-product","3":"status-publish","4":"has-post-thumbnail","6":"product_cat-eau-de-toilette-dame","7":"product_cat-kampagne","8":"product_cat-kampagnetilbud-til-hende","9":"product_cat-marc-jacobs-daisy","10":"product_tag-marc-jacobs-daisy-love-eau-so-sweet-edt","11":"pa_brand-marc-jacobs","12":"pa_variant-100ml","13":"berocket_brand-marc-jacobs","15":"first","16":"instock","17":"sale","18":"taxable","19":"shipping-taxable","20":"purchasable","21":"product-type-simple"},"_links":{"self":[{"href":"https:\/\/stylingagenten.com\/da\/wp-json\/wp\/v2\/product\/136493","targetHints":{"allow":["GET"]}}],"collection":[{"href":"https:\/\/stylingagenten.com\/da\/wp-json\/wp\/v2\/product"}],"about":[{"href":"https:\/\/stylingagenten.com\/da\/wp-json\/wp\/v2\/types\/product"}],"replies":[{"embeddable":true,"href":"https:\/\/stylingagenten.com\/da\/wp-json\/wp\/v2\/comments?post=136493"}],"version-history":[{"count":0,"href":"https:\/\/stylingagenten.com\/da\/wp-json\/wp\/v2\/product\/136493\/revisions"}],"wp:featuredmedia":[{"embeddable":true,"href":"https:\/\/stylingagenten.com\/da\/wp-json\/wp\/v2\/media\/136490"}],"wp:attachment":[{"href":"https:\/\/stylingagenten.com\/da\/wp-json\/wp\/v2\/media?parent=136493"}],"wp:term":[{"taxonomy":"product_brand","embeddable":true,"href":"https:\/\/stylingagenten.com\/da\/wp-json\/wp\/v2\/product_brand?post=136493"},{"taxonomy":"product_cat","embeddable":true,"href":"https:\/\/stylingagenten.com\/da\/wp-json\/wp\/v2\/product_cat?post=136493"},{"taxonomy":"product_tag","embeddable":true,"href":"https:\/\/stylingagenten.com\/da\/wp-json\/wp\/v2\/product_tag?post=136493"},{"taxonomy":"berocket_brand","embeddable":true,"href":"https:\/\/stylingagenten.com\/da\/wp-json\/wp\/v2\/berocket_brand?post=136493"}],"curies":[{"name":"wp","href":"https:\/\/api.w.org\/{rel}","templated":true}]}}