{"id":136400,"date":"2025-05-18T22:45:05","date_gmt":"2025-05-18T22:45:05","guid":{"rendered":"https:\/\/staging2.stylingagenten.com\/da\/produkt\/burberry-brit-for-her-edp-100ml\/"},"modified":"2025-12-05T13:31:05","modified_gmt":"2025-12-05T13:31:05","slug":"burberry-brit-for-her-edp-100ml","status":"publish","type":"product","link":"https:\/\/stylingagenten.com\/da\/produkt\/burberry-brit-for-her-edp-100ml\/","title":{"rendered":"Burberry Brit For Her EdP 100ml"},"content":{"rendered":"<p>Burberry Brit For Her er en frisk og moderne feminin duft med vanedannende topnoter af spr\u00f8de, iskolde p\u00e6re, sukkerholdige mandler og intens vanilje.<\/p>\n<p>Topnoter: Gr\u00f8n mandel, fersken blomme, citrongr\u00e6s og lime<br \/>Hjertenoter: Sukkerede mandler og p\u00e6on<br \/>Basenoter: Ambra, vanilje og mahogni<\/p>\n<p><\/p>\n","protected":false},"excerpt":{"rendered":"<p>Burberry Brit For Her er en frisk og moderne feminin duft med vanedannende topnoter af spr\u00f8de, iskolde p\u00e6re, sukkerholdige mandler og intens vanilje. Topnoter: Gr\u00f8n mandel, fersken blomme, citrongr\u00e6s og limeHjertenoter: Sukkerede mandler og p\u00e6onBasenoter: Ambra, vanilje og mahogni<\/p>\n","protected":false},"featured_media":136397,"comment_status":"open","ping_status":"closed","template":"","meta":{"_trash_the_other_posts":false},"product_brand":[],"product_cat":[1003,706],"product_tag":[2598],"berocket_brand":[1017],"class_list":{"0":"post-136400","1":"product","2":"type-product","3":"status-publish","4":"has-post-thumbnail","6":"product_cat-bestsellere","7":"product_cat-eau-de-parfum-dame","8":"product_tag-burberry-brit-for-her-edp","9":"pa_brand-burberry","10":"pa_variant-100ml","11":"berocket_brand-burberry","13":"first","14":"outofstock","15":"sale","16":"taxable","17":"shipping-taxable","18":"purchasable","19":"product-type-simple"},"_links":{"self":[{"href":"https:\/\/stylingagenten.com\/da\/wp-json\/wp\/v2\/product\/136400","targetHints":{"allow":["GET"]}}],"collection":[{"href":"https:\/\/stylingagenten.com\/da\/wp-json\/wp\/v2\/product"}],"about":[{"href":"https:\/\/stylingagenten.com\/da\/wp-json\/wp\/v2\/types\/product"}],"replies":[{"embeddable":true,"href":"https:\/\/stylingagenten.com\/da\/wp-json\/wp\/v2\/comments?post=136400"}],"version-history":[{"count":0,"href":"https:\/\/stylingagenten.com\/da\/wp-json\/wp\/v2\/product\/136400\/revisions"}],"wp:featuredmedia":[{"embeddable":true,"href":"https:\/\/stylingagenten.com\/da\/wp-json\/wp\/v2\/media\/136397"}],"wp:attachment":[{"href":"https:\/\/stylingagenten.com\/da\/wp-json\/wp\/v2\/media?parent=136400"}],"wp:term":[{"taxonomy":"product_brand","embeddable":true,"href":"https:\/\/stylingagenten.com\/da\/wp-json\/wp\/v2\/product_brand?post=136400"},{"taxonomy":"product_cat","embeddable":true,"href":"https:\/\/stylingagenten.com\/da\/wp-json\/wp\/v2\/product_cat?post=136400"},{"taxonomy":"product_tag","embeddable":true,"href":"https:\/\/stylingagenten.com\/da\/wp-json\/wp\/v2\/product_tag?post=136400"},{"taxonomy":"berocket_brand","embeddable":true,"href":"https:\/\/stylingagenten.com\/da\/wp-json\/wp\/v2\/berocket_brand?post=136400"}],"curies":[{"name":"wp","href":"https:\/\/api.w.org\/{rel}","templated":true}]}}