{"id":136393,"date":"2025-05-18T22:44:55","date_gmt":"2025-05-18T22:44:55","guid":{"rendered":"https:\/\/staging2.stylingagenten.com\/da\/produkt\/calvin-klein-ck-one-gold-edt-100ml\/"},"modified":"2026-04-14T06:58:44","modified_gmt":"2026-04-14T06:58:44","slug":"calvin-klein-ck-one-gold-edt-100ml","status":"publish","type":"product","link":"https:\/\/stylingagenten.com\/da\/produkt\/calvin-klein-ck-one-gold-edt-100ml\/","title":{"rendered":"Calvin Klein CK One Gold Edt 100ml"},"content":{"rendered":"<p>Calvin Klein CK One Gold er en frisk og saftig Eau de toilette med en tr\u00e6agtig karakter, der passer til b\u00e5de m\u00e6nd og kvinder. Energisk friskhed i topnoterne opn\u00e5s gennem en us\u00e6dvanlig blanding af figen, bergamot og salvie. Det lysende hjerte af neroli suppleres af blomster af jasmin og viol. Sunny vetiver giver parfumen dybde og efterlader et sensuelt og varmt spor p\u00e5 n\u00e6sen. huden sammen med noter af patchouli og guaiac-tr\u00e6.<\/p>\n<p>Topnoter: figen, bergamot, salvie<br \/>Hjertenoter: neroli, jasmin, viol<br \/>Basenoter: vetiver, patchouli, guaiac-tr\u00e6<\/p>\n","protected":false},"excerpt":{"rendered":"<p>Calvin Klein CK One Gold er en frisk og saftig Eau de toilette med en tr\u00e6agtig karakter, der passer til b\u00e5de m\u00e6nd og kvinder. Energisk friskhed i topnoterne opn\u00e5s gennem en us\u00e6dvanlig blanding af figen, bergamot og salvie. Det lysende hjerte af neroli suppleres af blomster af jasmin og viol. Sunny vetiver giver parfumen dybde [&hellip;]<\/p>\n","protected":false},"featured_media":136391,"comment_status":"open","ping_status":"closed","template":"","meta":{"_trash_the_other_posts":false},"product_brand":[],"product_cat":[1003,749,709,707,735,1006,999,713],"product_tag":[2641],"berocket_brand":[1014],"class_list":{"0":"post-136393","1":"product","2":"type-product","3":"status-publish","4":"has-post-thumbnail","6":"product_cat-bestsellere","7":"product_cat-calvin-klein-ck-one","8":"product_cat-eau-de-toilette-mr","9":"product_cat-eau-de-toilette-dame","10":"product_cat-kampagne","11":"product_cat-kampagnepris","12":"product_cat-kampagnetilbud-til-hende","13":"product_cat-parfume-unisex","14":"product_tag-calvin-klein-ck-one-gold-edt","15":"pa_brand-calvin-klein","16":"pa_variant-100ml","17":"berocket_brand-calvin-klein","19":"first","20":"instock","21":"sale","22":"taxable","23":"shipping-taxable","24":"purchasable","25":"product-type-simple"},"_links":{"self":[{"href":"https:\/\/stylingagenten.com\/da\/wp-json\/wp\/v2\/product\/136393","targetHints":{"allow":["GET"]}}],"collection":[{"href":"https:\/\/stylingagenten.com\/da\/wp-json\/wp\/v2\/product"}],"about":[{"href":"https:\/\/stylingagenten.com\/da\/wp-json\/wp\/v2\/types\/product"}],"replies":[{"embeddable":true,"href":"https:\/\/stylingagenten.com\/da\/wp-json\/wp\/v2\/comments?post=136393"}],"version-history":[{"count":0,"href":"https:\/\/stylingagenten.com\/da\/wp-json\/wp\/v2\/product\/136393\/revisions"}],"wp:featuredmedia":[{"embeddable":true,"href":"https:\/\/stylingagenten.com\/da\/wp-json\/wp\/v2\/media\/136391"}],"wp:attachment":[{"href":"https:\/\/stylingagenten.com\/da\/wp-json\/wp\/v2\/media?parent=136393"}],"wp:term":[{"taxonomy":"product_brand","embeddable":true,"href":"https:\/\/stylingagenten.com\/da\/wp-json\/wp\/v2\/product_brand?post=136393"},{"taxonomy":"product_cat","embeddable":true,"href":"https:\/\/stylingagenten.com\/da\/wp-json\/wp\/v2\/product_cat?post=136393"},{"taxonomy":"product_tag","embeddable":true,"href":"https:\/\/stylingagenten.com\/da\/wp-json\/wp\/v2\/product_tag?post=136393"},{"taxonomy":"berocket_brand","embeddable":true,"href":"https:\/\/stylingagenten.com\/da\/wp-json\/wp\/v2\/berocket_brand?post=136393"}],"curies":[{"name":"wp","href":"https:\/\/api.w.org\/{rel}","templated":true}]}}