{"id":136170,"date":"2025-05-18T22:42:51","date_gmt":"2025-05-18T22:42:51","guid":{"rendered":"https:\/\/staging2.stylingagenten.com\/da\/produkt\/dkny-be-delicious-fresh-blossom-edp-100ml\/"},"modified":"2026-04-14T08:58:41","modified_gmt":"2026-04-14T08:58:41","slug":"dkny-be-delicious-fresh-blossom-edp-100ml","status":"publish","type":"product","link":"https:\/\/stylingagenten.com\/da\/produkt\/dkny-be-delicious-fresh-blossom-edp-100ml\/","title":{"rendered":"DKNY Be Delicious Fresh Blossom Edp 100ml"},"content":{"rendered":"<p>DKNY Be Delicious Fresh Blossom er en uskyldig, frisk og legende duft, der f\u00f8rst minder om de f\u00f8rste dejlige dage, hvor knopper brister, og verden \u00e5bner sig for naturens opv\u00e5gnen.<\/p>\n<p><strong>Duftnoter:<\/strong> grapefrugt, solb\u00e6r, abrikos, muguet, rose, jasmin, \u00e6bleblomst &amp; lyse tr\u00e6noter.<\/p>\n","protected":false},"excerpt":{"rendered":"<p>DKNY Be Delicious Fresh Blossom er en uskyldig, frisk og legende duft, der f\u00f8rst minder om de f\u00f8rste dejlige dage, hvor knopper brister, og verden \u00e5bner sig for naturens opv\u00e5gnen. Duftnoter: grapefrugt, solb\u00e6r, abrikos, muguet, rose, jasmin, \u00e6bleblomst &amp; lyse tr\u00e6noter.<\/p>\n","protected":false},"featured_media":136168,"comment_status":"open","ping_status":"closed","template":"","meta":{"_trash_the_other_posts":false},"product_brand":[],"product_cat":[1003,753,706,1006],"product_tag":[2826],"berocket_brand":[1291],"class_list":{"0":"post-136170","1":"product","2":"type-product","3":"status-publish","4":"has-post-thumbnail","6":"product_cat-bestsellere","7":"product_cat-dkny-be-delicious","8":"product_cat-eau-de-parfum-dame","9":"product_cat-kampagnepris","10":"product_tag-dkny-be-delicious-fresh-blossom-edp","11":"pa_brand-dkny","12":"pa_variant-100ml","13":"berocket_brand-dkny","15":"first","16":"instock","17":"sale","18":"taxable","19":"shipping-taxable","20":"purchasable","21":"product-type-simple"},"_links":{"self":[{"href":"https:\/\/stylingagenten.com\/da\/wp-json\/wp\/v2\/product\/136170","targetHints":{"allow":["GET"]}}],"collection":[{"href":"https:\/\/stylingagenten.com\/da\/wp-json\/wp\/v2\/product"}],"about":[{"href":"https:\/\/stylingagenten.com\/da\/wp-json\/wp\/v2\/types\/product"}],"replies":[{"embeddable":true,"href":"https:\/\/stylingagenten.com\/da\/wp-json\/wp\/v2\/comments?post=136170"}],"version-history":[{"count":0,"href":"https:\/\/stylingagenten.com\/da\/wp-json\/wp\/v2\/product\/136170\/revisions"}],"wp:featuredmedia":[{"embeddable":true,"href":"https:\/\/stylingagenten.com\/da\/wp-json\/wp\/v2\/media\/136168"}],"wp:attachment":[{"href":"https:\/\/stylingagenten.com\/da\/wp-json\/wp\/v2\/media?parent=136170"}],"wp:term":[{"taxonomy":"product_brand","embeddable":true,"href":"https:\/\/stylingagenten.com\/da\/wp-json\/wp\/v2\/product_brand?post=136170"},{"taxonomy":"product_cat","embeddable":true,"href":"https:\/\/stylingagenten.com\/da\/wp-json\/wp\/v2\/product_cat?post=136170"},{"taxonomy":"product_tag","embeddable":true,"href":"https:\/\/stylingagenten.com\/da\/wp-json\/wp\/v2\/product_tag?post=136170"},{"taxonomy":"berocket_brand","embeddable":true,"href":"https:\/\/stylingagenten.com\/da\/wp-json\/wp\/v2\/berocket_brand?post=136170"}],"curies":[{"name":"wp","href":"https:\/\/api.w.org\/{rel}","templated":true}]}}