{"id":136024,"date":"2025-05-18T22:42:27","date_gmt":"2025-05-18T22:42:27","guid":{"rendered":"https:\/\/staging2.stylingagenten.com\/da\/produkt\/nicki-minaj-minajesty-edp-100ml\/"},"modified":"2026-04-02T08:37:37","modified_gmt":"2026-04-02T08:37:37","slug":"nicki-minaj-minajesty-edp-100ml","status":"publish","type":"product","link":"https:\/\/stylingagenten.com\/da\/produkt\/nicki-minaj-minajesty-edp-100ml\/","title":{"rendered":"Nicki Minaj Minajesty Edp 30ml"},"content":{"rendered":"<p>Nicki Minaj Minajesty er en sensuel og blomstret duft med noter af dejlige frugter, luksuri\u00f8st friske blomster, cremet vanilje og moskus. Duften fanger dine sanser og udstr\u00e5ler en majest\u00e6tisk f\u00f8lelse.<\/p>\n<p><strong>Duftnoter:<\/strong> fersken, citronblomst, ribs, magnolia, pink jasmin, tiger orkid\u00e9&eacute;, vanilje &amp; hvid moskus.<\/p>\n","protected":false},"excerpt":{"rendered":"<p>Nicki Minaj Minajesty er en sensuel og blomstret duft med noter af dejlige frugter, luksuri\u00f8st friske blomster, cremet vanilje og moskus. Duften fanger dine sanser og udstr\u00e5ler en majest\u00e6tisk f\u00f8lelse. Duftnoter: fersken, citronblomst, ribs, magnolia, pink jasmin, tiger orkid\u00e9&eacute;, vanilje &amp; hvid moskus.<\/p>\n","protected":false},"featured_media":136022,"comment_status":"open","ping_status":"closed","template":"","meta":{"_trash_the_other_posts":false},"product_brand":[],"product_cat":[1003,706,735,999],"product_tag":[3637],"berocket_brand":[1111],"class_list":{"0":"post-136024","1":"product","2":"type-product","3":"status-publish","4":"has-post-thumbnail","6":"product_cat-bestsellere","7":"product_cat-eau-de-parfum-dame","8":"product_cat-kampagne","9":"product_cat-kampagnetilbud-til-hende","10":"product_tag-nicki-minaj-minajesty-edp","11":"pa_brand-nicki-minaj","12":"pa_variant-100ml","13":"berocket_brand-nicki-minaj","15":"first","16":"outofstock","17":"sale","18":"taxable","19":"shipping-taxable","20":"purchasable","21":"product-type-simple"},"_links":{"self":[{"href":"https:\/\/stylingagenten.com\/da\/wp-json\/wp\/v2\/product\/136024","targetHints":{"allow":["GET"]}}],"collection":[{"href":"https:\/\/stylingagenten.com\/da\/wp-json\/wp\/v2\/product"}],"about":[{"href":"https:\/\/stylingagenten.com\/da\/wp-json\/wp\/v2\/types\/product"}],"replies":[{"embeddable":true,"href":"https:\/\/stylingagenten.com\/da\/wp-json\/wp\/v2\/comments?post=136024"}],"version-history":[{"count":0,"href":"https:\/\/stylingagenten.com\/da\/wp-json\/wp\/v2\/product\/136024\/revisions"}],"wp:featuredmedia":[{"embeddable":true,"href":"https:\/\/stylingagenten.com\/da\/wp-json\/wp\/v2\/media\/136022"}],"wp:attachment":[{"href":"https:\/\/stylingagenten.com\/da\/wp-json\/wp\/v2\/media?parent=136024"}],"wp:term":[{"taxonomy":"product_brand","embeddable":true,"href":"https:\/\/stylingagenten.com\/da\/wp-json\/wp\/v2\/product_brand?post=136024"},{"taxonomy":"product_cat","embeddable":true,"href":"https:\/\/stylingagenten.com\/da\/wp-json\/wp\/v2\/product_cat?post=136024"},{"taxonomy":"product_tag","embeddable":true,"href":"https:\/\/stylingagenten.com\/da\/wp-json\/wp\/v2\/product_tag?post=136024"},{"taxonomy":"berocket_brand","embeddable":true,"href":"https:\/\/stylingagenten.com\/da\/wp-json\/wp\/v2\/berocket_brand?post=136024"}],"curies":[{"name":"wp","href":"https:\/\/api.w.org\/{rel}","templated":true}]}}