{"id":136019,"date":"2025-05-18T22:42:27","date_gmt":"2025-05-18T22:42:27","guid":{"rendered":"https:\/\/staging2.stylingagenten.com\/da\/produkt\/oscar-de-la-renta-rosamor-edt-100ml\/"},"modified":"2026-03-29T15:08:44","modified_gmt":"2026-03-29T15:08:44","slug":"oscar-de-la-renta-rosamor-edt-100ml","status":"publish","type":"product","link":"https:\/\/stylingagenten.com\/da\/produkt\/oscar-de-la-renta-rosamor-edt-100ml\/","title":{"rendered":"Oscar de la Renta Rosamor Edt 100ml"},"content":{"rendered":"<p>Oscar de la Renta Rosamor Edt er en varm og nostalgisk duft inspireret af den spanske ?rosa? for rose og ?amor? for k\u00e6rlighed. Den ideelle gave til den k\u00e6rlige kvinde.<\/p>\n<p><strong>Duftnoter:<\/strong> mandarin, lilje, ylang-ylang, tuberose, rose, heliotrop, tonkab\u00f8nne, vanilje og moskus<\/p>\n","protected":false},"excerpt":{"rendered":"<p>Oscar de la Renta Rosamor Edt er en varm og nostalgisk duft inspireret af den spanske ?rosa? for rose og ?amor? for k\u00e6rlighed. Den ideelle gave til den k\u00e6rlige kvinde. Duftnoter: mandarin, lilje, ylang-ylang, tuberose, rose, heliotrop, tonkab\u00f8nne, vanilje og moskus<\/p>\n","protected":false},"featured_media":136016,"comment_status":"open","ping_status":"closed","template":"","meta":{"_trash_the_other_posts":false},"product_brand":[],"product_cat":[707,735,999],"product_tag":[],"berocket_brand":[1047],"class_list":{"0":"post-136019","1":"product","2":"type-product","3":"status-publish","4":"has-post-thumbnail","6":"product_cat-eau-de-toilette-dame","7":"product_cat-kampagne","8":"product_cat-kampagnetilbud-til-hende","9":"pa_brand-oscar-de-la-renta","10":"berocket_brand-oscar-de-la-renta","12":"first","13":"instock","14":"sale","15":"taxable","16":"shipping-taxable","17":"purchasable","18":"product-type-simple"},"_links":{"self":[{"href":"https:\/\/stylingagenten.com\/da\/wp-json\/wp\/v2\/product\/136019","targetHints":{"allow":["GET"]}}],"collection":[{"href":"https:\/\/stylingagenten.com\/da\/wp-json\/wp\/v2\/product"}],"about":[{"href":"https:\/\/stylingagenten.com\/da\/wp-json\/wp\/v2\/types\/product"}],"replies":[{"embeddable":true,"href":"https:\/\/stylingagenten.com\/da\/wp-json\/wp\/v2\/comments?post=136019"}],"version-history":[{"count":0,"href":"https:\/\/stylingagenten.com\/da\/wp-json\/wp\/v2\/product\/136019\/revisions"}],"wp:featuredmedia":[{"embeddable":true,"href":"https:\/\/stylingagenten.com\/da\/wp-json\/wp\/v2\/media\/136016"}],"wp:attachment":[{"href":"https:\/\/stylingagenten.com\/da\/wp-json\/wp\/v2\/media?parent=136019"}],"wp:term":[{"taxonomy":"product_brand","embeddable":true,"href":"https:\/\/stylingagenten.com\/da\/wp-json\/wp\/v2\/product_brand?post=136019"},{"taxonomy":"product_cat","embeddable":true,"href":"https:\/\/stylingagenten.com\/da\/wp-json\/wp\/v2\/product_cat?post=136019"},{"taxonomy":"product_tag","embeddable":true,"href":"https:\/\/stylingagenten.com\/da\/wp-json\/wp\/v2\/product_tag?post=136019"},{"taxonomy":"berocket_brand","embeddable":true,"href":"https:\/\/stylingagenten.com\/da\/wp-json\/wp\/v2\/berocket_brand?post=136019"}],"curies":[{"name":"wp","href":"https:\/\/api.w.org\/{rel}","templated":true}]}}