{"id":135981,"date":"2025-05-18T22:42:20","date_gmt":"2025-05-18T22:42:20","guid":{"rendered":"https:\/\/staging2.stylingagenten.com\/da\/produkt\/elizabeth-arden-untold-edp-100ml\/"},"modified":"2026-04-13T10:48:42","modified_gmt":"2026-04-13T10:48:42","slug":"elizabeth-arden-untold-edp-100ml","status":"publish","type":"product","link":"https:\/\/stylingagenten.com\/da\/produkt\/elizabeth-arden-untold-edp-100ml\/","title":{"rendered":"Elizabeth Arden Untold Edp 100ml"},"content":{"rendered":"<p>Elizabeth Arden Untold Edp er en parfume inspireret af livets eventyr. Duften passer til alle kvinder, der nyder livet og gerne vil dele deres livserfaringer. God som d\u00e5rlig.<\/p>\n<p><strong>Duftnoter:<\/strong> pink peber, bergamot, p\u00e6re, solb\u00e6rknopper, gardeniablade, egyptisk jasmin, patchouli, sandeltr\u00e6, moskus og ambra.<\/p>\n","protected":false},"excerpt":{"rendered":"<p>Elizabeth Arden Untold Edp er en parfume inspireret af livets eventyr. Duften passer til alle kvinder, der nyder livet og gerne vil dele deres livserfaringer. God som d\u00e5rlig. Duftnoter: pink peber, bergamot, p\u00e6re, solb\u00e6rknopper, gardeniablade, egyptisk jasmin, patchouli, sandeltr\u00e6, moskus og ambra.<\/p>\n","protected":false},"featured_media":135977,"comment_status":"open","ping_status":"closed","template":"","meta":{"_trash_the_other_posts":false},"product_brand":[],"product_cat":[706,735,999],"product_tag":[],"berocket_brand":[1303],"class_list":{"0":"post-135981","1":"product","2":"type-product","3":"status-publish","4":"has-post-thumbnail","6":"product_cat-eau-de-parfum-dame","7":"product_cat-kampagne","8":"product_cat-kampagnetilbud-til-hende","9":"pa_brand-elizabeth-arden","10":"berocket_brand-elizabeth-arden","12":"first","13":"instock","14":"sale","15":"taxable","16":"shipping-taxable","17":"purchasable","18":"product-type-simple"},"_links":{"self":[{"href":"https:\/\/stylingagenten.com\/da\/wp-json\/wp\/v2\/product\/135981","targetHints":{"allow":["GET"]}}],"collection":[{"href":"https:\/\/stylingagenten.com\/da\/wp-json\/wp\/v2\/product"}],"about":[{"href":"https:\/\/stylingagenten.com\/da\/wp-json\/wp\/v2\/types\/product"}],"replies":[{"embeddable":true,"href":"https:\/\/stylingagenten.com\/da\/wp-json\/wp\/v2\/comments?post=135981"}],"version-history":[{"count":0,"href":"https:\/\/stylingagenten.com\/da\/wp-json\/wp\/v2\/product\/135981\/revisions"}],"wp:featuredmedia":[{"embeddable":true,"href":"https:\/\/stylingagenten.com\/da\/wp-json\/wp\/v2\/media\/135977"}],"wp:attachment":[{"href":"https:\/\/stylingagenten.com\/da\/wp-json\/wp\/v2\/media?parent=135981"}],"wp:term":[{"taxonomy":"product_brand","embeddable":true,"href":"https:\/\/stylingagenten.com\/da\/wp-json\/wp\/v2\/product_brand?post=135981"},{"taxonomy":"product_cat","embeddable":true,"href":"https:\/\/stylingagenten.com\/da\/wp-json\/wp\/v2\/product_cat?post=135981"},{"taxonomy":"product_tag","embeddable":true,"href":"https:\/\/stylingagenten.com\/da\/wp-json\/wp\/v2\/product_tag?post=135981"},{"taxonomy":"berocket_brand","embeddable":true,"href":"https:\/\/stylingagenten.com\/da\/wp-json\/wp\/v2\/berocket_brand?post=135981"}],"curies":[{"name":"wp","href":"https:\/\/api.w.org\/{rel}","templated":true}]}}