{"id":135979,"date":"2025-05-18T22:42:20","date_gmt":"2025-05-18T22:42:20","guid":{"rendered":"https:\/\/staging2.stylingagenten.com\/da\/produkt\/roberto-cavalli-edp-30ml\/"},"modified":"2025-11-19T10:44:47","modified_gmt":"2025-11-19T10:44:47","slug":"roberto-cavalli-edp-30ml","status":"publish","type":"product","link":"https:\/\/stylingagenten.com\/da\/produkt\/roberto-cavalli-edp-30ml\/","title":{"rendered":"Roberto Cavalli Edp 30ml"},"content":{"rendered":"<p>Roberto Cavalli Edp er en solrig og sprudlende duft, hvis topnoter, oplyst af rosepeber, udstr\u00e5ler en \u00e6gte karakterstyrke. Den afspejler femininitet, sensualitet og ekstravagance, og kvinden, der b\u00e6rer denne duft, har feminin elegance og energien fra en opr\u00f8rsk v\u00e6sen.<\/p>\n<p><strong>Duftnoter:&nbsp;<\/strong>rose&eacute;peber. appelsinblomst absolut. Tonkab\u00f8nner, vanilje &amp; benzoin.<\/p>\n","protected":false},"excerpt":{"rendered":"<p>Roberto Cavalli Edp er en solrig og sprudlende duft, hvis topnoter, oplyst af rosepeber, udstr\u00e5ler en \u00e6gte karakterstyrke. Den afspejler femininitet, sensualitet og ekstravagance, og kvinden, der b\u00e6rer denne duft, har feminin elegance og energien fra en opr\u00f8rsk v\u00e6sen. Duftnoter:&nbsp;rose&eacute;peber. appelsinblomst absolut. Tonkab\u00f8nner, vanilje &amp; benzoin.<\/p>\n","protected":false},"featured_media":135976,"comment_status":"open","ping_status":"closed","template":"","meta":{"_trash_the_other_posts":false},"product_brand":[],"product_cat":[706,983],"product_tag":[3940],"berocket_brand":[1074],"class_list":{"0":"post-135979","1":"product","2":"type-product","3":"status-publish","4":"has-post-thumbnail","6":"product_cat-eau-de-parfum-dame","7":"product_cat-roberto-cavalli-edp","8":"product_tag-roberto-cavalli-edp","9":"pa_brand-roberto-cavalli","10":"pa_variant-30ml","11":"berocket_brand-roberto-cavalli","13":"first","14":"outofstock","15":"sale","16":"taxable","17":"shipping-taxable","18":"purchasable","19":"product-type-simple"},"_links":{"self":[{"href":"https:\/\/stylingagenten.com\/da\/wp-json\/wp\/v2\/product\/135979","targetHints":{"allow":["GET"]}}],"collection":[{"href":"https:\/\/stylingagenten.com\/da\/wp-json\/wp\/v2\/product"}],"about":[{"href":"https:\/\/stylingagenten.com\/da\/wp-json\/wp\/v2\/types\/product"}],"replies":[{"embeddable":true,"href":"https:\/\/stylingagenten.com\/da\/wp-json\/wp\/v2\/comments?post=135979"}],"version-history":[{"count":0,"href":"https:\/\/stylingagenten.com\/da\/wp-json\/wp\/v2\/product\/135979\/revisions"}],"wp:featuredmedia":[{"embeddable":true,"href":"https:\/\/stylingagenten.com\/da\/wp-json\/wp\/v2\/media\/135976"}],"wp:attachment":[{"href":"https:\/\/stylingagenten.com\/da\/wp-json\/wp\/v2\/media?parent=135979"}],"wp:term":[{"taxonomy":"product_brand","embeddable":true,"href":"https:\/\/stylingagenten.com\/da\/wp-json\/wp\/v2\/product_brand?post=135979"},{"taxonomy":"product_cat","embeddable":true,"href":"https:\/\/stylingagenten.com\/da\/wp-json\/wp\/v2\/product_cat?post=135979"},{"taxonomy":"product_tag","embeddable":true,"href":"https:\/\/stylingagenten.com\/da\/wp-json\/wp\/v2\/product_tag?post=135979"},{"taxonomy":"berocket_brand","embeddable":true,"href":"https:\/\/stylingagenten.com\/da\/wp-json\/wp\/v2\/berocket_brand?post=135979"}],"curies":[{"name":"wp","href":"https:\/\/api.w.org\/{rel}","templated":true}]}}