{"id":135975,"date":"2025-05-18T22:42:20","date_gmt":"2025-05-18T22:42:20","guid":{"rendered":"https:\/\/staging2.stylingagenten.com\/da\/produkt\/ariana-grande-thank-u-next-edp-50ml\/"},"modified":"2026-03-19T20:47:32","modified_gmt":"2026-03-19T20:47:32","slug":"ariana-grande-thank-u-next-edp-50ml","status":"publish","type":"product","link":"https:\/\/stylingagenten.com\/da\/produkt\/ariana-grande-thank-u-next-edp-50ml\/","title":{"rendered":"Ariana Grande Thank U Next Edp 50ml"},"content":{"rendered":"<p>Thank U Next er en s\u00f8d og frugtig duft af popsangerinden Ariana Grande. Inspireret af hitsangen Thank U Next er denne duft en flirtende og karakterfuld duft.<\/p>\n<p>Topnoter: Hindb\u00e6r og p\u00e6re<\/p>\n<p>Hjertenoter: Kokosn\u00f8d og Pink Rose<\/p>\n<p>Basisnoter: Macarons og moskus.<\/p>\n","protected":false},"excerpt":{"rendered":"<p>Thank U Next er en s\u00f8d og frugtig duft af popsangerinden Ariana Grande. Inspireret af hitsangen Thank U Next er denne duft en flirtende og karakterfuld duft. Topnoter: Hindb\u00e6r og p\u00e6re Hjertenoter: Kokosn\u00f8d og Pink Rose Basisnoter: Macarons og moskus.<\/p>\n","protected":false},"featured_media":135967,"comment_status":"open","ping_status":"closed","template":"","meta":{"_trash_the_other_posts":false},"product_brand":[],"product_cat":[706,735,999],"product_tag":[2429],"berocket_brand":[1201],"class_list":{"0":"post-135975","1":"product","2":"type-product","3":"status-publish","4":"has-post-thumbnail","6":"product_cat-eau-de-parfum-dame","7":"product_cat-kampagne","8":"product_cat-kampagnetilbud-til-hende","9":"product_tag-ariana-grande-thank-u-next-edp","10":"pa_brand-ariana-grande","11":"pa_variant-50ml","12":"berocket_brand-ariana-grande","14":"first","15":"outofstock","16":"sale","17":"taxable","18":"shipping-taxable","19":"purchasable","20":"product-type-simple"},"_links":{"self":[{"href":"https:\/\/stylingagenten.com\/da\/wp-json\/wp\/v2\/product\/135975","targetHints":{"allow":["GET"]}}],"collection":[{"href":"https:\/\/stylingagenten.com\/da\/wp-json\/wp\/v2\/product"}],"about":[{"href":"https:\/\/stylingagenten.com\/da\/wp-json\/wp\/v2\/types\/product"}],"replies":[{"embeddable":true,"href":"https:\/\/stylingagenten.com\/da\/wp-json\/wp\/v2\/comments?post=135975"}],"version-history":[{"count":0,"href":"https:\/\/stylingagenten.com\/da\/wp-json\/wp\/v2\/product\/135975\/revisions"}],"wp:featuredmedia":[{"embeddable":true,"href":"https:\/\/stylingagenten.com\/da\/wp-json\/wp\/v2\/media\/135967"}],"wp:attachment":[{"href":"https:\/\/stylingagenten.com\/da\/wp-json\/wp\/v2\/media?parent=135975"}],"wp:term":[{"taxonomy":"product_brand","embeddable":true,"href":"https:\/\/stylingagenten.com\/da\/wp-json\/wp\/v2\/product_brand?post=135975"},{"taxonomy":"product_cat","embeddable":true,"href":"https:\/\/stylingagenten.com\/da\/wp-json\/wp\/v2\/product_cat?post=135975"},{"taxonomy":"product_tag","embeddable":true,"href":"https:\/\/stylingagenten.com\/da\/wp-json\/wp\/v2\/product_tag?post=135975"},{"taxonomy":"berocket_brand","embeddable":true,"href":"https:\/\/stylingagenten.com\/da\/wp-json\/wp\/v2\/berocket_brand?post=135975"}],"curies":[{"name":"wp","href":"https:\/\/api.w.org\/{rel}","templated":true}]}}