{"id":135935,"date":"2025-05-18T22:42:13","date_gmt":"2025-05-18T22:42:13","guid":{"rendered":"https:\/\/staging2.stylingagenten.com\/da\/produkt\/dior-addict-edp-30ml\/"},"modified":"2026-04-01T17:48:33","modified_gmt":"2026-04-01T17:48:33","slug":"dior-addict-edp-30ml","status":"publish","type":"product","link":"https:\/\/stylingagenten.com\/da\/produkt\/dior-addict-edp-30ml\/","title":{"rendered":"Dior Addict Edp 30ml"},"content":{"rendered":"<p>Dior Addict af Christian Dior er en ravblomstret duft til kvinder.<\/p>\n<p>Topnoter: P\u00e6re og Mandarin L&ouml;v<\/p>\n<p>Hjertenoter: Jasmin, Night Blooming Cereus, Orange Blossom og Rose<\/p>\n<p>Basenoter: Vanilje, Tonkab\u00f8nne og Sandeltr\u00e6&auml;.<\/p>\n","protected":false},"excerpt":{"rendered":"<p>Dior Addict af Christian Dior er en ravblomstret duft til kvinder. Topnoter: P\u00e6re og Mandarin L&ouml;v Hjertenoter: Jasmin, Night Blooming Cereus, Orange Blossom og Rose Basenoter: Vanilje, Tonkab\u00f8nne og Sandeltr\u00e6&auml;.<\/p>\n","protected":false},"featured_media":135933,"comment_status":"open","ping_status":"closed","template":"","meta":{"_trash_the_other_posts":false},"product_brand":[],"product_cat":[706,735,999],"product_tag":[],"berocket_brand":[1289],"class_list":{"0":"post-135935","1":"product","2":"type-product","3":"status-publish","4":"has-post-thumbnail","6":"product_cat-eau-de-parfum-dame","7":"product_cat-kampagne","8":"product_cat-kampagnetilbud-til-hende","9":"pa_brand-dior","10":"berocket_brand-dior","12":"first","13":"outofstock","14":"sale","15":"taxable","16":"shipping-taxable","17":"purchasable","18":"product-type-simple"},"_links":{"self":[{"href":"https:\/\/stylingagenten.com\/da\/wp-json\/wp\/v2\/product\/135935","targetHints":{"allow":["GET"]}}],"collection":[{"href":"https:\/\/stylingagenten.com\/da\/wp-json\/wp\/v2\/product"}],"about":[{"href":"https:\/\/stylingagenten.com\/da\/wp-json\/wp\/v2\/types\/product"}],"replies":[{"embeddable":true,"href":"https:\/\/stylingagenten.com\/da\/wp-json\/wp\/v2\/comments?post=135935"}],"version-history":[{"count":0,"href":"https:\/\/stylingagenten.com\/da\/wp-json\/wp\/v2\/product\/135935\/revisions"}],"wp:featuredmedia":[{"embeddable":true,"href":"https:\/\/stylingagenten.com\/da\/wp-json\/wp\/v2\/media\/135933"}],"wp:attachment":[{"href":"https:\/\/stylingagenten.com\/da\/wp-json\/wp\/v2\/media?parent=135935"}],"wp:term":[{"taxonomy":"product_brand","embeddable":true,"href":"https:\/\/stylingagenten.com\/da\/wp-json\/wp\/v2\/product_brand?post=135935"},{"taxonomy":"product_cat","embeddable":true,"href":"https:\/\/stylingagenten.com\/da\/wp-json\/wp\/v2\/product_cat?post=135935"},{"taxonomy":"product_tag","embeddable":true,"href":"https:\/\/stylingagenten.com\/da\/wp-json\/wp\/v2\/product_tag?post=135935"},{"taxonomy":"berocket_brand","embeddable":true,"href":"https:\/\/stylingagenten.com\/da\/wp-json\/wp\/v2\/berocket_brand?post=135935"}],"curies":[{"name":"wp","href":"https:\/\/api.w.org\/{rel}","templated":true}]}}