{"id":135834,"date":"2025-05-18T22:41:57","date_gmt":"2025-05-18T22:41:57","guid":{"rendered":"https:\/\/staging2.stylingagenten.com\/da\/produkt\/ariana-grande-r-e-m-edp-100ml\/"},"modified":"2025-12-05T23:51:44","modified_gmt":"2025-12-05T23:51:44","slug":"ariana-grande-r-e-m-edp-100ml","status":"publish","type":"product","link":"https:\/\/stylingagenten.com\/da\/produkt\/ariana-grande-r-e-m-edp-100ml\/","title":{"rendered":"Ariana Grande R.E.M Edp 100ml"},"content":{"rendered":"<p>R.E.M af Ariana Grande er en krydret og s\u00f8d duft til kvinder. Parfumen blev introduceret i 2020 og \u00f8nsker at inspirere piger og unge kvinder til at udvide gr\u00e6nserne for deres univers. En intergalaktisk dr\u00f8m, der inspirerer til styrke og femininitet!<\/p>\n<p>Topnoter: Zephyr, karamel, figen, salt og kv\u00e6de<\/p>\n<p>Hjertenoter: Lavendel og p\u00e6reblomst<\/p>\n<p>Base noter: Tonkab\u00f8nner, moskus og sandeltr\u00e6.<\/p>\n","protected":false},"excerpt":{"rendered":"<p>R.E.M af Ariana Grande er en krydret og s\u00f8d duft til kvinder. Parfumen blev introduceret i 2020 og \u00f8nsker at inspirere piger og unge kvinder til at udvide gr\u00e6nserne for deres univers. En intergalaktisk dr\u00f8m, der inspirerer til styrke og femininitet! Topnoter: Zephyr, karamel, figen, salt og kv\u00e6de Hjertenoter: Lavendel og p\u00e6reblomst Base noter: Tonkab\u00f8nner, [&hellip;]<\/p>\n","protected":false},"featured_media":135826,"comment_status":"open","ping_status":"closed","template":"","meta":{"_trash_the_other_posts":false},"product_brand":[],"product_cat":[994,1003,706,1006],"product_tag":[2427],"berocket_brand":[1201],"class_list":{"0":"post-135834","1":"product","2":"type-product","3":"status-publish","4":"has-post-thumbnail","6":"product_cat-ariana-grande-r-e-m","7":"product_cat-bestsellere","8":"product_cat-eau-de-parfum-dame","9":"product_cat-kampagnepris","10":"product_tag-ariana-grande-r-e-m-edp","11":"pa_brand-ariana-grande","12":"pa_variant-100ml","13":"berocket_brand-ariana-grande","15":"first","16":"outofstock","17":"taxable","18":"shipping-taxable","19":"purchasable","20":"product-type-simple"},"_links":{"self":[{"href":"https:\/\/stylingagenten.com\/da\/wp-json\/wp\/v2\/product\/135834","targetHints":{"allow":["GET"]}}],"collection":[{"href":"https:\/\/stylingagenten.com\/da\/wp-json\/wp\/v2\/product"}],"about":[{"href":"https:\/\/stylingagenten.com\/da\/wp-json\/wp\/v2\/types\/product"}],"replies":[{"embeddable":true,"href":"https:\/\/stylingagenten.com\/da\/wp-json\/wp\/v2\/comments?post=135834"}],"version-history":[{"count":0,"href":"https:\/\/stylingagenten.com\/da\/wp-json\/wp\/v2\/product\/135834\/revisions"}],"wp:featuredmedia":[{"embeddable":true,"href":"https:\/\/stylingagenten.com\/da\/wp-json\/wp\/v2\/media\/135826"}],"wp:attachment":[{"href":"https:\/\/stylingagenten.com\/da\/wp-json\/wp\/v2\/media?parent=135834"}],"wp:term":[{"taxonomy":"product_brand","embeddable":true,"href":"https:\/\/stylingagenten.com\/da\/wp-json\/wp\/v2\/product_brand?post=135834"},{"taxonomy":"product_cat","embeddable":true,"href":"https:\/\/stylingagenten.com\/da\/wp-json\/wp\/v2\/product_cat?post=135834"},{"taxonomy":"product_tag","embeddable":true,"href":"https:\/\/stylingagenten.com\/da\/wp-json\/wp\/v2\/product_tag?post=135834"},{"taxonomy":"berocket_brand","embeddable":true,"href":"https:\/\/stylingagenten.com\/da\/wp-json\/wp\/v2\/berocket_brand?post=135834"}],"curies":[{"name":"wp","href":"https:\/\/api.w.org\/{rel}","templated":true}]}}