{"id":135796,"date":"2025-05-18T22:41:50","date_gmt":"2025-05-18T22:41:50","guid":{"rendered":"https:\/\/staging2.stylingagenten.com\/da\/produkt\/jessica-simpson-fancy-edp-100ml\/"},"modified":"2026-04-14T13:28:32","modified_gmt":"2026-04-14T13:28:32","slug":"jessica-simpson-fancy-edp-100ml","status":"publish","type":"product","link":"https:\/\/stylingagenten.com\/da\/produkt\/jessica-simpson-fancy-edp-100ml\/","title":{"rendered":"Jessica Simpson Fancy Edp 100ml"},"content":{"rendered":"<p>Jessica Simpson Fancy Edp &auml;er en ung og flirtende duft rettet mod den optimistiske, selvsikre og energiske kvinde.<\/p>\n<p><strong>Duftnoter:&nbsp;<\/strong>p&auml; r\u00f8n, ferskenkogler, gardenia, jasmin, br\u00e6ndte mandler, karamel, sandeltr\u00e6, vaniljecreme &amp; rav.<\/p>\n","protected":false},"excerpt":{"rendered":"<p>Jessica Simpson Fancy Edp &auml;er en ung og flirtende duft rettet mod den optimistiske, selvsikre og energiske kvinde. Duftnoter:&nbsp;p&auml; r\u00f8n, ferskenkogler, gardenia, jasmin, br\u00e6ndte mandler, karamel, sandeltr\u00e6, vaniljecreme &amp; rav.<\/p>\n","protected":false},"featured_media":135795,"comment_status":"open","ping_status":"closed","template":"","meta":{"_trash_the_other_posts":false},"product_brand":[],"product_cat":[706,910],"product_tag":[],"berocket_brand":[1355],"class_list":{"0":"post-135796","1":"product","2":"type-product","3":"status-publish","4":"has-post-thumbnail","6":"product_cat-eau-de-parfum-dame","7":"product_cat-jessica-simpson-fancy","8":"pa_brand-jessica-simpson","9":"berocket_brand-jessica-simpson","11":"first","12":"instock","13":"sale","14":"taxable","15":"shipping-taxable","16":"purchasable","17":"product-type-simple"},"_links":{"self":[{"href":"https:\/\/stylingagenten.com\/da\/wp-json\/wp\/v2\/product\/135796","targetHints":{"allow":["GET"]}}],"collection":[{"href":"https:\/\/stylingagenten.com\/da\/wp-json\/wp\/v2\/product"}],"about":[{"href":"https:\/\/stylingagenten.com\/da\/wp-json\/wp\/v2\/types\/product"}],"replies":[{"embeddable":true,"href":"https:\/\/stylingagenten.com\/da\/wp-json\/wp\/v2\/comments?post=135796"}],"version-history":[{"count":0,"href":"https:\/\/stylingagenten.com\/da\/wp-json\/wp\/v2\/product\/135796\/revisions"}],"wp:featuredmedia":[{"embeddable":true,"href":"https:\/\/stylingagenten.com\/da\/wp-json\/wp\/v2\/media\/135795"}],"wp:attachment":[{"href":"https:\/\/stylingagenten.com\/da\/wp-json\/wp\/v2\/media?parent=135796"}],"wp:term":[{"taxonomy":"product_brand","embeddable":true,"href":"https:\/\/stylingagenten.com\/da\/wp-json\/wp\/v2\/product_brand?post=135796"},{"taxonomy":"product_cat","embeddable":true,"href":"https:\/\/stylingagenten.com\/da\/wp-json\/wp\/v2\/product_cat?post=135796"},{"taxonomy":"product_tag","embeddable":true,"href":"https:\/\/stylingagenten.com\/da\/wp-json\/wp\/v2\/product_tag?post=135796"},{"taxonomy":"berocket_brand","embeddable":true,"href":"https:\/\/stylingagenten.com\/da\/wp-json\/wp\/v2\/berocket_brand?post=135796"}],"curies":[{"name":"wp","href":"https:\/\/api.w.org\/{rel}","templated":true}]}}