{"id":135723,"date":"2025-05-18T22:41:39","date_gmt":"2025-05-18T22:41:39","guid":{"rendered":"https:\/\/staging2.stylingagenten.com\/da\/produkt\/jean-paul-gaultier-classique-airlines-edp-50ml\/"},"modified":"2025-11-19T11:45:00","modified_gmt":"2025-11-19T11:45:00","slug":"jean-paul-gaultier-classique-airlines-edp-50ml","status":"publish","type":"product","link":"https:\/\/stylingagenten.com\/da\/produkt\/jean-paul-gaultier-classique-airlines-edp-50ml\/","title":{"rendered":"Jean Paul Gaultier Classique Airlines Edp 50ml"},"content":{"rendered":"<p><strong>Classique Eau de Parfum Airlines<\/strong> af Jean Paul Gaultier er en blomsterduft til kvinder.<\/p>\n<p>Topnoter: Rose og rom<\/p>\n<p>Hjerte Topnoter: Narcissus og vaniljeorkid\u00e9<\/p>\n<p>Basenoter: Ambra, tonkab\u00f8nner, vanilje og sandeltr\u00e6.<\/p>\n","protected":false},"excerpt":{"rendered":"<p>Classique Eau de Parfum Airlines af Jean Paul Gaultier er en blomsterduft til kvinder. Topnoter: Rose og rom Hjerte Topnoter: Narcissus og vaniljeorkid\u00e9 Basenoter: Ambra, tonkab\u00f8nner, vanilje og sandeltr\u00e6.<\/p>\n","protected":false},"featured_media":135721,"comment_status":"open","ping_status":"closed","template":"","meta":{"_trash_the_other_posts":false},"product_brand":[],"product_cat":[706],"product_tag":[],"berocket_brand":[1353],"class_list":{"0":"post-135723","1":"product","2":"type-product","3":"status-publish","4":"has-post-thumbnail","6":"product_cat-eau-de-parfum-dame","7":"pa_brand-jean-paul-gaultier","8":"berocket_brand-jean-paul-gaultier","10":"first","11":"outofstock","12":"sale","13":"taxable","14":"shipping-taxable","15":"purchasable","16":"product-type-simple"},"_links":{"self":[{"href":"https:\/\/stylingagenten.com\/da\/wp-json\/wp\/v2\/product\/135723","targetHints":{"allow":["GET"]}}],"collection":[{"href":"https:\/\/stylingagenten.com\/da\/wp-json\/wp\/v2\/product"}],"about":[{"href":"https:\/\/stylingagenten.com\/da\/wp-json\/wp\/v2\/types\/product"}],"replies":[{"embeddable":true,"href":"https:\/\/stylingagenten.com\/da\/wp-json\/wp\/v2\/comments?post=135723"}],"version-history":[{"count":0,"href":"https:\/\/stylingagenten.com\/da\/wp-json\/wp\/v2\/product\/135723\/revisions"}],"wp:featuredmedia":[{"embeddable":true,"href":"https:\/\/stylingagenten.com\/da\/wp-json\/wp\/v2\/media\/135721"}],"wp:attachment":[{"href":"https:\/\/stylingagenten.com\/da\/wp-json\/wp\/v2\/media?parent=135723"}],"wp:term":[{"taxonomy":"product_brand","embeddable":true,"href":"https:\/\/stylingagenten.com\/da\/wp-json\/wp\/v2\/product_brand?post=135723"},{"taxonomy":"product_cat","embeddable":true,"href":"https:\/\/stylingagenten.com\/da\/wp-json\/wp\/v2\/product_cat?post=135723"},{"taxonomy":"product_tag","embeddable":true,"href":"https:\/\/stylingagenten.com\/da\/wp-json\/wp\/v2\/product_tag?post=135723"},{"taxonomy":"berocket_brand","embeddable":true,"href":"https:\/\/stylingagenten.com\/da\/wp-json\/wp\/v2\/berocket_brand?post=135723"}],"curies":[{"name":"wp","href":"https:\/\/api.w.org\/{rel}","templated":true}]}}