{"id":135712,"date":"2025-05-18T22:41:37","date_gmt":"2025-05-18T22:41:37","guid":{"rendered":"https:\/\/staging2.stylingagenten.com\/da\/produkt\/elizabeth-arden-green-tea-sakura-blossom-edt-100ml\/"},"modified":"2026-04-09T14:49:03","modified_gmt":"2026-04-09T14:49:03","slug":"elizabeth-arden-green-tea-sakura-blossom-edt-100ml","status":"publish","type":"product","link":"https:\/\/stylingagenten.com\/da\/produkt\/elizabeth-arden-green-tea-sakura-blossom-edt-100ml\/","title":{"rendered":"Elizabeth Arden Green Tea Sakura Blossom Edt 100ml"},"content":{"rendered":"<p><strong>Green Tea Sakura Blossom Edt<\/strong> af Elizabeth Arden er skabt med inspiration fra Sakura-tr\u00e6et. Et tr\u00e6, hvis dejlige blomster og duft kun kan opleves i en begr\u00e6nset periode p\u00e5; V\u00e6r der den blomstrer.<\/p>\n<p>Topnoter: S\u00f8d mandel, mandarin, bergamotolie, violblad<br \/>Mellemnoter: Sakura-tr\u00e6blomst, gr\u00f8n te-akkord, jasmin sambac, hvid p\u00e6on<br \/>Basenoter: Ambrette fr&amp;ouml ;, moskus, hvid birkeakkord<\/p>\n","protected":false},"excerpt":{"rendered":"<p>Green Tea Sakura Blossom Edt af Elizabeth Arden er skabt med inspiration fra Sakura-tr\u00e6et. Et tr\u00e6, hvis dejlige blomster og duft kun kan opleves i en begr\u00e6nset periode p\u00e5; V\u00e6r der den blomstrer. Topnoter: S\u00f8d mandel, mandarin, bergamotolie, violbladMellemnoter: Sakura-tr\u00e6blomst, gr\u00f8n te-akkord, jasmin sambac, hvid p\u00e6onBasenoter: Ambrette fr&amp;ouml ;, moskus, hvid birkeakkord<\/p>\n","protected":false},"featured_media":135710,"comment_status":"open","ping_status":"closed","template":"","meta":{"_trash_the_other_posts":false},"product_brand":[],"product_cat":[1003,707,759,735,1006,999],"product_tag":[],"berocket_brand":[1303],"class_list":{"0":"post-135712","1":"product","2":"type-product","3":"status-publish","4":"has-post-thumbnail","6":"product_cat-bestsellere","7":"product_cat-eau-de-toilette-dame","8":"product_cat-elizabeth-arden-green-tea","9":"product_cat-kampagne","10":"product_cat-kampagnepris","11":"product_cat-kampagnetilbud-til-hende","12":"pa_brand-elizabeth-arden","13":"berocket_brand-elizabeth-arden","15":"first","16":"instock","17":"sale","18":"taxable","19":"shipping-taxable","20":"purchasable","21":"product-type-simple"},"_links":{"self":[{"href":"https:\/\/stylingagenten.com\/da\/wp-json\/wp\/v2\/product\/135712","targetHints":{"allow":["GET"]}}],"collection":[{"href":"https:\/\/stylingagenten.com\/da\/wp-json\/wp\/v2\/product"}],"about":[{"href":"https:\/\/stylingagenten.com\/da\/wp-json\/wp\/v2\/types\/product"}],"replies":[{"embeddable":true,"href":"https:\/\/stylingagenten.com\/da\/wp-json\/wp\/v2\/comments?post=135712"}],"version-history":[{"count":0,"href":"https:\/\/stylingagenten.com\/da\/wp-json\/wp\/v2\/product\/135712\/revisions"}],"wp:featuredmedia":[{"embeddable":true,"href":"https:\/\/stylingagenten.com\/da\/wp-json\/wp\/v2\/media\/135710"}],"wp:attachment":[{"href":"https:\/\/stylingagenten.com\/da\/wp-json\/wp\/v2\/media?parent=135712"}],"wp:term":[{"taxonomy":"product_brand","embeddable":true,"href":"https:\/\/stylingagenten.com\/da\/wp-json\/wp\/v2\/product_brand?post=135712"},{"taxonomy":"product_cat","embeddable":true,"href":"https:\/\/stylingagenten.com\/da\/wp-json\/wp\/v2\/product_cat?post=135712"},{"taxonomy":"product_tag","embeddable":true,"href":"https:\/\/stylingagenten.com\/da\/wp-json\/wp\/v2\/product_tag?post=135712"},{"taxonomy":"berocket_brand","embeddable":true,"href":"https:\/\/stylingagenten.com\/da\/wp-json\/wp\/v2\/berocket_brand?post=135712"}],"curies":[{"name":"wp","href":"https:\/\/api.w.org\/{rel}","templated":true}]}}