{"id":135688,"date":"2025-05-18T22:41:33","date_gmt":"2025-05-18T22:41:33","guid":{"rendered":"https:\/\/staging2.stylingagenten.com\/da\/produkt\/oscar-de-la-renta-bella-blanca-edp-100ml\/"},"modified":"2026-04-02T09:38:41","modified_gmt":"2026-04-02T09:38:41","slug":"oscar-de-la-renta-bella-blanca-edp-100ml","status":"publish","type":"product","link":"https:\/\/stylingagenten.com\/da\/produkt\/oscar-de-la-renta-bella-blanca-edp-100ml\/","title":{"rendered":"Oscar de la Renta Bella Blanca Edp 100ml"},"content":{"rendered":"<p><strong>Bella Blanca<\/strong> af Oscar de la Renta repr\u00e6senterer den naturlige elegance og rene ynde af hvide blomster med tr\u00e6agtige og muskul\u00f8se undertoner.<\/p>\n<p>Topnoter: P&auml; r\u00f8n, liljekonge dal og gr\u00f8nne blade<\/p>\n<p>Hjertenoter: jasmin, tuberose, appelsinblomst og rose<\/p>\n<p>Basenoter: moskus, sandeltr\u00e6; og hvid iris.<\/p>\n","protected":false},"excerpt":{"rendered":"<p>Bella Blanca af Oscar de la Renta repr\u00e6senterer den naturlige elegance og rene ynde af hvide blomster med tr\u00e6agtige og muskul\u00f8se undertoner. Topnoter: P&auml; r\u00f8n, liljekonge dal og gr\u00f8nne blade Hjertenoter: jasmin, tuberose, appelsinblomst og rose Basenoter: moskus, sandeltr\u00e6; og hvid iris.<\/p>\n","protected":false},"featured_media":135684,"comment_status":"open","ping_status":"closed","template":"","meta":{"_trash_the_other_posts":false},"product_brand":[],"product_cat":[706,968],"product_tag":[],"berocket_brand":[1047],"class_list":{"0":"post-135688","1":"product","2":"type-product","3":"status-publish","4":"has-post-thumbnail","6":"product_cat-eau-de-parfum-dame","7":"product_cat-oscar-de-la-renta-bella-blanca","8":"pa_brand-oscar-de-la-renta","9":"berocket_brand-oscar-de-la-renta","11":"first","12":"instock","13":"sale","14":"taxable","15":"shipping-taxable","16":"purchasable","17":"product-type-simple"},"_links":{"self":[{"href":"https:\/\/stylingagenten.com\/da\/wp-json\/wp\/v2\/product\/135688","targetHints":{"allow":["GET"]}}],"collection":[{"href":"https:\/\/stylingagenten.com\/da\/wp-json\/wp\/v2\/product"}],"about":[{"href":"https:\/\/stylingagenten.com\/da\/wp-json\/wp\/v2\/types\/product"}],"replies":[{"embeddable":true,"href":"https:\/\/stylingagenten.com\/da\/wp-json\/wp\/v2\/comments?post=135688"}],"version-history":[{"count":0,"href":"https:\/\/stylingagenten.com\/da\/wp-json\/wp\/v2\/product\/135688\/revisions"}],"wp:featuredmedia":[{"embeddable":true,"href":"https:\/\/stylingagenten.com\/da\/wp-json\/wp\/v2\/media\/135684"}],"wp:attachment":[{"href":"https:\/\/stylingagenten.com\/da\/wp-json\/wp\/v2\/media?parent=135688"}],"wp:term":[{"taxonomy":"product_brand","embeddable":true,"href":"https:\/\/stylingagenten.com\/da\/wp-json\/wp\/v2\/product_brand?post=135688"},{"taxonomy":"product_cat","embeddable":true,"href":"https:\/\/stylingagenten.com\/da\/wp-json\/wp\/v2\/product_cat?post=135688"},{"taxonomy":"product_tag","embeddable":true,"href":"https:\/\/stylingagenten.com\/da\/wp-json\/wp\/v2\/product_tag?post=135688"},{"taxonomy":"berocket_brand","embeddable":true,"href":"https:\/\/stylingagenten.com\/da\/wp-json\/wp\/v2\/berocket_brand?post=135688"}],"curies":[{"name":"wp","href":"https:\/\/api.w.org\/{rel}","templated":true}]}}