{"id":135648,"date":"2025-05-18T22:41:25","date_gmt":"2025-05-18T22:41:25","guid":{"rendered":"https:\/\/staging2.stylingagenten.com\/da\/produkt\/issey-miyake-leau-dissey-edt-100ml\/"},"modified":"2026-03-27T15:18:48","modified_gmt":"2026-03-27T15:18:48","slug":"issey-miyake-leau-dissey-edt-100ml","status":"publish","type":"product","link":"https:\/\/stylingagenten.com\/da\/produkt\/issey-miyake-leau-dissey-edt-100ml\/","title":{"rendered":"Issey Miyake L&#8217;Eau d&#8217;Issey Edt 100ml"},"content":{"rendered":"<p>Issey Miyake L\u00c2\u00b4Eau d\u00c2\u00b4issey er en ren og frisk duft. En perfekt duft til dem, der \u00f8nsker en sensuel og frisk parfume<\/p>\n<p><strong>Duftnoter: <\/strong>S\u00f8d honning, rose, fresia, lotus, melon, moskus, natcyan, nellike, p\u00e6on, skov , p\u00e6on, liljekonval og rav.<\/p>\n","protected":false},"excerpt":{"rendered":"<p>Issey Miyake L\u00c2\u00b4Eau d\u00c2\u00b4issey er en ren og frisk duft. En perfekt duft til dem, der \u00f8nsker en sensuel og frisk parfume Duftnoter: S\u00f8d honning, rose, fresia, lotus, melon, moskus, natcyan, nellike, p\u00e6on, skov , p\u00e6on, liljekonval og rav.<\/p>\n","protected":false},"featured_media":135646,"comment_status":"open","ping_status":"closed","template":"","meta":{"_trash_the_other_posts":false},"product_brand":[],"product_cat":[707,898,735,999],"product_tag":[3021],"berocket_brand":[1348],"class_list":{"0":"post-135648","1":"product","2":"type-product","3":"status-publish","4":"has-post-thumbnail","6":"product_cat-eau-de-toilette-dame","7":"product_cat-issey-miyake-leau-dissey","8":"product_cat-kampagne","9":"product_cat-kampagnetilbud-til-hende","10":"product_tag-issey-miyake-leau-dissey-edt","11":"pa_brand-issey-miyake","12":"pa_variant-100ml","13":"berocket_brand-issey-miyake","15":"first","16":"outofstock","17":"sale","18":"taxable","19":"shipping-taxable","20":"purchasable","21":"product-type-simple"},"_links":{"self":[{"href":"https:\/\/stylingagenten.com\/da\/wp-json\/wp\/v2\/product\/135648","targetHints":{"allow":["GET"]}}],"collection":[{"href":"https:\/\/stylingagenten.com\/da\/wp-json\/wp\/v2\/product"}],"about":[{"href":"https:\/\/stylingagenten.com\/da\/wp-json\/wp\/v2\/types\/product"}],"replies":[{"embeddable":true,"href":"https:\/\/stylingagenten.com\/da\/wp-json\/wp\/v2\/comments?post=135648"}],"version-history":[{"count":0,"href":"https:\/\/stylingagenten.com\/da\/wp-json\/wp\/v2\/product\/135648\/revisions"}],"wp:featuredmedia":[{"embeddable":true,"href":"https:\/\/stylingagenten.com\/da\/wp-json\/wp\/v2\/media\/135646"}],"wp:attachment":[{"href":"https:\/\/stylingagenten.com\/da\/wp-json\/wp\/v2\/media?parent=135648"}],"wp:term":[{"taxonomy":"product_brand","embeddable":true,"href":"https:\/\/stylingagenten.com\/da\/wp-json\/wp\/v2\/product_brand?post=135648"},{"taxonomy":"product_cat","embeddable":true,"href":"https:\/\/stylingagenten.com\/da\/wp-json\/wp\/v2\/product_cat?post=135648"},{"taxonomy":"product_tag","embeddable":true,"href":"https:\/\/stylingagenten.com\/da\/wp-json\/wp\/v2\/product_tag?post=135648"},{"taxonomy":"berocket_brand","embeddable":true,"href":"https:\/\/stylingagenten.com\/da\/wp-json\/wp\/v2\/berocket_brand?post=135648"}],"curies":[{"name":"wp","href":"https:\/\/api.w.org\/{rel}","templated":true}]}}