{"id":135638,"date":"2025-05-18T22:41:24","date_gmt":"2025-05-18T22:41:24","guid":{"rendered":"https:\/\/staging2.stylingagenten.com\/da\/produkt\/calvin-klein-ck-everyone-edt-50ml\/"},"modified":"2026-03-26T18:23:58","modified_gmt":"2026-03-26T18:23:58","slug":"calvin-klein-ck-everyone-edt-50ml","status":"publish","type":"product","link":"https:\/\/stylingagenten.com\/da\/produkt\/calvin-klein-ck-everyone-edt-50ml\/","title":{"rendered":"Calvin Klein CK Everyone Edt 50ml"},"content":{"rendered":"<p>CK EVERYONE er en ren, frisk citrusduft for alle. Calvin Kleins f\u00f8rste rene duft er vegansk og lavet med naturlig afledt alkohol og med ingredienser af naturlig oprindelse. Duften \u00e5bner med en top af \u00f8kologiske appelsiner, der m\u00f8der en bl\u00e5 te-akkord og en muskusagtig base af cedertr\u00e6, som tilsammen skaber en kompleks og opl\u00f8ftende duft. CK EVERYONE tilpasser sig brugerens hud og skaber en personlig duftsignatur.<\/p>\n<p>Duftnoter: \u00f8kologisk appelsin, bl\u00e5 te-akkord, cedertr\u00e6<\/p>\n","protected":false},"excerpt":{"rendered":"<p>CK EVERYONE er en ren, frisk citrusduft for alle. Calvin Kleins f\u00f8rste rene duft er vegansk og lavet med naturlig afledt alkohol og med ingredienser af naturlig oprindelse. Duften \u00e5bner med en top af \u00f8kologiske appelsiner, der m\u00f8der en bl\u00e5 te-akkord og en muskusagtig base af cedertr\u00e6, som tilsammen skaber en kompleks og opl\u00f8ftende duft. [&hellip;]<\/p>\n","protected":false},"featured_media":135630,"comment_status":"open","ping_status":"closed","template":"","meta":{"_trash_the_other_posts":false},"product_brand":[],"product_cat":[709,707,735,999],"product_tag":[2634],"berocket_brand":[1014],"class_list":{"0":"post-135638","1":"product","2":"type-product","3":"status-publish","4":"has-post-thumbnail","6":"product_cat-eau-de-toilette-mr","7":"product_cat-eau-de-toilette-dame","8":"product_cat-kampagne","9":"product_cat-kampagnetilbud-til-hende","10":"product_tag-calvin-klein-ck-everyone-edt","11":"pa_brand-calvin-klein","12":"pa_variant-50ml","13":"berocket_brand-calvin-klein","15":"first","16":"instock","17":"sale","18":"taxable","19":"shipping-taxable","20":"purchasable","21":"product-type-simple"},"_links":{"self":[{"href":"https:\/\/stylingagenten.com\/da\/wp-json\/wp\/v2\/product\/135638","targetHints":{"allow":["GET"]}}],"collection":[{"href":"https:\/\/stylingagenten.com\/da\/wp-json\/wp\/v2\/product"}],"about":[{"href":"https:\/\/stylingagenten.com\/da\/wp-json\/wp\/v2\/types\/product"}],"replies":[{"embeddable":true,"href":"https:\/\/stylingagenten.com\/da\/wp-json\/wp\/v2\/comments?post=135638"}],"version-history":[{"count":0,"href":"https:\/\/stylingagenten.com\/da\/wp-json\/wp\/v2\/product\/135638\/revisions"}],"wp:featuredmedia":[{"embeddable":true,"href":"https:\/\/stylingagenten.com\/da\/wp-json\/wp\/v2\/media\/135630"}],"wp:attachment":[{"href":"https:\/\/stylingagenten.com\/da\/wp-json\/wp\/v2\/media?parent=135638"}],"wp:term":[{"taxonomy":"product_brand","embeddable":true,"href":"https:\/\/stylingagenten.com\/da\/wp-json\/wp\/v2\/product_brand?post=135638"},{"taxonomy":"product_cat","embeddable":true,"href":"https:\/\/stylingagenten.com\/da\/wp-json\/wp\/v2\/product_cat?post=135638"},{"taxonomy":"product_tag","embeddable":true,"href":"https:\/\/stylingagenten.com\/da\/wp-json\/wp\/v2\/product_tag?post=135638"},{"taxonomy":"berocket_brand","embeddable":true,"href":"https:\/\/stylingagenten.com\/da\/wp-json\/wp\/v2\/berocket_brand?post=135638"}],"curies":[{"name":"wp","href":"https:\/\/api.w.org\/{rel}","templated":true}]}}