{"id":135323,"date":"2025-05-18T22:40:30","date_gmt":"2025-05-18T22:40:30","guid":{"rendered":"https:\/\/staging2.stylingagenten.com\/da\/produkt\/marc-jacobs-daisy-love-eau-so-sweet-edt-20ml\/"},"modified":"2025-11-19T11:53:56","modified_gmt":"2025-11-19T11:53:56","slug":"marc-jacobs-daisy-love-eau-so-sweet-edt-20ml","status":"publish","type":"product","link":"https:\/\/stylingagenten.com\/da\/produkt\/marc-jacobs-daisy-love-eau-so-sweet-edt-20ml\/","title":{"rendered":"Marc Jacobs Daisy Love Eau So Sweet Edt 20ml"},"content":{"rendered":"<p>Med en perfekt s\u00f8dme og uventet friskhed fanger Marc Jacobs Daisy Love Eau So Sweet den vanedannende og uimodst\u00e5elige \u00e5nd fra Daisy Love.<br \/>Mousserende hvide hindb\u00e6r afsl\u00f8rer en personlighed med glans og en bl\u00f8d blomsteragtig luftighed med delikat moskus.<br \/>Denne friske gourmand duft skaber en dragende atmosf\u00e6re, der virkelig omfavner dens navn.<br \/>Topnoter: frugtig top med hvide hindb\u00e6r<br \/>Hjertenoter: Blomsterhjerte med tusindfryd<br \/>Basenoter: Feminin base af sukkerholdig moskus<\/p>\n","protected":false},"excerpt":{"rendered":"<p>Med en perfekt s\u00f8dme og uventet friskhed fanger Marc Jacobs Daisy Love Eau So Sweet den vanedannende og uimodst\u00e5elige \u00e5nd fra Daisy Love.Mousserende hvide hindb\u00e6r afsl\u00f8rer en personlighed med glans og en bl\u00f8d blomsteragtig luftighed med delikat moskus.Denne friske gourmand duft skaber en dragende atmosf\u00e6re, der virkelig omfavner dens navn.Topnoter: frugtig top med hvide hindb\u00e6rHjertenoter: [&hellip;]<\/p>\n","protected":false},"featured_media":135319,"comment_status":"open","ping_status":"closed","template":"","meta":{"_trash_the_other_posts":false},"product_brand":[],"product_cat":[707,959],"product_tag":[3384],"berocket_brand":[1069],"class_list":{"0":"post-135323","1":"product","2":"type-product","3":"status-publish","4":"has-post-thumbnail","6":"product_cat-eau-de-toilette-dame","7":"product_cat-marc-jacobs-daisy","8":"product_tag-marc-jacobs-daisy-love-eau-so-sweet-edt","9":"pa_brand-marc-jacobs","10":"pa_variant-20ml","11":"berocket_brand-marc-jacobs","13":"first","14":"outofstock","15":"sale","16":"taxable","17":"shipping-taxable","18":"purchasable","19":"product-type-simple"},"_links":{"self":[{"href":"https:\/\/stylingagenten.com\/da\/wp-json\/wp\/v2\/product\/135323","targetHints":{"allow":["GET"]}}],"collection":[{"href":"https:\/\/stylingagenten.com\/da\/wp-json\/wp\/v2\/product"}],"about":[{"href":"https:\/\/stylingagenten.com\/da\/wp-json\/wp\/v2\/types\/product"}],"replies":[{"embeddable":true,"href":"https:\/\/stylingagenten.com\/da\/wp-json\/wp\/v2\/comments?post=135323"}],"version-history":[{"count":0,"href":"https:\/\/stylingagenten.com\/da\/wp-json\/wp\/v2\/product\/135323\/revisions"}],"wp:featuredmedia":[{"embeddable":true,"href":"https:\/\/stylingagenten.com\/da\/wp-json\/wp\/v2\/media\/135319"}],"wp:attachment":[{"href":"https:\/\/stylingagenten.com\/da\/wp-json\/wp\/v2\/media?parent=135323"}],"wp:term":[{"taxonomy":"product_brand","embeddable":true,"href":"https:\/\/stylingagenten.com\/da\/wp-json\/wp\/v2\/product_brand?post=135323"},{"taxonomy":"product_cat","embeddable":true,"href":"https:\/\/stylingagenten.com\/da\/wp-json\/wp\/v2\/product_cat?post=135323"},{"taxonomy":"product_tag","embeddable":true,"href":"https:\/\/stylingagenten.com\/da\/wp-json\/wp\/v2\/product_tag?post=135323"},{"taxonomy":"berocket_brand","embeddable":true,"href":"https:\/\/stylingagenten.com\/da\/wp-json\/wp\/v2\/berocket_brand?post=135323"}],"curies":[{"name":"wp","href":"https:\/\/api.w.org\/{rel}","templated":true}]}}