{"id":135311,"date":"2025-05-18T22:40:28","date_gmt":"2025-05-18T22:40:28","guid":{"rendered":"https:\/\/staging2.stylingagenten.com\/da\/produkt\/lolita-lempicka-sweet-edp-100ml\/"},"modified":"2026-03-30T07:31:21","modified_gmt":"2026-03-30T07:31:21","slug":"lolita-lempicka-sweet-edp-100ml","status":"publish","type":"product","link":"https:\/\/stylingagenten.com\/da\/produkt\/lolita-lempicka-sweet-edp-100ml\/","title":{"rendered":"Lolita Lempicka Sweet Edp 100ml"},"content":{"rendered":"<p>Lolita Lempicka Sweet Edp er en l\u00e6kker og flirtende duft til kvinder, der symboliserer femininitet og forbudt frugt.<br \/>Topnoter: kirseb\u00e6r, kandiseret \u00e6ble<br \/>Hjertenoter: absolut kakao, khan, iris<br \/>Basenoter: moskus, kashmir tr\u00e6<\/p>\n","protected":false},"excerpt":{"rendered":"<p>Lolita Lempicka Sweet Edp er en l\u00e6kker og flirtende duft til kvinder, der symboliserer femininitet og forbudt frugt.Topnoter: kirseb\u00e6r, kandiseret \u00e6bleHjertenoter: absolut kakao, khan, irisBasenoter: moskus, kashmir tr\u00e6<\/p>\n","protected":false},"featured_media":135310,"comment_status":"open","ping_status":"closed","template":"","meta":{"_trash_the_other_posts":false},"product_brand":[],"product_cat":[706,735,999],"product_tag":[3229],"berocket_brand":[1177],"class_list":{"0":"post-135311","1":"product","2":"type-product","3":"status-publish","4":"has-post-thumbnail","6":"product_cat-eau-de-parfum-dame","7":"product_cat-kampagne","8":"product_cat-kampagnetilbud-til-hende","9":"product_tag-lolita-lempicka-sweet-edp","10":"pa_brand-lolita-lempicka","11":"pa_variant-100ml","12":"berocket_brand-lolita-lempicka","14":"first","15":"instock","16":"sale","17":"taxable","18":"shipping-taxable","19":"purchasable","20":"product-type-simple"},"_links":{"self":[{"href":"https:\/\/stylingagenten.com\/da\/wp-json\/wp\/v2\/product\/135311","targetHints":{"allow":["GET"]}}],"collection":[{"href":"https:\/\/stylingagenten.com\/da\/wp-json\/wp\/v2\/product"}],"about":[{"href":"https:\/\/stylingagenten.com\/da\/wp-json\/wp\/v2\/types\/product"}],"replies":[{"embeddable":true,"href":"https:\/\/stylingagenten.com\/da\/wp-json\/wp\/v2\/comments?post=135311"}],"version-history":[{"count":0,"href":"https:\/\/stylingagenten.com\/da\/wp-json\/wp\/v2\/product\/135311\/revisions"}],"wp:featuredmedia":[{"embeddable":true,"href":"https:\/\/stylingagenten.com\/da\/wp-json\/wp\/v2\/media\/135310"}],"wp:attachment":[{"href":"https:\/\/stylingagenten.com\/da\/wp-json\/wp\/v2\/media?parent=135311"}],"wp:term":[{"taxonomy":"product_brand","embeddable":true,"href":"https:\/\/stylingagenten.com\/da\/wp-json\/wp\/v2\/product_brand?post=135311"},{"taxonomy":"product_cat","embeddable":true,"href":"https:\/\/stylingagenten.com\/da\/wp-json\/wp\/v2\/product_cat?post=135311"},{"taxonomy":"product_tag","embeddable":true,"href":"https:\/\/stylingagenten.com\/da\/wp-json\/wp\/v2\/product_tag?post=135311"},{"taxonomy":"berocket_brand","embeddable":true,"href":"https:\/\/stylingagenten.com\/da\/wp-json\/wp\/v2\/berocket_brand?post=135311"}],"curies":[{"name":"wp","href":"https:\/\/api.w.org\/{rel}","templated":true}]}}