{"id":135304,"date":"2025-05-18T22:40:27","date_gmt":"2025-05-18T22:40:27","guid":{"rendered":"https:\/\/staging2.stylingagenten.com\/da\/produkt\/viktor-rolf-flowerbomb-edp-50ml\/"},"modified":"2025-11-19T11:54:40","modified_gmt":"2025-11-19T11:54:40","slug":"viktor-rolf-flowerbomb-edp-50ml","status":"publish","type":"product","link":"https:\/\/stylingagenten.com\/da\/produkt\/viktor-rolf-flowerbomb-edp-50ml\/","title":{"rendered":"Viktor &amp; Rolf Flowerbomb Edp 50ml"},"content":{"rendered":"<p>Viktor &amp; Rolf Flowerbomb Edp er en varm og romantisk duft med en sensuel og sexet blomsterduft, der er velegnet, n\u00e5r du vil f\u00f8le dig speciel eller vil p\u00e5virke dine omgivelser.<\/p>\n<p>Duftnoter: bergamot, indisk osmanthus, sambac jasmin , cattleya orkid\u00e9, fresia, roser, moskus og patchouli.<\/p>\n","protected":false},"excerpt":{"rendered":"<p>Viktor &amp; Rolf Flowerbomb Edp er en varm og romantisk duft med en sensuel og sexet blomsterduft, der er velegnet, n\u00e5r du vil f\u00f8le dig speciel eller vil p\u00e5virke dine omgivelser. Duftnoter: bergamot, indisk osmanthus, sambac jasmin , cattleya orkid\u00e9, fresia, roser, moskus og patchouli.<\/p>\n","protected":false},"featured_media":135302,"comment_status":"open","ping_status":"closed","template":"","meta":{"_trash_the_other_posts":false},"product_brand":[],"product_cat":[706],"product_tag":[4060],"berocket_brand":[1997],"class_list":{"0":"post-135304","1":"product","2":"type-product","3":"status-publish","4":"has-post-thumbnail","6":"product_cat-eau-de-parfum-dame","7":"product_tag-viktor-rolf-flowerbomb-edp","8":"pa_brand-viktorrolf","9":"pa_variant-50g","10":"berocket_brand-viktoramp","12":"first","13":"outofstock","14":"sale","15":"taxable","16":"shipping-taxable","17":"purchasable","18":"product-type-simple"},"_links":{"self":[{"href":"https:\/\/stylingagenten.com\/da\/wp-json\/wp\/v2\/product\/135304","targetHints":{"allow":["GET"]}}],"collection":[{"href":"https:\/\/stylingagenten.com\/da\/wp-json\/wp\/v2\/product"}],"about":[{"href":"https:\/\/stylingagenten.com\/da\/wp-json\/wp\/v2\/types\/product"}],"replies":[{"embeddable":true,"href":"https:\/\/stylingagenten.com\/da\/wp-json\/wp\/v2\/comments?post=135304"}],"version-history":[{"count":0,"href":"https:\/\/stylingagenten.com\/da\/wp-json\/wp\/v2\/product\/135304\/revisions"}],"wp:featuredmedia":[{"embeddable":true,"href":"https:\/\/stylingagenten.com\/da\/wp-json\/wp\/v2\/media\/135302"}],"wp:attachment":[{"href":"https:\/\/stylingagenten.com\/da\/wp-json\/wp\/v2\/media?parent=135304"}],"wp:term":[{"taxonomy":"product_brand","embeddable":true,"href":"https:\/\/stylingagenten.com\/da\/wp-json\/wp\/v2\/product_brand?post=135304"},{"taxonomy":"product_cat","embeddable":true,"href":"https:\/\/stylingagenten.com\/da\/wp-json\/wp\/v2\/product_cat?post=135304"},{"taxonomy":"product_tag","embeddable":true,"href":"https:\/\/stylingagenten.com\/da\/wp-json\/wp\/v2\/product_tag?post=135304"},{"taxonomy":"berocket_brand","embeddable":true,"href":"https:\/\/stylingagenten.com\/da\/wp-json\/wp\/v2\/berocket_brand?post=135304"}],"curies":[{"name":"wp","href":"https:\/\/api.w.org\/{rel}","templated":true}]}}