{"id":135263,"date":"2025-05-18T22:40:18","date_gmt":"2025-05-18T22:40:18","guid":{"rendered":"https:\/\/staging2.stylingagenten.com\/da\/produkt\/escada-fairy-love-edt-100ml\/"},"modified":"2026-03-29T01:08:40","modified_gmt":"2026-03-29T01:08:40","slug":"escada-fairy-love-edt-100ml","status":"publish","type":"product","link":"https:\/\/stylingagenten.com\/da\/produkt\/escada-fairy-love-edt-100ml\/","title":{"rendered":"Escada Fairy Love Edt 100ml"},"content":{"rendered":"<p>ESCADA Fairy Love Eau de Toilette bringer dig til en verden af \u200b\u200bromantik og magi!<br \/>Fairy Love er en vegansk parfume med noter af Nashi-p\u00e6re og hindb\u00e6r blandet med en buket af jasminblade. En romantisk, opl\u00f8ftende og blomstret duft.<br \/>Topnoter: Nashi-p\u00e6re, hindb\u00e6r<br \/>Hjertenoter: Jasmin-blade<br \/>Basenoter: Hasseln\u00f8d<\/p>\n","protected":false},"excerpt":{"rendered":"<p>ESCADA Fairy Love Eau de Toilette bringer dig til en verden af \u200b\u200bromantik og magi!Fairy Love er en vegansk parfume med noter af Nashi-p\u00e6re og hindb\u00e6r blandet med en buket af jasminblade. En romantisk, opl\u00f8ftende og blomstret duft.Topnoter: Nashi-p\u00e6re, hindb\u00e6rHjertenoter: Jasmin-bladeBasenoter: Hasseln\u00f8d<\/p>\n","protected":false},"featured_media":135258,"comment_status":"open","ping_status":"closed","template":"","meta":{"_trash_the_other_posts":false},"product_brand":[],"product_cat":[707,735,999],"product_tag":[2886],"berocket_brand":[1306],"class_list":{"0":"post-135263","1":"product","2":"type-product","3":"status-publish","4":"has-post-thumbnail","6":"product_cat-eau-de-toilette-dame","7":"product_cat-kampagne","8":"product_cat-kampagnetilbud-til-hende","9":"product_tag-escada-fairy-love-edt","10":"pa_brand-escada","11":"pa_variant-100ml","12":"berocket_brand-escada","14":"first","15":"instock","16":"sale","17":"taxable","18":"shipping-taxable","19":"purchasable","20":"product-type-simple"},"_links":{"self":[{"href":"https:\/\/stylingagenten.com\/da\/wp-json\/wp\/v2\/product\/135263","targetHints":{"allow":["GET"]}}],"collection":[{"href":"https:\/\/stylingagenten.com\/da\/wp-json\/wp\/v2\/product"}],"about":[{"href":"https:\/\/stylingagenten.com\/da\/wp-json\/wp\/v2\/types\/product"}],"replies":[{"embeddable":true,"href":"https:\/\/stylingagenten.com\/da\/wp-json\/wp\/v2\/comments?post=135263"}],"version-history":[{"count":0,"href":"https:\/\/stylingagenten.com\/da\/wp-json\/wp\/v2\/product\/135263\/revisions"}],"wp:featuredmedia":[{"embeddable":true,"href":"https:\/\/stylingagenten.com\/da\/wp-json\/wp\/v2\/media\/135258"}],"wp:attachment":[{"href":"https:\/\/stylingagenten.com\/da\/wp-json\/wp\/v2\/media?parent=135263"}],"wp:term":[{"taxonomy":"product_brand","embeddable":true,"href":"https:\/\/stylingagenten.com\/da\/wp-json\/wp\/v2\/product_brand?post=135263"},{"taxonomy":"product_cat","embeddable":true,"href":"https:\/\/stylingagenten.com\/da\/wp-json\/wp\/v2\/product_cat?post=135263"},{"taxonomy":"product_tag","embeddable":true,"href":"https:\/\/stylingagenten.com\/da\/wp-json\/wp\/v2\/product_tag?post=135263"},{"taxonomy":"berocket_brand","embeddable":true,"href":"https:\/\/stylingagenten.com\/da\/wp-json\/wp\/v2\/berocket_brand?post=135263"}],"curies":[{"name":"wp","href":"https:\/\/api.w.org\/{rel}","templated":true}]}}