{"id":135139,"date":"2025-05-18T22:39:54","date_gmt":"2025-05-18T22:39:54","guid":{"rendered":"https:\/\/staging2.stylingagenten.com\/da\/produkt\/yves-saint-laurent-black-opium-edp-150ml\/"},"modified":"2025-11-19T11:58:17","modified_gmt":"2025-11-19T11:58:17","slug":"yves-saint-laurent-black-opium-edp-150ml","status":"publish","type":"product","link":"https:\/\/stylingagenten.com\/da\/produkt\/yves-saint-laurent-black-opium-edp-150ml\/","title":{"rendered":"Yves Saint Laurent Black Opium Edp 150ml"},"content":{"rendered":"<p>Yves Saint Laurent Black Opium er en rock n `roll fortolkning af den klassiske duft Opium, der fremh\u00e6ver den mystiske og m\u00f8rke side af det ikoniske Yves Saint Laurent brand. En vanedannende og blomsterduft med adrenalinfremkaldende kaffenoter, forf\u00f8rende jasminblomster og s\u00f8d, sensuel vanilje. <\/p>\n<p>Duftnoter: pink peber, appelsinblomst, p\u00e6re, kaffe, jasmin, vanilje, cedertr\u00e6 og patchouli.<\/p>\n","protected":false},"excerpt":{"rendered":"<p>Yves Saint Laurent Black Opium er en rock n `roll fortolkning af den klassiske duft Opium, der fremh\u00e6ver den mystiske og m\u00f8rke side af det ikoniske Yves Saint Laurent brand. En vanedannende og blomsterduft med adrenalinfremkaldende kaffenoter, forf\u00f8rende jasminblomster og s\u00f8d, sensuel vanilje. Duftnoter: pink peber, appelsinblomst, p\u00e6re, kaffe, jasmin, vanilje, cedertr\u00e6 og patchouli.<\/p>\n","protected":false},"featured_media":135135,"comment_status":"open","ping_status":"closed","template":"","meta":{"_trash_the_other_posts":false},"product_brand":[],"product_cat":[706],"product_tag":[4119],"berocket_brand":[1119],"class_list":{"0":"post-135139","1":"product","2":"type-product","3":"status-publish","4":"has-post-thumbnail","6":"product_cat-eau-de-parfum-dame","7":"product_tag-yves-saint-laurent-black-opium-edp","8":"pa_brand-yves-saint-laurent","9":"pa_variant-150ml","10":"berocket_brand-yves-saint-laurent","12":"first","13":"outofstock","14":"sale","15":"taxable","16":"shipping-taxable","17":"purchasable","18":"product-type-simple"},"_links":{"self":[{"href":"https:\/\/stylingagenten.com\/da\/wp-json\/wp\/v2\/product\/135139","targetHints":{"allow":["GET"]}}],"collection":[{"href":"https:\/\/stylingagenten.com\/da\/wp-json\/wp\/v2\/product"}],"about":[{"href":"https:\/\/stylingagenten.com\/da\/wp-json\/wp\/v2\/types\/product"}],"replies":[{"embeddable":true,"href":"https:\/\/stylingagenten.com\/da\/wp-json\/wp\/v2\/comments?post=135139"}],"version-history":[{"count":0,"href":"https:\/\/stylingagenten.com\/da\/wp-json\/wp\/v2\/product\/135139\/revisions"}],"wp:featuredmedia":[{"embeddable":true,"href":"https:\/\/stylingagenten.com\/da\/wp-json\/wp\/v2\/media\/135135"}],"wp:attachment":[{"href":"https:\/\/stylingagenten.com\/da\/wp-json\/wp\/v2\/media?parent=135139"}],"wp:term":[{"taxonomy":"product_brand","embeddable":true,"href":"https:\/\/stylingagenten.com\/da\/wp-json\/wp\/v2\/product_brand?post=135139"},{"taxonomy":"product_cat","embeddable":true,"href":"https:\/\/stylingagenten.com\/da\/wp-json\/wp\/v2\/product_cat?post=135139"},{"taxonomy":"product_tag","embeddable":true,"href":"https:\/\/stylingagenten.com\/da\/wp-json\/wp\/v2\/product_tag?post=135139"},{"taxonomy":"berocket_brand","embeddable":true,"href":"https:\/\/stylingagenten.com\/da\/wp-json\/wp\/v2\/berocket_brand?post=135139"}],"curies":[{"name":"wp","href":"https:\/\/api.w.org\/{rel}","templated":true}]}}