{"id":135126,"date":"2025-05-18T22:39:51","date_gmt":"2025-05-18T22:39:51","guid":{"rendered":"https:\/\/staging2.stylingagenten.com\/da\/produkt\/chopard-malaki-rose-edp-80ml\/"},"modified":"2026-03-11T22:03:40","modified_gmt":"2026-03-11T22:03:40","slug":"chopard-malaki-rose-edp-80ml","status":"publish","type":"product","link":"https:\/\/stylingagenten.com\/da\/produkt\/chopard-malaki-rose-edp-80ml\/","title":{"rendered":"Chopard Malaki Rose Edp 80ml"},"content":{"rendered":"<p>Denne krydrede blomsterduft er en sensuel hyldest til en af \u200b\u200bde mest \u00e6rede ingredienser i den gamle parfumerikunst: Rosen. Med Rose Malaki tilbyder Chopard en rejse til hjertet af \u00d8sten, hvor skovens rigdom blandes, intensiteten af \u200b\u200bkrydderier og delikatessen fra en mark af roser&#8230; Rosenbladsakkorden tilf\u00f8jer en friskere og lysere dimension til denne intense sensualitet, en dugfri kvalitet. Safrans varme levende karakter skaber en uimodst\u00e5elig krydret b\u00f8jning, der sublimerer duften. I det t\u00f8rre giver de intense og raffinerede noter af Atlas cedertr\u00e6 et tr\u00e6agtigt sensuelt spor, der omslutter duften med sine varme og f\u00e6ngslende noter.<\/p>\n","protected":false},"excerpt":{"rendered":"<p>Denne krydrede blomsterduft er en sensuel hyldest til en af \u200b\u200bde mest \u00e6rede ingredienser i den gamle parfumerikunst: Rosen. Med Rose Malaki tilbyder Chopard en rejse til hjertet af \u00d8sten, hvor skovens rigdom blandes, intensiteten af \u200b\u200bkrydderier og delikatessen fra en mark af roser&#8230; Rosenbladsakkorden tilf\u00f8jer en friskere og lysere dimension til denne intense sensualitet, [&hellip;]<\/p>\n","protected":false},"featured_media":135116,"comment_status":"open","ping_status":"closed","template":"","meta":{"_trash_the_other_posts":false},"product_brand":[],"product_cat":[706,735,999],"product_tag":[],"berocket_brand":[1223],"class_list":{"0":"post-135126","1":"product","2":"type-product","3":"status-publish","4":"has-post-thumbnail","6":"product_cat-eau-de-parfum-dame","7":"product_cat-kampagne","8":"product_cat-kampagnetilbud-til-hende","9":"pa_brand-chopard","10":"berocket_brand-chopard","12":"first","13":"instock","14":"sale","15":"taxable","16":"shipping-taxable","17":"purchasable","18":"product-type-simple"},"_links":{"self":[{"href":"https:\/\/stylingagenten.com\/da\/wp-json\/wp\/v2\/product\/135126","targetHints":{"allow":["GET"]}}],"collection":[{"href":"https:\/\/stylingagenten.com\/da\/wp-json\/wp\/v2\/product"}],"about":[{"href":"https:\/\/stylingagenten.com\/da\/wp-json\/wp\/v2\/types\/product"}],"replies":[{"embeddable":true,"href":"https:\/\/stylingagenten.com\/da\/wp-json\/wp\/v2\/comments?post=135126"}],"version-history":[{"count":0,"href":"https:\/\/stylingagenten.com\/da\/wp-json\/wp\/v2\/product\/135126\/revisions"}],"wp:featuredmedia":[{"embeddable":true,"href":"https:\/\/stylingagenten.com\/da\/wp-json\/wp\/v2\/media\/135116"}],"wp:attachment":[{"href":"https:\/\/stylingagenten.com\/da\/wp-json\/wp\/v2\/media?parent=135126"}],"wp:term":[{"taxonomy":"product_brand","embeddable":true,"href":"https:\/\/stylingagenten.com\/da\/wp-json\/wp\/v2\/product_brand?post=135126"},{"taxonomy":"product_cat","embeddable":true,"href":"https:\/\/stylingagenten.com\/da\/wp-json\/wp\/v2\/product_cat?post=135126"},{"taxonomy":"product_tag","embeddable":true,"href":"https:\/\/stylingagenten.com\/da\/wp-json\/wp\/v2\/product_tag?post=135126"},{"taxonomy":"berocket_brand","embeddable":true,"href":"https:\/\/stylingagenten.com\/da\/wp-json\/wp\/v2\/berocket_brand?post=135126"}],"curies":[{"name":"wp","href":"https:\/\/api.w.org\/{rel}","templated":true}]}}