{"id":135113,"date":"2025-05-18T22:39:50","date_gmt":"2025-05-18T22:39:50","guid":{"rendered":"https:\/\/staging2.stylingagenten.com\/da\/produkt\/guess-seductive-red-edt-75ml\/"},"modified":"2026-04-14T14:48:41","modified_gmt":"2026-04-14T14:48:41","slug":"guess-seductive-red-edt-75ml","status":"publish","type":"product","link":"https:\/\/stylingagenten.com\/da\/produkt\/guess-seductive-red-edt-75ml\/","title":{"rendered":"Guess Seductive Red Edt 75ml"},"content":{"rendered":"<p>Seductive Red fra Guess er en sensuel og sensuel duft til kvinder.<\/p>\n<p>Topnoter: mandel, kirseb\u00e6r og rosepeber.<br \/>Hjertenoter: Kirseb\u00e6r, magnolia og violblomster.<br \/>Basenoter: vanilje og tonka b\u00f8nner.<\/p>\n","protected":false},"excerpt":{"rendered":"<p>Seductive Red fra Guess er en sensuel og sensuel duft til kvinder. Topnoter: mandel, kirseb\u00e6r og rosepeber.Hjertenoter: Kirseb\u00e6r, magnolia og violblomster.Basenoter: vanilje og tonka b\u00f8nner.<\/p>\n","protected":false},"featured_media":135110,"comment_status":"open","ping_status":"closed","template":"","meta":{"_trash_the_other_posts":false},"product_brand":[],"product_cat":[1003,707,884,1006],"product_tag":[],"berocket_brand":[1331],"class_list":{"0":"post-135113","1":"product","2":"type-product","3":"status-publish","4":"has-post-thumbnail","6":"product_cat-bestsellere","7":"product_cat-eau-de-toilette-dame","8":"product_cat-guess-seductive-women","9":"product_cat-kampagnepris","10":"pa_brand-guess","11":"berocket_brand-guess","13":"first","14":"instock","15":"sale","16":"taxable","17":"shipping-taxable","18":"purchasable","19":"product-type-simple"},"_links":{"self":[{"href":"https:\/\/stylingagenten.com\/da\/wp-json\/wp\/v2\/product\/135113","targetHints":{"allow":["GET"]}}],"collection":[{"href":"https:\/\/stylingagenten.com\/da\/wp-json\/wp\/v2\/product"}],"about":[{"href":"https:\/\/stylingagenten.com\/da\/wp-json\/wp\/v2\/types\/product"}],"replies":[{"embeddable":true,"href":"https:\/\/stylingagenten.com\/da\/wp-json\/wp\/v2\/comments?post=135113"}],"version-history":[{"count":0,"href":"https:\/\/stylingagenten.com\/da\/wp-json\/wp\/v2\/product\/135113\/revisions"}],"wp:featuredmedia":[{"embeddable":true,"href":"https:\/\/stylingagenten.com\/da\/wp-json\/wp\/v2\/media\/135110"}],"wp:attachment":[{"href":"https:\/\/stylingagenten.com\/da\/wp-json\/wp\/v2\/media?parent=135113"}],"wp:term":[{"taxonomy":"product_brand","embeddable":true,"href":"https:\/\/stylingagenten.com\/da\/wp-json\/wp\/v2\/product_brand?post=135113"},{"taxonomy":"product_cat","embeddable":true,"href":"https:\/\/stylingagenten.com\/da\/wp-json\/wp\/v2\/product_cat?post=135113"},{"taxonomy":"product_tag","embeddable":true,"href":"https:\/\/stylingagenten.com\/da\/wp-json\/wp\/v2\/product_tag?post=135113"},{"taxonomy":"berocket_brand","embeddable":true,"href":"https:\/\/stylingagenten.com\/da\/wp-json\/wp\/v2\/berocket_brand?post=135113"}],"curies":[{"name":"wp","href":"https:\/\/api.w.org\/{rel}","templated":true}]}}