{"id":135104,"date":"2025-05-18T22:39:47","date_gmt":"2025-05-18T22:39:47","guid":{"rendered":"https:\/\/staging2.stylingagenten.com\/da\/produkt\/abercrombie-fitch-authentic-woman-edp-100ml\/"},"modified":"2026-04-13T03:18:29","modified_gmt":"2026-04-13T03:18:29","slug":"abercrombie-fitch-authentic-woman-edp-100ml","status":"publish","type":"product","link":"https:\/\/stylingagenten.com\/da\/produkt\/abercrombie-fitch-authentic-woman-edp-100ml\/","title":{"rendered":"Abercrombie &amp; Fitch Authentic Woman Edp 100ml"},"content":{"rendered":"<p>AUTHENTIC er lige s\u00e5 \u00e6gte, frisk og simpelthen smuk som dens b\u00e6rer. Det f\u00f8rste indtryk er fra Schor, som endelig bringer hendes naturlige sanselighed frem i forgrunden. og efterlader et mindev\u00e6rdigt spor. Dugfrisk p\u00e6re og magnoliablomst bliver magnetisk med Ambrette fr&ouml;s let varmende tiltr\u00e6kning, som afsl\u00f8rer nye dele af hendes glade og selvsikre personlighed. Udtryksfuldt og ligetil, b\u00e5de ung og gammel, for AUTENTISK Abercrombie &amp; Fitch-kvinden til at skille sig ud fra m\u00e6ngden ved at v\u00e6re sig selv.<\/p>\n<p>Topnoter: P\u00e6re, Mandarin, R\u00f8de Druer.<br \/>Hjertenoter: Magnolia-blomst, Muguet-blomst, Nektarin.<br \/>Basisnoter: Ambrettefr&ouml;, Cedertr\u00e6&auml;, Sandeltr\u00e6&auml;.<\/p>\n","protected":false},"excerpt":{"rendered":"<p>AUTHENTIC er lige s\u00e5 \u00e6gte, frisk og simpelthen smuk som dens b\u00e6rer. Det f\u00f8rste indtryk er fra Schor, som endelig bringer hendes naturlige sanselighed frem i forgrunden. og efterlader et mindev\u00e6rdigt spor. Dugfrisk p\u00e6re og magnoliablomst bliver magnetisk med Ambrette fr&ouml;s let varmende tiltr\u00e6kning, som afsl\u00f8rer nye dele af hendes glade og selvsikre personlighed. Udtryksfuldt [&hellip;]<\/p>\n","protected":false},"featured_media":135093,"comment_status":"open","ping_status":"closed","template":"","meta":{"_trash_the_other_posts":false},"product_brand":[],"product_cat":[706,735,999],"product_tag":[2323],"berocket_brand":[1278],"class_list":{"0":"post-135104","1":"product","2":"type-product","3":"status-publish","4":"has-post-thumbnail","6":"product_cat-eau-de-parfum-dame","7":"product_cat-kampagne","8":"product_cat-kampagnetilbud-til-hende","9":"product_tag-abercrombie-fitch-authentic-woman-edp","10":"pa_brand-abercrombie-fitch","11":"pa_variant-100ml","12":"berocket_brand-abercrombie-fitch","14":"first","15":"instock","16":"sale","17":"taxable","18":"shipping-taxable","19":"purchasable","20":"product-type-simple"},"_links":{"self":[{"href":"https:\/\/stylingagenten.com\/da\/wp-json\/wp\/v2\/product\/135104","targetHints":{"allow":["GET"]}}],"collection":[{"href":"https:\/\/stylingagenten.com\/da\/wp-json\/wp\/v2\/product"}],"about":[{"href":"https:\/\/stylingagenten.com\/da\/wp-json\/wp\/v2\/types\/product"}],"replies":[{"embeddable":true,"href":"https:\/\/stylingagenten.com\/da\/wp-json\/wp\/v2\/comments?post=135104"}],"version-history":[{"count":0,"href":"https:\/\/stylingagenten.com\/da\/wp-json\/wp\/v2\/product\/135104\/revisions"}],"wp:featuredmedia":[{"embeddable":true,"href":"https:\/\/stylingagenten.com\/da\/wp-json\/wp\/v2\/media\/135093"}],"wp:attachment":[{"href":"https:\/\/stylingagenten.com\/da\/wp-json\/wp\/v2\/media?parent=135104"}],"wp:term":[{"taxonomy":"product_brand","embeddable":true,"href":"https:\/\/stylingagenten.com\/da\/wp-json\/wp\/v2\/product_brand?post=135104"},{"taxonomy":"product_cat","embeddable":true,"href":"https:\/\/stylingagenten.com\/da\/wp-json\/wp\/v2\/product_cat?post=135104"},{"taxonomy":"product_tag","embeddable":true,"href":"https:\/\/stylingagenten.com\/da\/wp-json\/wp\/v2\/product_tag?post=135104"},{"taxonomy":"berocket_brand","embeddable":true,"href":"https:\/\/stylingagenten.com\/da\/wp-json\/wp\/v2\/berocket_brand?post=135104"}],"curies":[{"name":"wp","href":"https:\/\/api.w.org\/{rel}","templated":true}]}}