{"id":135090,"date":"2025-05-18T22:39:44","date_gmt":"2025-05-18T22:39:44","guid":{"rendered":"https:\/\/staging2.stylingagenten.com\/da\/produkt\/abercrombie-fitch-authentic-moment-woman-edp-100ml\/"},"modified":"2026-03-11T21:55:46","modified_gmt":"2026-03-11T21:55:46","slug":"abercrombie-fitch-authentic-moment-woman-edp-100ml","status":"publish","type":"product","link":"https:\/\/stylingagenten.com\/da\/produkt\/abercrombie-fitch-authentic-moment-woman-edp-100ml\/","title":{"rendered":"Abercrombie &amp; Fitch Authentic Moment Woman Edp 100ml"},"content":{"rendered":"<p>En moderne, frugtig og dv\u00e6lende parfume til kvinder. Authentic Moment kombinerer elskede blomster- og frugtnoter med en moderne kontrast af teksturerede tr\u00e6noter og moskus. Duften \u00e5bner med r\u00f8de frugter, mandarin og rabarber, der giver et forfriskende f\u00f8rste indtryk. Rose- og jasminblade er kernen i duften, og de udstr\u00e5ler spontanitet og femininitet. Basen af \u200b\u200bparfumen best\u00e5r af cedertr\u00e6, patchouli, moskus og l\u00e6der, der giver en f\u00e6ngslende varme, der bliver h\u00e6ngende.<\/p>\n<p>&#8211; Moderne, frugtig og tr\u00e6agtig parfume<br \/> &#8211; Til den spontane og feminine person, der kan lide kontraster<br \/>&#8211; Velegnet til b\u00e5de dag og nat<\/p>\n<p>Topnoter: R\u00f8de frugter, mandariner og rabarber<br \/>Hjertenoter: Rose og jasminblade<br \/>Basenoter: Cedertr\u00e6, patchouli, moskus og l\u00e6der<\/p>\n","protected":false},"excerpt":{"rendered":"<p>En moderne, frugtig og dv\u00e6lende parfume til kvinder. Authentic Moment kombinerer elskede blomster- og frugtnoter med en moderne kontrast af teksturerede tr\u00e6noter og moskus. Duften \u00e5bner med r\u00f8de frugter, mandarin og rabarber, der giver et forfriskende f\u00f8rste indtryk. Rose- og jasminblade er kernen i duften, og de udstr\u00e5ler spontanitet og femininitet. Basen af \u200b\u200bparfumen best\u00e5r [&hellip;]<\/p>\n","protected":false},"featured_media":135086,"comment_status":"open","ping_status":"closed","template":"","meta":{"_trash_the_other_posts":false},"product_brand":[],"product_cat":[706,735,999],"product_tag":[],"berocket_brand":[1278],"class_list":{"0":"post-135090","1":"product","2":"type-product","3":"status-publish","4":"has-post-thumbnail","6":"product_cat-eau-de-parfum-dame","7":"product_cat-kampagne","8":"product_cat-kampagnetilbud-til-hende","9":"pa_brand-abercrombie-fitch","10":"berocket_brand-abercrombie-fitch","12":"first","13":"instock","14":"sale","15":"taxable","16":"shipping-taxable","17":"purchasable","18":"product-type-simple"},"_links":{"self":[{"href":"https:\/\/stylingagenten.com\/da\/wp-json\/wp\/v2\/product\/135090","targetHints":{"allow":["GET"]}}],"collection":[{"href":"https:\/\/stylingagenten.com\/da\/wp-json\/wp\/v2\/product"}],"about":[{"href":"https:\/\/stylingagenten.com\/da\/wp-json\/wp\/v2\/types\/product"}],"replies":[{"embeddable":true,"href":"https:\/\/stylingagenten.com\/da\/wp-json\/wp\/v2\/comments?post=135090"}],"version-history":[{"count":0,"href":"https:\/\/stylingagenten.com\/da\/wp-json\/wp\/v2\/product\/135090\/revisions"}],"wp:featuredmedia":[{"embeddable":true,"href":"https:\/\/stylingagenten.com\/da\/wp-json\/wp\/v2\/media\/135086"}],"wp:attachment":[{"href":"https:\/\/stylingagenten.com\/da\/wp-json\/wp\/v2\/media?parent=135090"}],"wp:term":[{"taxonomy":"product_brand","embeddable":true,"href":"https:\/\/stylingagenten.com\/da\/wp-json\/wp\/v2\/product_brand?post=135090"},{"taxonomy":"product_cat","embeddable":true,"href":"https:\/\/stylingagenten.com\/da\/wp-json\/wp\/v2\/product_cat?post=135090"},{"taxonomy":"product_tag","embeddable":true,"href":"https:\/\/stylingagenten.com\/da\/wp-json\/wp\/v2\/product_tag?post=135090"},{"taxonomy":"berocket_brand","embeddable":true,"href":"https:\/\/stylingagenten.com\/da\/wp-json\/wp\/v2\/berocket_brand?post=135090"}],"curies":[{"name":"wp","href":"https:\/\/api.w.org\/{rel}","templated":true}]}}