{"id":135083,"date":"2025-05-18T22:39:43","date_gmt":"2025-05-18T22:39:43","guid":{"rendered":"https:\/\/staging2.stylingagenten.com\/da\/produkt\/abercrombie-fitch-first-instinct-for-her-edp-100ml\/"},"modified":"2026-03-28T18:39:00","modified_gmt":"2026-03-28T18:39:00","slug":"abercrombie-fitch-first-instinct-for-her-edp-100ml","status":"publish","type":"product","link":"https:\/\/stylingagenten.com\/da\/produkt\/abercrombie-fitch-first-instinct-for-her-edp-100ml\/","title":{"rendered":"Abercrombie &amp; Fitch First Instinct for Her Edp 100ml"},"content":{"rendered":"<p>En feminin, sensuel og sofistikeret duft. Blomstertoner af magnolia kombineret med sur grapefrugtskal g\u00f8r duften bl\u00f8d og feminin. \u00c5kande og moskus giver duften en sp\u00e6ndende dybde.<\/p>\n<p>Topnoter: Magnolia, Grapefruit Zest, Passionfruit. <br \/>Hjertenoter: appelsinblomst, orkid\u00e9, \u00e5kande og basisnoter: rav, tonkab\u00f8nner, moskus.<\/p>\n","protected":false},"excerpt":{"rendered":"<p>En feminin, sensuel og sofistikeret duft. Blomstertoner af magnolia kombineret med sur grapefrugtskal g\u00f8r duften bl\u00f8d og feminin. \u00c5kande og moskus giver duften en sp\u00e6ndende dybde. Topnoter: Magnolia, Grapefruit Zest, Passionfruit. Hjertenoter: appelsinblomst, orkid\u00e9, \u00e5kande og basisnoter: rav, tonkab\u00f8nner, moskus.<\/p>\n","protected":false},"featured_media":135075,"comment_status":"open","ping_status":"closed","template":"","meta":{"_trash_the_other_posts":false},"product_brand":[],"product_cat":[1003,706,735,999],"product_tag":[],"berocket_brand":[1278],"class_list":{"0":"post-135083","1":"product","2":"type-product","3":"status-publish","4":"has-post-thumbnail","6":"product_cat-bestsellere","7":"product_cat-eau-de-parfum-dame","8":"product_cat-kampagne","9":"product_cat-kampagnetilbud-til-hende","10":"pa_brand-abercrombie-fitch","11":"berocket_brand-abercrombie-fitch","13":"first","14":"outofstock","15":"sale","16":"taxable","17":"shipping-taxable","18":"purchasable","19":"product-type-simple"},"_links":{"self":[{"href":"https:\/\/stylingagenten.com\/da\/wp-json\/wp\/v2\/product\/135083","targetHints":{"allow":["GET"]}}],"collection":[{"href":"https:\/\/stylingagenten.com\/da\/wp-json\/wp\/v2\/product"}],"about":[{"href":"https:\/\/stylingagenten.com\/da\/wp-json\/wp\/v2\/types\/product"}],"replies":[{"embeddable":true,"href":"https:\/\/stylingagenten.com\/da\/wp-json\/wp\/v2\/comments?post=135083"}],"version-history":[{"count":0,"href":"https:\/\/stylingagenten.com\/da\/wp-json\/wp\/v2\/product\/135083\/revisions"}],"wp:featuredmedia":[{"embeddable":true,"href":"https:\/\/stylingagenten.com\/da\/wp-json\/wp\/v2\/media\/135075"}],"wp:attachment":[{"href":"https:\/\/stylingagenten.com\/da\/wp-json\/wp\/v2\/media?parent=135083"}],"wp:term":[{"taxonomy":"product_brand","embeddable":true,"href":"https:\/\/stylingagenten.com\/da\/wp-json\/wp\/v2\/product_brand?post=135083"},{"taxonomy":"product_cat","embeddable":true,"href":"https:\/\/stylingagenten.com\/da\/wp-json\/wp\/v2\/product_cat?post=135083"},{"taxonomy":"product_tag","embeddable":true,"href":"https:\/\/stylingagenten.com\/da\/wp-json\/wp\/v2\/product_tag?post=135083"},{"taxonomy":"berocket_brand","embeddable":true,"href":"https:\/\/stylingagenten.com\/da\/wp-json\/wp\/v2\/berocket_brand?post=135083"}],"curies":[{"name":"wp","href":"https:\/\/api.w.org\/{rel}","templated":true}]}}