{"id":135047,"date":"2025-05-18T22:39:36","date_gmt":"2025-05-18T22:39:36","guid":{"rendered":"https:\/\/staging2.stylingagenten.com\/da\/produkt\/juicy-couture-viva-la-juicy-noir-edp-50ml\/"},"modified":"2026-04-10T12:58:35","modified_gmt":"2026-04-10T12:58:35","slug":"juicy-couture-viva-la-juicy-noir-edp-50ml","status":"publish","type":"product","link":"https:\/\/stylingagenten.com\/da\/produkt\/juicy-couture-viva-la-juicy-noir-edp-50ml\/","title":{"rendered":"Juicy Couture Viva La Juicy Noir Edp 50ml"},"content":{"rendered":"<p>Juicy Couture Viva La Juicy Noir Edp er en m\u00f8rk og dragende fortolkning af den bedst s\u00e6lgende original, Viva La Juicy. <\/p>\n<p>Duftnoter: vilde b\u00e6r, mandarin, jordb\u00e6r, honningmelon, gardenia, jasmin, rav, karamel, vanilje og sandeltr\u00e6.<\/p>\n","protected":false},"excerpt":{"rendered":"<p>Juicy Couture Viva La Juicy Noir Edp er en m\u00f8rk og dragende fortolkning af den bedst s\u00e6lgende original, Viva La Juicy. Duftnoter: vilde b\u00e6r, mandarin, jordb\u00e6r, honningmelon, gardenia, jasmin, rav, karamel, vanilje og sandeltr\u00e6.<\/p>\n","protected":false},"featured_media":135038,"comment_status":"open","ping_status":"closed","template":"","meta":{"_trash_the_other_posts":false},"product_brand":[],"product_cat":[706,918,735,999],"product_tag":[3092],"berocket_brand":[1067],"class_list":{"0":"post-135047","1":"product","2":"type-product","3":"status-publish","4":"has-post-thumbnail","6":"product_cat-eau-de-parfum-dame","7":"product_cat-juicy-couture-viva-la-juicy","8":"product_cat-kampagne","9":"product_cat-kampagnetilbud-til-hende","10":"product_tag-juicy-couture-viva-la-juicy-noir-edp","11":"pa_brand-juicy-couture","12":"pa_variant-50ml","13":"berocket_brand-juicy-couture","15":"first","16":"instock","17":"sale","18":"taxable","19":"shipping-taxable","20":"purchasable","21":"product-type-simple"},"_links":{"self":[{"href":"https:\/\/stylingagenten.com\/da\/wp-json\/wp\/v2\/product\/135047","targetHints":{"allow":["GET"]}}],"collection":[{"href":"https:\/\/stylingagenten.com\/da\/wp-json\/wp\/v2\/product"}],"about":[{"href":"https:\/\/stylingagenten.com\/da\/wp-json\/wp\/v2\/types\/product"}],"replies":[{"embeddable":true,"href":"https:\/\/stylingagenten.com\/da\/wp-json\/wp\/v2\/comments?post=135047"}],"version-history":[{"count":0,"href":"https:\/\/stylingagenten.com\/da\/wp-json\/wp\/v2\/product\/135047\/revisions"}],"wp:featuredmedia":[{"embeddable":true,"href":"https:\/\/stylingagenten.com\/da\/wp-json\/wp\/v2\/media\/135038"}],"wp:attachment":[{"href":"https:\/\/stylingagenten.com\/da\/wp-json\/wp\/v2\/media?parent=135047"}],"wp:term":[{"taxonomy":"product_brand","embeddable":true,"href":"https:\/\/stylingagenten.com\/da\/wp-json\/wp\/v2\/product_brand?post=135047"},{"taxonomy":"product_cat","embeddable":true,"href":"https:\/\/stylingagenten.com\/da\/wp-json\/wp\/v2\/product_cat?post=135047"},{"taxonomy":"product_tag","embeddable":true,"href":"https:\/\/stylingagenten.com\/da\/wp-json\/wp\/v2\/product_tag?post=135047"},{"taxonomy":"berocket_brand","embeddable":true,"href":"https:\/\/stylingagenten.com\/da\/wp-json\/wp\/v2\/berocket_brand?post=135047"}],"curies":[{"name":"wp","href":"https:\/\/api.w.org\/{rel}","templated":true}]}}