{"id":135030,"date":"2025-05-18T22:39:34","date_gmt":"2025-05-18T22:39:34","guid":{"rendered":"https:\/\/staging2.stylingagenten.com\/da\/produkt\/juicy-couture-i-am-juicy-couture-edp-50ml\/"},"modified":"2025-11-19T12:04:07","modified_gmt":"2025-11-19T12:04:07","slug":"juicy-couture-i-am-juicy-couture-edp-50ml","status":"publish","type":"product","link":"https:\/\/stylingagenten.com\/da\/produkt\/juicy-couture-i-am-juicy-couture-edp-50ml\/","title":{"rendered":"Juicy Couture I am Juicy Couture Edp 50ml"},"content":{"rendered":"<p>Juicy Couture I Am Juicy Couture er en fed og forf\u00f8rende parfume, der \u00e5bner med en kombination af saftige, modne frugter. Duften g\u00e5r langsomt over i en blanding af sensuel gardenia og en dragende duft af kashmirtr\u00e6. <\/p>\n<p>Duftnoter: hindb\u00e6r, grapefrugt, passionsfrugt, gardenia, heliotrop, kanelrose, s\u00f8d \u00e6rt, moskus, varme tr\u00e6sorter og ambra.<\/p>\n","protected":false},"excerpt":{"rendered":"<p>Juicy Couture I Am Juicy Couture er en fed og forf\u00f8rende parfume, der \u00e5bner med en kombination af saftige, modne frugter. Duften g\u00e5r langsomt over i en blanding af sensuel gardenia og en dragende duft af kashmirtr\u00e6. Duftnoter: hindb\u00e6r, grapefrugt, passionsfrugt, gardenia, heliotrop, kanelrose, s\u00f8d \u00e6rt, moskus, varme tr\u00e6sorter og ambra.<\/p>\n","protected":false},"featured_media":135024,"comment_status":"open","ping_status":"closed","template":"","meta":{"_trash_the_other_posts":false},"product_brand":[],"product_cat":[706,916],"product_tag":[3083],"berocket_brand":[1067],"class_list":{"0":"post-135030","1":"product","2":"type-product","3":"status-publish","4":"has-post-thumbnail","6":"product_cat-eau-de-parfum-dame","7":"product_cat-juicy-couture-i-am-juicy","8":"product_tag-juicy-couture-i-am-juicy-couture-edp","9":"pa_brand-juicy-couture","10":"pa_variant-50ml","11":"berocket_brand-juicy-couture","13":"first","14":"outofstock","15":"sale","16":"taxable","17":"shipping-taxable","18":"purchasable","19":"product-type-simple"},"_links":{"self":[{"href":"https:\/\/stylingagenten.com\/da\/wp-json\/wp\/v2\/product\/135030","targetHints":{"allow":["GET"]}}],"collection":[{"href":"https:\/\/stylingagenten.com\/da\/wp-json\/wp\/v2\/product"}],"about":[{"href":"https:\/\/stylingagenten.com\/da\/wp-json\/wp\/v2\/types\/product"}],"replies":[{"embeddable":true,"href":"https:\/\/stylingagenten.com\/da\/wp-json\/wp\/v2\/comments?post=135030"}],"version-history":[{"count":0,"href":"https:\/\/stylingagenten.com\/da\/wp-json\/wp\/v2\/product\/135030\/revisions"}],"wp:featuredmedia":[{"embeddable":true,"href":"https:\/\/stylingagenten.com\/da\/wp-json\/wp\/v2\/media\/135024"}],"wp:attachment":[{"href":"https:\/\/stylingagenten.com\/da\/wp-json\/wp\/v2\/media?parent=135030"}],"wp:term":[{"taxonomy":"product_brand","embeddable":true,"href":"https:\/\/stylingagenten.com\/da\/wp-json\/wp\/v2\/product_brand?post=135030"},{"taxonomy":"product_cat","embeddable":true,"href":"https:\/\/stylingagenten.com\/da\/wp-json\/wp\/v2\/product_cat?post=135030"},{"taxonomy":"product_tag","embeddable":true,"href":"https:\/\/stylingagenten.com\/da\/wp-json\/wp\/v2\/product_tag?post=135030"},{"taxonomy":"berocket_brand","embeddable":true,"href":"https:\/\/stylingagenten.com\/da\/wp-json\/wp\/v2\/berocket_brand?post=135030"}],"curies":[{"name":"wp","href":"https:\/\/api.w.org\/{rel}","templated":true}]}}