{"id":134959,"date":"2025-05-18T22:39:19","date_gmt":"2025-05-18T22:39:19","guid":{"rendered":"https:\/\/staging2.stylingagenten.com\/da\/produkt\/britney-spears-blissful-fantasy-edt-100ml\/"},"modified":"2026-04-06T23:18:35","modified_gmt":"2026-04-06T23:18:35","slug":"britney-spears-blissful-fantasy-edt-100ml","status":"publish","type":"product","link":"https:\/\/stylingagenten.com\/da\/produkt\/britney-spears-blissful-fantasy-edt-100ml\/","title":{"rendered":"Britney Spears Blissful Fantasy Edt 100ml"},"content":{"rendered":"<p>Oplev endnu en magisk duft i Britney Spears Fantasy-duftlinjen, en dejlig sprudlende og opl\u00f8ftende eau de toilette inspireret af Britneys evigt solrige hum\u00f8r og hendes k\u00e6rlighed til tropiske ferier.<\/p>\n<p>Blissful Fantasy er olfaktorisk flugt &#8211; En enkeltbillet til paradis, som ikke er et unikt sted, men en sindstilstand. Hvor du kan f\u00f8le fuldst\u00e6ndig lykke og fred &#8211; hvor end du er. En dameparfume til alle lejligheder.<\/p>\n<p>Duften er en let, tr\u00e6agtig og hvid blomsterduft, der blander topnoter af lilje, honningmelon og hvid freesiablomst med jasmin, tuberose og tiareblomst i hjertet. Basen indeholder forf\u00f8rende moskus, sandeltr\u00e6 og orris.<\/p>\n<p>Duftfamilie: Woody-Floral<br \/>Topnoter: Lilje, Honningmelon, Freesia<br \/>Hjertenoter: Jasmin, Tuberose, Tiare-blomst<br \/>Base noter: Moskus, Sandeltr\u00e6, Orris<\/p>\n","protected":false},"excerpt":{"rendered":"<p>Oplev endnu en magisk duft i Britney Spears Fantasy-duftlinjen, en dejlig sprudlende og opl\u00f8ftende eau de toilette inspireret af Britneys evigt solrige hum\u00f8r og hendes k\u00e6rlighed til tropiske ferier. Blissful Fantasy er olfaktorisk flugt &#8211; En enkeltbillet til paradis, som ikke er et unikt sted, men en sindstilstand. Hvor du kan f\u00f8le fuldst\u00e6ndig lykke og [&hellip;]<\/p>\n","protected":false},"featured_media":134952,"comment_status":"open","ping_status":"closed","template":"","meta":{"_trash_the_other_posts":false},"product_brand":[],"product_cat":[1003,707,735,999],"product_tag":[],"berocket_brand":[1031],"class_list":{"0":"post-134959","1":"product","2":"type-product","3":"status-publish","4":"has-post-thumbnail","6":"product_cat-bestsellere","7":"product_cat-eau-de-toilette-dame","8":"product_cat-kampagne","9":"product_cat-kampagnetilbud-til-hende","10":"pa_brand-britney-spears","11":"berocket_brand-britney-spears","13":"first","14":"instock","15":"sale","16":"taxable","17":"shipping-taxable","18":"purchasable","19":"product-type-simple"},"_links":{"self":[{"href":"https:\/\/stylingagenten.com\/da\/wp-json\/wp\/v2\/product\/134959","targetHints":{"allow":["GET"]}}],"collection":[{"href":"https:\/\/stylingagenten.com\/da\/wp-json\/wp\/v2\/product"}],"about":[{"href":"https:\/\/stylingagenten.com\/da\/wp-json\/wp\/v2\/types\/product"}],"replies":[{"embeddable":true,"href":"https:\/\/stylingagenten.com\/da\/wp-json\/wp\/v2\/comments?post=134959"}],"version-history":[{"count":0,"href":"https:\/\/stylingagenten.com\/da\/wp-json\/wp\/v2\/product\/134959\/revisions"}],"wp:featuredmedia":[{"embeddable":true,"href":"https:\/\/stylingagenten.com\/da\/wp-json\/wp\/v2\/media\/134952"}],"wp:attachment":[{"href":"https:\/\/stylingagenten.com\/da\/wp-json\/wp\/v2\/media?parent=134959"}],"wp:term":[{"taxonomy":"product_brand","embeddable":true,"href":"https:\/\/stylingagenten.com\/da\/wp-json\/wp\/v2\/product_brand?post=134959"},{"taxonomy":"product_cat","embeddable":true,"href":"https:\/\/stylingagenten.com\/da\/wp-json\/wp\/v2\/product_cat?post=134959"},{"taxonomy":"product_tag","embeddable":true,"href":"https:\/\/stylingagenten.com\/da\/wp-json\/wp\/v2\/product_tag?post=134959"},{"taxonomy":"berocket_brand","embeddable":true,"href":"https:\/\/stylingagenten.com\/da\/wp-json\/wp\/v2\/berocket_brand?post=134959"}],"curies":[{"name":"wp","href":"https:\/\/api.w.org\/{rel}","templated":true}]}}