{"id":134942,"date":"2025-05-18T22:39:16","date_gmt":"2025-05-18T22:39:16","guid":{"rendered":"https:\/\/staging2.stylingagenten.com\/da\/produkt\/britney-spears-naked-fantasy-edt-100ml\/"},"modified":"2026-04-11T17:48:34","modified_gmt":"2026-04-11T17:48:34","slug":"britney-spears-naked-fantasy-edt-100ml","status":"publish","type":"product","link":"https:\/\/stylingagenten.com\/da\/produkt\/britney-spears-naked-fantasy-edt-100ml\/","title":{"rendered":"Britney Spears Naked Fantasy Edt 100ml"},"content":{"rendered":"<p>Sexet og funklende, Britney Spears Naked Fantasy Edt fremkalder den sensuelle f\u00f8lelse af lingeri p\u00e5 bl\u00f8d, bar hud. Duften \u00e5bner med en uimodst\u00e5elig introduktion af saftig citrus, solb\u00e6r og \u00e6blecider. S\u00f8de noter af l\u00e6kker abrikoscupcake, vanilje og moskus efterlader en varig sky af dyb, vanedannende varme.<\/p>\n","protected":false},"excerpt":{"rendered":"<p>Sexet og funklende, Britney Spears Naked Fantasy Edt fremkalder den sensuelle f\u00f8lelse af lingeri p\u00e5 bl\u00f8d, bar hud. Duften \u00e5bner med en uimodst\u00e5elig introduktion af saftig citrus, solb\u00e6r og \u00e6blecider. S\u00f8de noter af l\u00e6kker abrikoscupcake, vanilje og moskus efterlader en varig sky af dyb, vanedannende varme.<\/p>\n","protected":false},"featured_media":134936,"comment_status":"open","ping_status":"closed","template":"","meta":{"_trash_the_other_posts":false},"product_brand":[],"product_cat":[707,735,1006,999],"product_tag":[],"berocket_brand":[1031],"class_list":{"0":"post-134942","1":"product","2":"type-product","3":"status-publish","4":"has-post-thumbnail","6":"product_cat-eau-de-toilette-dame","7":"product_cat-kampagne","8":"product_cat-kampagnepris","9":"product_cat-kampagnetilbud-til-hende","10":"pa_brand-britney-spears","11":"berocket_brand-britney-spears","13":"first","14":"instock","15":"sale","16":"taxable","17":"shipping-taxable","18":"purchasable","19":"product-type-simple"},"_links":{"self":[{"href":"https:\/\/stylingagenten.com\/da\/wp-json\/wp\/v2\/product\/134942","targetHints":{"allow":["GET"]}}],"collection":[{"href":"https:\/\/stylingagenten.com\/da\/wp-json\/wp\/v2\/product"}],"about":[{"href":"https:\/\/stylingagenten.com\/da\/wp-json\/wp\/v2\/types\/product"}],"replies":[{"embeddable":true,"href":"https:\/\/stylingagenten.com\/da\/wp-json\/wp\/v2\/comments?post=134942"}],"version-history":[{"count":0,"href":"https:\/\/stylingagenten.com\/da\/wp-json\/wp\/v2\/product\/134942\/revisions"}],"wp:featuredmedia":[{"embeddable":true,"href":"https:\/\/stylingagenten.com\/da\/wp-json\/wp\/v2\/media\/134936"}],"wp:attachment":[{"href":"https:\/\/stylingagenten.com\/da\/wp-json\/wp\/v2\/media?parent=134942"}],"wp:term":[{"taxonomy":"product_brand","embeddable":true,"href":"https:\/\/stylingagenten.com\/da\/wp-json\/wp\/v2\/product_brand?post=134942"},{"taxonomy":"product_cat","embeddable":true,"href":"https:\/\/stylingagenten.com\/da\/wp-json\/wp\/v2\/product_cat?post=134942"},{"taxonomy":"product_tag","embeddable":true,"href":"https:\/\/stylingagenten.com\/da\/wp-json\/wp\/v2\/product_tag?post=134942"},{"taxonomy":"berocket_brand","embeddable":true,"href":"https:\/\/stylingagenten.com\/da\/wp-json\/wp\/v2\/berocket_brand?post=134942"}],"curies":[{"name":"wp","href":"https:\/\/api.w.org\/{rel}","templated":true}]}}