{"id":134875,"date":"2025-05-18T22:39:01","date_gmt":"2025-05-18T22:39:01","guid":{"rendered":"https:\/\/staging2.stylingagenten.com\/da\/produkt\/moschino-funny-edt-50ml\/"},"modified":"2026-04-10T19:58:53","modified_gmt":"2026-04-10T19:58:53","slug":"moschino-funny-edt-50ml","status":"publish","type":"product","link":"https:\/\/stylingagenten.com\/da\/produkt\/moschino-funny-edt-50ml\/","title":{"rendered":"Moschino Funny Edt 50ml"},"content":{"rendered":"<p>Moschino Funny er en frugtagtig, frisk og blomstret parfume med klare citrusnoter, der giver dig energi og et lyst, positivt udseende.<\/p>\n<p><strong>Duftnoter:<\/strong> bitter appelsin, r\u00f8de druer, rose peber, jasmin, gr\u00f8n te, p\u00e6on, viol, rav, cedertr\u00e6 &amp; oakmoss.<\/p>\n<p><span style=\"font-size: 11.0pt;line-height: 107%;font-family: 'Calibri',sans-serif\">&nbsp;<\/span><\/ p><\/p>\n","protected":false},"excerpt":{"rendered":"<p>Moschino Funny er en frugtagtig, frisk og blomstret parfume med klare citrusnoter, der giver dig energi og et lyst, positivt udseende. Duftnoter: bitter appelsin, r\u00f8de druer, rose peber, jasmin, gr\u00f8n te, p\u00e6on, viol, rav, cedertr\u00e6 &amp; oakmoss. &nbsp;<\/p>\n","protected":false},"featured_media":134874,"comment_status":"open","ping_status":"closed","template":"","meta":{"_trash_the_other_posts":false},"product_brand":[],"product_cat":[707,735,999],"product_tag":[3621],"berocket_brand":[1084],"class_list":{"0":"post-134875","1":"product","2":"type-product","3":"status-publish","4":"has-post-thumbnail","6":"product_cat-eau-de-toilette-dame","7":"product_cat-kampagne","8":"product_cat-kampagnetilbud-til-hende","9":"product_tag-moschino-funny-edt","10":"pa_brand-moschino","11":"pa_variant-50ml","12":"berocket_brand-moschino","14":"first","15":"instock","16":"sale","17":"taxable","18":"shipping-taxable","19":"purchasable","20":"product-type-simple"},"_links":{"self":[{"href":"https:\/\/stylingagenten.com\/da\/wp-json\/wp\/v2\/product\/134875","targetHints":{"allow":["GET"]}}],"collection":[{"href":"https:\/\/stylingagenten.com\/da\/wp-json\/wp\/v2\/product"}],"about":[{"href":"https:\/\/stylingagenten.com\/da\/wp-json\/wp\/v2\/types\/product"}],"replies":[{"embeddable":true,"href":"https:\/\/stylingagenten.com\/da\/wp-json\/wp\/v2\/comments?post=134875"}],"version-history":[{"count":0,"href":"https:\/\/stylingagenten.com\/da\/wp-json\/wp\/v2\/product\/134875\/revisions"}],"wp:featuredmedia":[{"embeddable":true,"href":"https:\/\/stylingagenten.com\/da\/wp-json\/wp\/v2\/media\/134874"}],"wp:attachment":[{"href":"https:\/\/stylingagenten.com\/da\/wp-json\/wp\/v2\/media?parent=134875"}],"wp:term":[{"taxonomy":"product_brand","embeddable":true,"href":"https:\/\/stylingagenten.com\/da\/wp-json\/wp\/v2\/product_brand?post=134875"},{"taxonomy":"product_cat","embeddable":true,"href":"https:\/\/stylingagenten.com\/da\/wp-json\/wp\/v2\/product_cat?post=134875"},{"taxonomy":"product_tag","embeddable":true,"href":"https:\/\/stylingagenten.com\/da\/wp-json\/wp\/v2\/product_tag?post=134875"},{"taxonomy":"berocket_brand","embeddable":true,"href":"https:\/\/stylingagenten.com\/da\/wp-json\/wp\/v2\/berocket_brand?post=134875"}],"curies":[{"name":"wp","href":"https:\/\/api.w.org\/{rel}","templated":true}]}}