{"id":134871,"date":"2025-05-18T22:39:00","date_gmt":"2025-05-18T22:39:00","guid":{"rendered":"https:\/\/staging2.stylingagenten.com\/da\/produkt\/moschino-cheap-and-chic-edt-30ml\/"},"modified":"2026-03-26T18:24:48","modified_gmt":"2026-03-26T18:24:48","slug":"moschino-cheap-and-chic-edt-30ml","status":"publish","type":"product","link":"https:\/\/stylingagenten.com\/da\/produkt\/moschino-cheap-and-chic-edt-30ml\/","title":{"rendered":"Moschino Cheap And Chic Edt 30ml"},"content":{"rendered":"<p><span style='font-size:11.0pt;line-height:107%;font-family:\"Calibri\",sans-serif;color:black'>Moschino Cheap And Chic&nbsp;<\/span><span style='font-size:11.0pt;line-height:107%;font-family:\"Calibri\",sans-serif;minor-latin'>er en forfriskende og blomstret duft, der er velegnet til brug i l\u00f8bet af dagen.<\/p>\n<p><b>Duftnoter:&nbsp;<\/b>petitgrain, bergamot, blomster, frugtagtige noter, hvid orkid\u00e9&eacute;, sandeltr\u00e6&auml; &amp; vanilje.<\/span><\/p>\n","protected":false},"excerpt":{"rendered":"<p>Moschino Cheap And Chic&nbsp;er en forfriskende og blomstret duft, der er velegnet til brug i l\u00f8bet af dagen. Duftnoter:&nbsp;petitgrain, bergamot, blomster, frugtagtige noter, hvid orkid\u00e9&eacute;, sandeltr\u00e6&auml; &amp; vanilje.<\/p>\n","protected":false},"featured_media":134869,"comment_status":"open","ping_status":"closed","template":"","meta":{"_trash_the_other_posts":false},"product_brand":[],"product_cat":[707,735,1006,999,962],"product_tag":[3617],"berocket_brand":[1084],"class_list":{"0":"post-134871","1":"product","2":"type-product","3":"status-publish","4":"has-post-thumbnail","6":"product_cat-eau-de-toilette-dame","7":"product_cat-kampagne","8":"product_cat-kampagnepris","9":"product_cat-kampagnetilbud-til-hende","10":"product_cat-moschino-cheap-and-chic","11":"product_tag-moschino-cheap-and-chic-edt","12":"pa_brand-moschino","13":"pa_variant-30ml","14":"berocket_brand-moschino","16":"first","17":"instock","18":"sale","19":"taxable","20":"shipping-taxable","21":"purchasable","22":"product-type-simple"},"_links":{"self":[{"href":"https:\/\/stylingagenten.com\/da\/wp-json\/wp\/v2\/product\/134871","targetHints":{"allow":["GET"]}}],"collection":[{"href":"https:\/\/stylingagenten.com\/da\/wp-json\/wp\/v2\/product"}],"about":[{"href":"https:\/\/stylingagenten.com\/da\/wp-json\/wp\/v2\/types\/product"}],"replies":[{"embeddable":true,"href":"https:\/\/stylingagenten.com\/da\/wp-json\/wp\/v2\/comments?post=134871"}],"version-history":[{"count":0,"href":"https:\/\/stylingagenten.com\/da\/wp-json\/wp\/v2\/product\/134871\/revisions"}],"wp:featuredmedia":[{"embeddable":true,"href":"https:\/\/stylingagenten.com\/da\/wp-json\/wp\/v2\/media\/134869"}],"wp:attachment":[{"href":"https:\/\/stylingagenten.com\/da\/wp-json\/wp\/v2\/media?parent=134871"}],"wp:term":[{"taxonomy":"product_brand","embeddable":true,"href":"https:\/\/stylingagenten.com\/da\/wp-json\/wp\/v2\/product_brand?post=134871"},{"taxonomy":"product_cat","embeddable":true,"href":"https:\/\/stylingagenten.com\/da\/wp-json\/wp\/v2\/product_cat?post=134871"},{"taxonomy":"product_tag","embeddable":true,"href":"https:\/\/stylingagenten.com\/da\/wp-json\/wp\/v2\/product_tag?post=134871"},{"taxonomy":"berocket_brand","embeddable":true,"href":"https:\/\/stylingagenten.com\/da\/wp-json\/wp\/v2\/berocket_brand?post=134871"}],"curies":[{"name":"wp","href":"https:\/\/api.w.org\/{rel}","templated":true}]}}