{"id":134812,"date":"2025-05-18T22:38:48","date_gmt":"2025-05-18T22:38:48","guid":{"rendered":"https:\/\/staging2.stylingagenten.com\/da\/produkt\/burberry-touch-for-women-edp-100ml\/"},"modified":"2026-03-11T22:00:36","modified_gmt":"2026-03-11T22:00:36","slug":"burberry-touch-for-women-edp-100ml","status":"publish","type":"product","link":"https:\/\/stylingagenten.com\/da\/produkt\/burberry-touch-for-women-edp-100ml\/","title":{"rendered":"Burberry Touch For Women Edp 100ml"},"content":{"rendered":"<p>Burberry Touch For Women er et sikkert bud med sin friske, lette og bl\u00f8de duft. En parfume til den rolige, venlige sj\u00e6l, der \u00f8nsker en diskret og sund men foranderlig; karakteristisk duft til at b\u00e6re hver dag.<\/p>\n<p> <strong>Duftnoter:<\/strong> appelsin, b\u00e6r, kassiatr\u00e6, \u200b\u200brose, pink peber, traneb\u00e6r, liljekonval, jasmin, lilje, hindb\u00e6r, nathyacint, fersken, p\u00e6on, vanilje, tonkab\u00f8nner, cedertr\u00e6 &amp; amp; mandel.<\/p>\n<p><span style=\"font-size: 11.0pt;line-height: 107%;font-family: 'Calibri',sans-serif\">&nbsp;<\/span><\/p>\n","protected":false},"excerpt":{"rendered":"<p>Burberry Touch For Women er et sikkert bud med sin friske, lette og bl\u00f8de duft. En parfume til den rolige, venlige sj\u00e6l, der \u00f8nsker en diskret og sund men foranderlig; karakteristisk duft til at b\u00e6re hver dag. Duftnoter: appelsin, b\u00e6r, kassiatr\u00e6, \u200b\u200brose, pink peber, traneb\u00e6r, liljekonval, jasmin, lilje, hindb\u00e6r, nathyacint, fersken, p\u00e6on, vanilje, tonkab\u00f8nner, cedertr\u00e6 [&hellip;]<\/p>\n","protected":false},"featured_media":134804,"comment_status":"open","ping_status":"closed","template":"","meta":{"_trash_the_other_posts":false},"product_brand":[],"product_cat":[780,706,735,1006,999],"product_tag":[2616],"berocket_brand":[1017],"class_list":{"0":"post-134812","1":"product","2":"type-product","3":"status-publish","4":"has-post-thumbnail","6":"product_cat-burberry-touch-for-women","7":"product_cat-eau-de-parfum-dame","8":"product_cat-kampagne","9":"product_cat-kampagnepris","10":"product_cat-kampagnetilbud-til-hende","11":"product_tag-burberry-touch-for-women-edp","12":"pa_brand-burberry","13":"pa_variant-100ml","14":"berocket_brand-burberry","16":"first","17":"instock","18":"sale","19":"taxable","20":"shipping-taxable","21":"purchasable","22":"product-type-simple"},"_links":{"self":[{"href":"https:\/\/stylingagenten.com\/da\/wp-json\/wp\/v2\/product\/134812","targetHints":{"allow":["GET"]}}],"collection":[{"href":"https:\/\/stylingagenten.com\/da\/wp-json\/wp\/v2\/product"}],"about":[{"href":"https:\/\/stylingagenten.com\/da\/wp-json\/wp\/v2\/types\/product"}],"replies":[{"embeddable":true,"href":"https:\/\/stylingagenten.com\/da\/wp-json\/wp\/v2\/comments?post=134812"}],"version-history":[{"count":0,"href":"https:\/\/stylingagenten.com\/da\/wp-json\/wp\/v2\/product\/134812\/revisions"}],"wp:featuredmedia":[{"embeddable":true,"href":"https:\/\/stylingagenten.com\/da\/wp-json\/wp\/v2\/media\/134804"}],"wp:attachment":[{"href":"https:\/\/stylingagenten.com\/da\/wp-json\/wp\/v2\/media?parent=134812"}],"wp:term":[{"taxonomy":"product_brand","embeddable":true,"href":"https:\/\/stylingagenten.com\/da\/wp-json\/wp\/v2\/product_brand?post=134812"},{"taxonomy":"product_cat","embeddable":true,"href":"https:\/\/stylingagenten.com\/da\/wp-json\/wp\/v2\/product_cat?post=134812"},{"taxonomy":"product_tag","embeddable":true,"href":"https:\/\/stylingagenten.com\/da\/wp-json\/wp\/v2\/product_tag?post=134812"},{"taxonomy":"berocket_brand","embeddable":true,"href":"https:\/\/stylingagenten.com\/da\/wp-json\/wp\/v2\/berocket_brand?post=134812"}],"curies":[{"name":"wp","href":"https:\/\/api.w.org\/{rel}","templated":true}]}}