{"id":134797,"date":"2025-05-18T22:38:44","date_gmt":"2025-05-18T22:38:44","guid":{"rendered":"https:\/\/staging2.stylingagenten.com\/da\/produkt\/viktor-rolf-flowerbomb-edp-30ml\/"},"modified":"2026-03-23T14:59:29","modified_gmt":"2026-03-23T14:59:29","slug":"viktor-rolf-flowerbomb-edp-30ml","status":"publish","type":"product","link":"https:\/\/stylingagenten.com\/da\/produkt\/viktor-rolf-flowerbomb-edp-30ml\/","title":{"rendered":"Viktor &amp; Rolf Flowerbomb Edp 30ml"},"content":{"rendered":"<p>Viktor &amp; Rolf Flowerbomb Edp er en varm og romantisk duft med en sensuel og sexet blomsterduft, der er velegnet, n\u00e5r du vil f\u00f8le dig speciel eller vil p\u00e5virke dine omgivelser.<\/p>\n<p><strong>Duftnoter :<\/strong> bergamot, indisk osmanthus, sambac jasmin, cattleya orkid\u00e9, fresia, roser, moskus og patchouli.<\/p>\n","protected":false},"excerpt":{"rendered":"<p>Viktor &amp; Rolf Flowerbomb Edp er en varm og romantisk duft med en sensuel og sexet blomsterduft, der er velegnet, n\u00e5r du vil f\u00f8le dig speciel eller vil p\u00e5virke dine omgivelser. Duftnoter : bergamot, indisk osmanthus, sambac jasmin, cattleya orkid\u00e9, fresia, roser, moskus og patchouli.<\/p>\n","protected":false},"featured_media":134794,"comment_status":"open","ping_status":"closed","template":"","meta":{"_trash_the_other_posts":false},"product_brand":[],"product_cat":[1003,706,735,999],"product_tag":[4060],"berocket_brand":[1997],"class_list":{"0":"post-134797","1":"product","2":"type-product","3":"status-publish","4":"has-post-thumbnail","6":"product_cat-bestsellere","7":"product_cat-eau-de-parfum-dame","8":"product_cat-kampagne","9":"product_cat-kampagnetilbud-til-hende","10":"product_tag-viktor-rolf-flowerbomb-edp","11":"pa_brand-viktorrolf","12":"pa_variant-30ml","13":"berocket_brand-viktoramp","15":"first","16":"instock","17":"sale","18":"taxable","19":"shipping-taxable","20":"purchasable","21":"product-type-simple"},"_links":{"self":[{"href":"https:\/\/stylingagenten.com\/da\/wp-json\/wp\/v2\/product\/134797","targetHints":{"allow":["GET"]}}],"collection":[{"href":"https:\/\/stylingagenten.com\/da\/wp-json\/wp\/v2\/product"}],"about":[{"href":"https:\/\/stylingagenten.com\/da\/wp-json\/wp\/v2\/types\/product"}],"replies":[{"embeddable":true,"href":"https:\/\/stylingagenten.com\/da\/wp-json\/wp\/v2\/comments?post=134797"}],"version-history":[{"count":0,"href":"https:\/\/stylingagenten.com\/da\/wp-json\/wp\/v2\/product\/134797\/revisions"}],"wp:featuredmedia":[{"embeddable":true,"href":"https:\/\/stylingagenten.com\/da\/wp-json\/wp\/v2\/media\/134794"}],"wp:attachment":[{"href":"https:\/\/stylingagenten.com\/da\/wp-json\/wp\/v2\/media?parent=134797"}],"wp:term":[{"taxonomy":"product_brand","embeddable":true,"href":"https:\/\/stylingagenten.com\/da\/wp-json\/wp\/v2\/product_brand?post=134797"},{"taxonomy":"product_cat","embeddable":true,"href":"https:\/\/stylingagenten.com\/da\/wp-json\/wp\/v2\/product_cat?post=134797"},{"taxonomy":"product_tag","embeddable":true,"href":"https:\/\/stylingagenten.com\/da\/wp-json\/wp\/v2\/product_tag?post=134797"},{"taxonomy":"berocket_brand","embeddable":true,"href":"https:\/\/stylingagenten.com\/da\/wp-json\/wp\/v2\/berocket_brand?post=134797"}],"curies":[{"name":"wp","href":"https:\/\/api.w.org\/{rel}","templated":true}]}}