{"id":134787,"date":"2025-05-18T22:38:42","date_gmt":"2025-05-18T22:38:42","guid":{"rendered":"https:\/\/staging2.stylingagenten.com\/da\/produkt\/tom-ford-black-orchid-edp-30ml\/"},"modified":"2026-04-03T14:28:41","modified_gmt":"2026-04-03T14:28:41","slug":"tom-ford-black-orchid-edp-30ml","status":"publish","type":"product","link":"https:\/\/stylingagenten.com\/da\/produkt\/tom-ford-black-orchid-edp-30ml\/","title":{"rendered":"Tom Ford Black Orchid Edp 30ml"},"content":{"rendered":"<p>Tom Ford Black Orchid er b\u00e5de moderne og tidl\u00f8s. En luksuri\u00f8s og sensuel duft med rige, m\u00f8rke akkorder og eksotisk sort orkid\u00e9. og krydderier.<\/p>\n<p><span style=\"font-size: 11.0pt;line-height: 107%;font-family: 'Calibri', sans-serif\">&nbsp;<\/span><\/p>\n","protected":false},"excerpt":{"rendered":"<p>Tom Ford Black Orchid er b\u00e5de moderne og tidl\u00f8s. En luksuri\u00f8s og sensuel duft med rige, m\u00f8rke akkorder og eksotisk sort orkid\u00e9. og krydderier. &nbsp;<\/p>\n","protected":false},"featured_media":134786,"comment_status":"open","ping_status":"closed","template":"","meta":{"_trash_the_other_posts":false},"product_brand":[],"product_cat":[706,735,999],"product_tag":[4021],"berocket_brand":[1158],"class_list":{"0":"post-134787","1":"product","2":"type-product","3":"status-publish","4":"has-post-thumbnail","6":"product_cat-eau-de-parfum-dame","7":"product_cat-kampagne","8":"product_cat-kampagnetilbud-til-hende","9":"product_tag-tom-ford-black-orchid-edp","10":"pa_brand-tom-ford","11":"pa_variant-30ml","12":"berocket_brand-tom-ford","14":"first","15":"instock","16":"sale","17":"taxable","18":"shipping-taxable","19":"purchasable","20":"product-type-simple"},"_links":{"self":[{"href":"https:\/\/stylingagenten.com\/da\/wp-json\/wp\/v2\/product\/134787","targetHints":{"allow":["GET"]}}],"collection":[{"href":"https:\/\/stylingagenten.com\/da\/wp-json\/wp\/v2\/product"}],"about":[{"href":"https:\/\/stylingagenten.com\/da\/wp-json\/wp\/v2\/types\/product"}],"replies":[{"embeddable":true,"href":"https:\/\/stylingagenten.com\/da\/wp-json\/wp\/v2\/comments?post=134787"}],"version-history":[{"count":0,"href":"https:\/\/stylingagenten.com\/da\/wp-json\/wp\/v2\/product\/134787\/revisions"}],"wp:featuredmedia":[{"embeddable":true,"href":"https:\/\/stylingagenten.com\/da\/wp-json\/wp\/v2\/media\/134786"}],"wp:attachment":[{"href":"https:\/\/stylingagenten.com\/da\/wp-json\/wp\/v2\/media?parent=134787"}],"wp:term":[{"taxonomy":"product_brand","embeddable":true,"href":"https:\/\/stylingagenten.com\/da\/wp-json\/wp\/v2\/product_brand?post=134787"},{"taxonomy":"product_cat","embeddable":true,"href":"https:\/\/stylingagenten.com\/da\/wp-json\/wp\/v2\/product_cat?post=134787"},{"taxonomy":"product_tag","embeddable":true,"href":"https:\/\/stylingagenten.com\/da\/wp-json\/wp\/v2\/product_tag?post=134787"},{"taxonomy":"berocket_brand","embeddable":true,"href":"https:\/\/stylingagenten.com\/da\/wp-json\/wp\/v2\/berocket_brand?post=134787"}],"curies":[{"name":"wp","href":"https:\/\/api.w.org\/{rel}","templated":true}]}}