{"id":134729,"date":"2025-05-18T22:38:29","date_gmt":"2025-05-18T22:38:29","guid":{"rendered":"https:\/\/staging2.stylingagenten.com\/da\/produkt\/yves-saint-laurent-black-opium-edp-50ml\/"},"modified":"2025-11-19T10:53:12","modified_gmt":"2025-11-19T10:53:12","slug":"yves-saint-laurent-black-opium-edp-50ml","status":"publish","type":"product","link":"https:\/\/stylingagenten.com\/da\/produkt\/yves-saint-laurent-black-opium-edp-50ml\/","title":{"rendered":"Yves Saint Laurent Black Opium Edp 50ml"},"content":{"rendered":"<p>Yves Saint Laurent Black Opium er en rock n `roll fortolkning af den klassiske duft Opium, der fremh\u00e6ver den mystiske og m\u00f8rke side af det ikoniske m\u00e6rke Yves Saint Laurent. En vanedannende og blomsteragtig duft med kaffenoter, der tilf\u00f8jer adrenalin, sensuelle jasminblomster og s\u00f8d, sensuel vanilje.<\/p>\n<p><strong>Duftnoter:<\/strong> rose&eacute;peber, appelsinblomst, p\u00e6rerogn, kaffe, jasmin , vanilje, cedertr\u00e6&auml; &amp; patchouli.<\/p>\n","protected":false},"excerpt":{"rendered":"<p>Yves Saint Laurent Black Opium er en rock n `roll fortolkning af den klassiske duft Opium, der fremh\u00e6ver den mystiske og m\u00f8rke side af det ikoniske m\u00e6rke Yves Saint Laurent. En vanedannende og blomsteragtig duft med kaffenoter, der tilf\u00f8jer adrenalin, sensuelle jasminblomster og s\u00f8d, sensuel vanilje. Duftnoter: rose&eacute;peber, appelsinblomst, p\u00e6rerogn, kaffe, jasmin , vanilje, cedertr\u00e6&auml; [&hellip;]<\/p>\n","protected":false},"featured_media":134728,"comment_status":"open","ping_status":"closed","template":"","meta":{"_trash_the_other_posts":false},"product_brand":[],"product_cat":[706],"product_tag":[4119],"berocket_brand":[1119],"class_list":{"0":"post-134729","1":"product","2":"type-product","3":"status-publish","4":"has-post-thumbnail","6":"product_cat-eau-de-parfum-dame","7":"product_tag-yves-saint-laurent-black-opium-edp","8":"pa_brand-yves-saint-laurent","9":"pa_variant-50ml","10":"berocket_brand-yves-saint-laurent","12":"first","13":"outofstock","14":"sale","15":"taxable","16":"shipping-taxable","17":"purchasable","18":"product-type-simple"},"_links":{"self":[{"href":"https:\/\/stylingagenten.com\/da\/wp-json\/wp\/v2\/product\/134729","targetHints":{"allow":["GET"]}}],"collection":[{"href":"https:\/\/stylingagenten.com\/da\/wp-json\/wp\/v2\/product"}],"about":[{"href":"https:\/\/stylingagenten.com\/da\/wp-json\/wp\/v2\/types\/product"}],"replies":[{"embeddable":true,"href":"https:\/\/stylingagenten.com\/da\/wp-json\/wp\/v2\/comments?post=134729"}],"version-history":[{"count":0,"href":"https:\/\/stylingagenten.com\/da\/wp-json\/wp\/v2\/product\/134729\/revisions"}],"wp:featuredmedia":[{"embeddable":true,"href":"https:\/\/stylingagenten.com\/da\/wp-json\/wp\/v2\/media\/134728"}],"wp:attachment":[{"href":"https:\/\/stylingagenten.com\/da\/wp-json\/wp\/v2\/media?parent=134729"}],"wp:term":[{"taxonomy":"product_brand","embeddable":true,"href":"https:\/\/stylingagenten.com\/da\/wp-json\/wp\/v2\/product_brand?post=134729"},{"taxonomy":"product_cat","embeddable":true,"href":"https:\/\/stylingagenten.com\/da\/wp-json\/wp\/v2\/product_cat?post=134729"},{"taxonomy":"product_tag","embeddable":true,"href":"https:\/\/stylingagenten.com\/da\/wp-json\/wp\/v2\/product_tag?post=134729"},{"taxonomy":"berocket_brand","embeddable":true,"href":"https:\/\/stylingagenten.com\/da\/wp-json\/wp\/v2\/berocket_brand?post=134729"}],"curies":[{"name":"wp","href":"https:\/\/api.w.org\/{rel}","templated":true}]}}