{"id":134717,"date":"2025-05-18T22:38:27","date_gmt":"2025-05-18T22:38:27","guid":{"rendered":"https:\/\/staging2.stylingagenten.com\/da\/produkt\/hugo-boss-the-scent-for-her-le-parfum-50-ml\/"},"modified":"2026-04-06T13:08:29","modified_gmt":"2026-04-06T13:08:29","slug":"hugo-boss-the-scent-for-her-le-parfum-50-ml","status":"publish","type":"product","link":"https:\/\/stylingagenten.com\/da\/produkt\/hugo-boss-the-scent-for-her-le-parfum-50-ml\/","title":{"rendered":"Hugo Boss The Scent for Her Le Parfum 50 ml"},"content":{"rendered":"<p>Hugo Boss The Scent Le Parfum for Her 50 ml<br \/>F\u00f8l tiltr\u00e6kningen af \u200b\u200bBOSS The Scent Le Parfum for Her. Denne intense fortolkning af den ikoniske BOSS The Scent for kvinder v\u00e6kker sanserne med noter af appelsinblomst og vetiver, der giver duften en hypnotisk appel. &#8211; Krydrede topnoter af pink peber er smukt kontrasteret af appelsinblomst i hjertenoten. Varm vetiver smelter sammen med luftigt agialatr\u00e6 i basisnoten, hvilket intensiverer duftens sensualitet. -Den juvelformede flaske er pyntet med blommefarvet lak, og den funklende h\u00e6tte har en smuk rosa guldfinish, der fuldender stilen. BOSS The Scent Le Parfum for Her pr\u00e6senteres i en m\u00f8rk blommefarvet \u00e6ske &#8211; en intens duft, der giver forf\u00f8relse en helt ny dimension.-Duftfamilie: Ambery &#8211; Floral &#8211; Woody Hjertenoter: Appelsinblomst Bundnoter: Vetiver, Akigalawood<\/p>\n","protected":false},"excerpt":{"rendered":"<p>Hugo Boss The Scent Le Parfum for Her 50 mlF\u00f8l tiltr\u00e6kningen af \u200b\u200bBOSS The Scent Le Parfum for Her. Denne intense fortolkning af den ikoniske BOSS The Scent for kvinder v\u00e6kker sanserne med noter af appelsinblomst og vetiver, der giver duften en hypnotisk appel. &#8211; Krydrede topnoter af pink peber er smukt kontrasteret af appelsinblomst [&hellip;]<\/p>\n","protected":false},"featured_media":134714,"comment_status":"open","ping_status":"closed","template":"","meta":{"_trash_the_other_posts":false},"product_brand":[],"product_cat":[706,735,999,534],"product_tag":[],"berocket_brand":[1339],"class_list":{"0":"post-134717","1":"product","2":"type-product","3":"status-publish","4":"has-post-thumbnail","6":"product_cat-eau-de-parfum-dame","7":"product_cat-kampagne","8":"product_cat-kampagnetilbud-til-hende","9":"product_cat-parfume-dame","10":"pa_brand-hugo-boss","11":"berocket_brand-hugo-boss","13":"first","14":"instock","15":"sale","16":"taxable","17":"shipping-taxable","18":"purchasable","19":"product-type-simple"},"_links":{"self":[{"href":"https:\/\/stylingagenten.com\/da\/wp-json\/wp\/v2\/product\/134717","targetHints":{"allow":["GET"]}}],"collection":[{"href":"https:\/\/stylingagenten.com\/da\/wp-json\/wp\/v2\/product"}],"about":[{"href":"https:\/\/stylingagenten.com\/da\/wp-json\/wp\/v2\/types\/product"}],"replies":[{"embeddable":true,"href":"https:\/\/stylingagenten.com\/da\/wp-json\/wp\/v2\/comments?post=134717"}],"version-history":[{"count":0,"href":"https:\/\/stylingagenten.com\/da\/wp-json\/wp\/v2\/product\/134717\/revisions"}],"wp:featuredmedia":[{"embeddable":true,"href":"https:\/\/stylingagenten.com\/da\/wp-json\/wp\/v2\/media\/134714"}],"wp:attachment":[{"href":"https:\/\/stylingagenten.com\/da\/wp-json\/wp\/v2\/media?parent=134717"}],"wp:term":[{"taxonomy":"product_brand","embeddable":true,"href":"https:\/\/stylingagenten.com\/da\/wp-json\/wp\/v2\/product_brand?post=134717"},{"taxonomy":"product_cat","embeddable":true,"href":"https:\/\/stylingagenten.com\/da\/wp-json\/wp\/v2\/product_cat?post=134717"},{"taxonomy":"product_tag","embeddable":true,"href":"https:\/\/stylingagenten.com\/da\/wp-json\/wp\/v2\/product_tag?post=134717"},{"taxonomy":"berocket_brand","embeddable":true,"href":"https:\/\/stylingagenten.com\/da\/wp-json\/wp\/v2\/berocket_brand?post=134717"}],"curies":[{"name":"wp","href":"https:\/\/api.w.org\/{rel}","templated":true}]}}