{"id":134689,"date":"2025-05-18T22:38:20","date_gmt":"2025-05-18T22:38:20","guid":{"rendered":"https:\/\/staging2.stylingagenten.com\/da\/produkt\/escada-show-me-love-edp-100ml\/"},"modified":"2026-03-11T22:00:56","modified_gmt":"2026-03-11T22:00:56","slug":"escada-show-me-love-edp-100ml","status":"publish","type":"product","link":"https:\/\/stylingagenten.com\/da\/produkt\/escada-show-me-love-edp-100ml\/","title":{"rendered":"Escada Show Me Love Edp 100ml"},"content":{"rendered":"<p>Escada Show Me Love Edp 100ml<br \/>Der er en ny Broadway-favorit i byen, der stj\u00e6ler showet. Denne vinter introducerer ESCADA et nyt hjerte til kollektionen: Show Me Love er den f\u00f8rste Escada-parfume, der f\u00e5r dig til at leve dit liv som en stjerne.<br \/>&#8211;<br \/>Show Me Love er en parfume til den selvsikre kvinde med det ultimative blandingen af \u200b\u200bsanselighed og livsappetit. Saftige noter af bl\u00e5b\u00e6r blander sig med sensuel jasmin og uds\u00f8gte noter af bl\u00e5b\u00e6rmacarons runder duften af \u200b\u200bmed en vidunderlig s\u00f8dme. Show Me Love er en vegansk blomsterparfume, der afspejler ESCADAs id\u00e9 om at skabe moderne dufte, der bliver mere og mere milj\u00f8venlige.<\/p>\n","protected":false},"excerpt":{"rendered":"<p>Escada Show Me Love Edp 100mlDer er en ny Broadway-favorit i byen, der stj\u00e6ler showet. Denne vinter introducerer ESCADA et nyt hjerte til kollektionen: Show Me Love er den f\u00f8rste Escada-parfume, der f\u00e5r dig til at leve dit liv som en stjerne.&#8211;Show Me Love er en parfume til den selvsikre kvinde med det ultimative blandingen [&hellip;]<\/p>\n","protected":false},"featured_media":134686,"comment_status":"open","ping_status":"closed","template":"","meta":{"_trash_the_other_posts":false},"product_brand":[],"product_cat":[735,999,534],"product_tag":[2894],"berocket_brand":[1306],"class_list":{"0":"post-134689","1":"product","2":"type-product","3":"status-publish","4":"has-post-thumbnail","6":"product_cat-kampagne","7":"product_cat-kampagnetilbud-til-hende","8":"product_cat-parfume-dame","9":"product_tag-escada-show-me-love-edp","10":"pa_brand-escada","11":"pa_variant-100ml","12":"berocket_brand-escada","14":"first","15":"instock","16":"sale","17":"taxable","18":"shipping-taxable","19":"purchasable","20":"product-type-simple"},"_links":{"self":[{"href":"https:\/\/stylingagenten.com\/da\/wp-json\/wp\/v2\/product\/134689","targetHints":{"allow":["GET"]}}],"collection":[{"href":"https:\/\/stylingagenten.com\/da\/wp-json\/wp\/v2\/product"}],"about":[{"href":"https:\/\/stylingagenten.com\/da\/wp-json\/wp\/v2\/types\/product"}],"replies":[{"embeddable":true,"href":"https:\/\/stylingagenten.com\/da\/wp-json\/wp\/v2\/comments?post=134689"}],"version-history":[{"count":0,"href":"https:\/\/stylingagenten.com\/da\/wp-json\/wp\/v2\/product\/134689\/revisions"}],"wp:featuredmedia":[{"embeddable":true,"href":"https:\/\/stylingagenten.com\/da\/wp-json\/wp\/v2\/media\/134686"}],"wp:attachment":[{"href":"https:\/\/stylingagenten.com\/da\/wp-json\/wp\/v2\/media?parent=134689"}],"wp:term":[{"taxonomy":"product_brand","embeddable":true,"href":"https:\/\/stylingagenten.com\/da\/wp-json\/wp\/v2\/product_brand?post=134689"},{"taxonomy":"product_cat","embeddable":true,"href":"https:\/\/stylingagenten.com\/da\/wp-json\/wp\/v2\/product_cat?post=134689"},{"taxonomy":"product_tag","embeddable":true,"href":"https:\/\/stylingagenten.com\/da\/wp-json\/wp\/v2\/product_tag?post=134689"},{"taxonomy":"berocket_brand","embeddable":true,"href":"https:\/\/stylingagenten.com\/da\/wp-json\/wp\/v2\/berocket_brand?post=134689"}],"curies":[{"name":"wp","href":"https:\/\/api.w.org\/{rel}","templated":true}]}}