{"id":134685,"date":"2025-05-18T22:38:19","date_gmt":"2025-05-18T22:38:19","guid":{"rendered":"https:\/\/staging2.stylingagenten.com\/da\/produkt\/britney-spears-fantasy-sheer-edt-100ml\/"},"modified":"2026-04-14T18:27:29","modified_gmt":"2026-04-14T18:27:29","slug":"britney-spears-fantasy-sheer-edt-100ml","status":"publish","type":"product","link":"https:\/\/stylingagenten.com\/da\/produkt\/britney-spears-fantasy-sheer-edt-100ml\/","title":{"rendered":"Britney Spears Fantasy Sheer Edt 100ml"},"content":{"rendered":"<p>Britney Spears Fantasy Sheer edt 100ml<br \/>Fantasy Sheer EDT er en fortryllende Eau de Toilette fra det popul\u00e6re m\u00e6rke Britney Spears. Denne duft er perfekt til kvinder, der \u00f8nsker at tilf\u00f8je en ekstra dimension til deres personlige stil. Med en gener\u00f8s m\u00e6ngde p\u00e5 100 ml kan du nyde denne forfriskende duft i lang tid. Fantasy Sheer EDT er skabt til at fremh\u00e6ve din naturlige sk\u00f8nhed og give dig en f\u00f8lelse af selvtillid og glamour. Denne Eau de Toilette er ideel til alle lejligheder. Brug den til hverdagsbrug for at tilf\u00f8je et strejf af elegance til din daglige rutine. Du kan ogs\u00e5 b\u00e6re den ved s\u00e6rlige lejligheder for at skabe en uforglemmelig duftoplevelse. Fantasy Sheer EDT er designet til at efterlade et subtilt og forf\u00f8rende indtryk. Den har en blomster- og frugtagtig duft, der vil fange opm\u00e6rksomhed og efterlade et varigt indtryk. Du vil elske den blide og forfriskende f\u00f8lelse, det giver. S\u00e5 fork\u00e6l dig selv med Fantasy Sheer EDT og lad denne fortryllende duft forvandle din hverdag til et eventyr.<\/p>\n","protected":false},"excerpt":{"rendered":"<p>Britney Spears Fantasy Sheer edt 100mlFantasy Sheer EDT er en fortryllende Eau de Toilette fra det popul\u00e6re m\u00e6rke Britney Spears. Denne duft er perfekt til kvinder, der \u00f8nsker at tilf\u00f8je en ekstra dimension til deres personlige stil. Med en gener\u00f8s m\u00e6ngde p\u00e5 100 ml kan du nyde denne forfriskende duft i lang tid. Fantasy Sheer [&hellip;]<\/p>\n","protected":false},"featured_media":134683,"comment_status":"open","ping_status":"closed","template":"","meta":{"_trash_the_other_posts":false},"product_brand":[],"product_cat":[706,735,1006,999,534],"product_tag":[],"berocket_brand":[1031],"class_list":{"0":"post-134685","1":"product","2":"type-product","3":"status-publish","4":"has-post-thumbnail","6":"product_cat-eau-de-parfum-dame","7":"product_cat-kampagne","8":"product_cat-kampagnepris","9":"product_cat-kampagnetilbud-til-hende","10":"product_cat-parfume-dame","11":"pa_brand-britney-spears","12":"berocket_brand-britney-spears","14":"first","15":"instock","16":"sale","17":"taxable","18":"shipping-taxable","19":"purchasable","20":"product-type-simple"},"_links":{"self":[{"href":"https:\/\/stylingagenten.com\/da\/wp-json\/wp\/v2\/product\/134685","targetHints":{"allow":["GET"]}}],"collection":[{"href":"https:\/\/stylingagenten.com\/da\/wp-json\/wp\/v2\/product"}],"about":[{"href":"https:\/\/stylingagenten.com\/da\/wp-json\/wp\/v2\/types\/product"}],"replies":[{"embeddable":true,"href":"https:\/\/stylingagenten.com\/da\/wp-json\/wp\/v2\/comments?post=134685"}],"version-history":[{"count":0,"href":"https:\/\/stylingagenten.com\/da\/wp-json\/wp\/v2\/product\/134685\/revisions"}],"wp:featuredmedia":[{"embeddable":true,"href":"https:\/\/stylingagenten.com\/da\/wp-json\/wp\/v2\/media\/134683"}],"wp:attachment":[{"href":"https:\/\/stylingagenten.com\/da\/wp-json\/wp\/v2\/media?parent=134685"}],"wp:term":[{"taxonomy":"product_brand","embeddable":true,"href":"https:\/\/stylingagenten.com\/da\/wp-json\/wp\/v2\/product_brand?post=134685"},{"taxonomy":"product_cat","embeddable":true,"href":"https:\/\/stylingagenten.com\/da\/wp-json\/wp\/v2\/product_cat?post=134685"},{"taxonomy":"product_tag","embeddable":true,"href":"https:\/\/stylingagenten.com\/da\/wp-json\/wp\/v2\/product_tag?post=134685"},{"taxonomy":"berocket_brand","embeddable":true,"href":"https:\/\/stylingagenten.com\/da\/wp-json\/wp\/v2\/berocket_brand?post=134685"}],"curies":[{"name":"wp","href":"https:\/\/api.w.org\/{rel}","templated":true}]}}