{"id":134681,"date":"2025-05-18T22:38:17","date_gmt":"2025-05-18T22:38:17","guid":{"rendered":"https:\/\/staging2.stylingagenten.com\/da\/produkt\/escada-santorini-sunrise-edt-100ml\/"},"modified":"2026-03-18T19:26:29","modified_gmt":"2026-03-18T19:26:29","slug":"escada-santorini-sunrise-edt-100ml","status":"publish","type":"product","link":"https:\/\/stylingagenten.com\/da\/produkt\/escada-santorini-sunrise-edt-100ml\/","title":{"rendered":"Escada Santorini Sunrise Edt 100ml"},"content":{"rendered":"<p>Escada Santorini Sunrise Edt 100ml<br \/>Er du klar til en tur til den smukke gr\u00e6ske \u00f8 Santorini?<\/p>\n<p>Dr\u00f8m v\u00e6k til dette hvide og bl\u00e5 paradis med denne nye dameparfume Escada Santorini Sunrise Eau de Toilette Limited edition. Denne duft \u00e5bner med forfriskende noter af saftig mandarin og bergamotsorbet, fremh\u00e6vet af str\u00e5lende jasmin. En farverig eksplosion af pink peber g\u00f8r denne friske parfume ekstra str\u00e5lende og dragende.<\/p>\n<p>Escada Santorini Sunrise er en direkte billet til juvelen p\u00e5 de gr\u00e6ske \u00f8er, Santorini, hvor havets dybe b\u00f8lger og de feminine bougainvillea blomster har v\u00e6ret inspirationen til den smukke flaske . Kartonen er inspireret af den autentiske gr\u00e6ske arkitektur ved solopgang.<\/p>\n<p>Designet af parfum\u00f8rerne Myl\u00e8ne Alran og Benoist Lapouza, denne limited edition Escada-duft er en hyldest til det naturlige Gr\u00e6kenland. Myl\u00e8ne Arlan udforskede dybe noter med en jordagtig finish, mens Benoist Lapouza brugte ingredienser, der fik ham til at f\u00f8le sig t\u00e6ttere p\u00e5 naturen. Escada Santorini Sunrise er en helt vegansk parfume, der vil v\u00e6re din mest mindev\u00e6rdige duft denne sommer, mens du respekterer naturen.<\/p>\n","protected":false},"excerpt":{"rendered":"<p>Escada Santorini Sunrise Edt 100mlEr du klar til en tur til den smukke gr\u00e6ske \u00f8 Santorini? Dr\u00f8m v\u00e6k til dette hvide og bl\u00e5 paradis med denne nye dameparfume Escada Santorini Sunrise Eau de Toilette Limited edition. Denne duft \u00e5bner med forfriskende noter af saftig mandarin og bergamotsorbet, fremh\u00e6vet af str\u00e5lende jasmin. En farverig eksplosion af [&hellip;]<\/p>\n","protected":false},"featured_media":134676,"comment_status":"open","ping_status":"closed","template":"","meta":{"_trash_the_other_posts":false},"product_brand":[],"product_cat":[1003,707,534],"product_tag":[2893],"berocket_brand":[1306],"class_list":{"0":"post-134681","1":"product","2":"type-product","3":"status-publish","4":"has-post-thumbnail","6":"product_cat-bestsellere","7":"product_cat-eau-de-toilette-dame","8":"product_cat-parfume-dame","9":"product_tag-escada-santorini-sunrise-edt","10":"pa_brand-escada","11":"pa_variant-100ml","12":"berocket_brand-escada","14":"first","15":"outofstock","16":"sale","17":"taxable","18":"shipping-taxable","19":"purchasable","20":"product-type-simple"},"_links":{"self":[{"href":"https:\/\/stylingagenten.com\/da\/wp-json\/wp\/v2\/product\/134681","targetHints":{"allow":["GET"]}}],"collection":[{"href":"https:\/\/stylingagenten.com\/da\/wp-json\/wp\/v2\/product"}],"about":[{"href":"https:\/\/stylingagenten.com\/da\/wp-json\/wp\/v2\/types\/product"}],"replies":[{"embeddable":true,"href":"https:\/\/stylingagenten.com\/da\/wp-json\/wp\/v2\/comments?post=134681"}],"version-history":[{"count":0,"href":"https:\/\/stylingagenten.com\/da\/wp-json\/wp\/v2\/product\/134681\/revisions"}],"wp:featuredmedia":[{"embeddable":true,"href":"https:\/\/stylingagenten.com\/da\/wp-json\/wp\/v2\/media\/134676"}],"wp:attachment":[{"href":"https:\/\/stylingagenten.com\/da\/wp-json\/wp\/v2\/media?parent=134681"}],"wp:term":[{"taxonomy":"product_brand","embeddable":true,"href":"https:\/\/stylingagenten.com\/da\/wp-json\/wp\/v2\/product_brand?post=134681"},{"taxonomy":"product_cat","embeddable":true,"href":"https:\/\/stylingagenten.com\/da\/wp-json\/wp\/v2\/product_cat?post=134681"},{"taxonomy":"product_tag","embeddable":true,"href":"https:\/\/stylingagenten.com\/da\/wp-json\/wp\/v2\/product_tag?post=134681"},{"taxonomy":"berocket_brand","embeddable":true,"href":"https:\/\/stylingagenten.com\/da\/wp-json\/wp\/v2\/berocket_brand?post=134681"}],"curies":[{"name":"wp","href":"https:\/\/api.w.org\/{rel}","templated":true}]}}