{"id":134671,"date":"2025-05-18T22:38:15","date_gmt":"2025-05-18T22:38:15","guid":{"rendered":"https:\/\/staging2.stylingagenten.com\/da\/produkt\/armani-my-way-edp-15ml\/"},"modified":"2025-11-19T12:21:39","modified_gmt":"2025-11-19T12:21:39","slug":"armani-my-way-edp-15ml","status":"publish","type":"product","link":"https:\/\/stylingagenten.com\/da\/produkt\/armani-my-way-edp-15ml\/","title":{"rendered":"Armani My Way Edp 15ml"},"content":{"rendered":"<p>My Way er duften af \u200b\u200bopdagelse og forbindelse for en \u00e5bensindet, nysgerrig og \u00e6gte kvinde klar til nye perspektiver og m\u00f8der med mennesker rundt om i verden. Denne feminine duft er sammensat af b\u00e6redygtigt producerede ingredienser. Italiensk bergamot m\u00f8der egyptisk appelsinblomst i en sprudlende \u00e5bning af duften. Hjertet best\u00e5r af en klar, lys blomsterbuket af tuberose og jasmin fra Indien. Duften rundes derefter af i noter af levende cedertr\u00e6 fra Virginia sammen med sensuel vanilje fra Madagaskar og hvid moskus.<\/p>\n","protected":false},"excerpt":{"rendered":"<p>My Way er duften af \u200b\u200bopdagelse og forbindelse for en \u00e5bensindet, nysgerrig og \u00e6gte kvinde klar til nye perspektiver og m\u00f8der med mennesker rundt om i verden. Denne feminine duft er sammensat af b\u00e6redygtigt producerede ingredienser. Italiensk bergamot m\u00f8der egyptisk appelsinblomst i en sprudlende \u00e5bning af duften. Hjertet best\u00e5r af en klar, lys blomsterbuket af [&hellip;]<\/p>\n","protected":false},"featured_media":134669,"comment_status":"open","ping_status":"closed","template":"","meta":{"_trash_the_other_posts":false},"product_brand":[],"product_cat":[706,534],"product_tag":[],"berocket_brand":[1038],"class_list":{"0":"post-134671","1":"product","2":"type-product","3":"status-publish","4":"has-post-thumbnail","6":"product_cat-eau-de-parfum-dame","7":"product_cat-parfume-dame","8":"pa_brand-armani","9":"berocket_brand-armani","11":"first","12":"outofstock","13":"sale","14":"taxable","15":"shipping-taxable","16":"purchasable","17":"product-type-simple"},"_links":{"self":[{"href":"https:\/\/stylingagenten.com\/da\/wp-json\/wp\/v2\/product\/134671","targetHints":{"allow":["GET"]}}],"collection":[{"href":"https:\/\/stylingagenten.com\/da\/wp-json\/wp\/v2\/product"}],"about":[{"href":"https:\/\/stylingagenten.com\/da\/wp-json\/wp\/v2\/types\/product"}],"replies":[{"embeddable":true,"href":"https:\/\/stylingagenten.com\/da\/wp-json\/wp\/v2\/comments?post=134671"}],"version-history":[{"count":0,"href":"https:\/\/stylingagenten.com\/da\/wp-json\/wp\/v2\/product\/134671\/revisions"}],"wp:featuredmedia":[{"embeddable":true,"href":"https:\/\/stylingagenten.com\/da\/wp-json\/wp\/v2\/media\/134669"}],"wp:attachment":[{"href":"https:\/\/stylingagenten.com\/da\/wp-json\/wp\/v2\/media?parent=134671"}],"wp:term":[{"taxonomy":"product_brand","embeddable":true,"href":"https:\/\/stylingagenten.com\/da\/wp-json\/wp\/v2\/product_brand?post=134671"},{"taxonomy":"product_cat","embeddable":true,"href":"https:\/\/stylingagenten.com\/da\/wp-json\/wp\/v2\/product_cat?post=134671"},{"taxonomy":"product_tag","embeddable":true,"href":"https:\/\/stylingagenten.com\/da\/wp-json\/wp\/v2\/product_tag?post=134671"},{"taxonomy":"berocket_brand","embeddable":true,"href":"https:\/\/stylingagenten.com\/da\/wp-json\/wp\/v2\/berocket_brand?post=134671"}],"curies":[{"name":"wp","href":"https:\/\/api.w.org\/{rel}","templated":true}]}}