{"id":134635,"date":"2025-05-18T22:38:05","date_gmt":"2025-05-18T22:38:05","guid":{"rendered":"https:\/\/staging2.stylingagenten.com\/da\/produkt\/sisley-leau-revee-disa-edt-50ml\/"},"modified":"2026-03-11T22:05:41","modified_gmt":"2026-03-11T22:05:41","slug":"sisley-leau-revee-disa-edt-50ml","status":"publish","type":"product","link":"https:\/\/stylingagenten.com\/da\/produkt\/sisley-leau-revee-disa-edt-50ml\/","title":{"rendered":"Sisley L&#8217;eau Revee d&#8217;Isa Edt 50ml"},"content":{"rendered":"<p>Sisley L&#8217;eau Revee d&#8217;Isa Edt 50ml<br \/>Dr\u00f8mme n\u00e6rer vores kreativitet og inspirerer os gennem billeder, minder og f\u00f8lelser. Eaux R\u00eav\u00e9es udtrykker dette fantasifulde sted, hvor inspirationer kolliderer, forenes og smelter sammen &#8211; ligesom de forskellige generationer af d&#8217;Ornano-familien, skaberne af Sisley, inspirerer hinanden.<br \/>Denne kollektion best\u00e5r af seks forskellige dufte med duftkoder, der har en perfekt ambivalent natur.<br \/>FRISKBRUDET JASMINE, FULD AF SOL<br \/>Eau R\u00eav\u00e9e d&#8217;Isa har dybden og letheden som en forf\u00f8rende dr\u00f8m. Fuld af kontraster samler den en mirakul\u00f8s kombination af essenser og alkymi, der b\u00e5de f\u00f8les indlysende og alligevel form\u00e5r at overraske. Denne duft kombinerer det maskuline med det feminine og har vitaliteten af \u200b\u200ben hvid blomst blandet med intense krydderier.<\/p>\n","protected":false},"excerpt":{"rendered":"<p>Sisley L&#8217;eau Revee d&#8217;Isa Edt 50mlDr\u00f8mme n\u00e6rer vores kreativitet og inspirerer os gennem billeder, minder og f\u00f8lelser. Eaux R\u00eav\u00e9es udtrykker dette fantasifulde sted, hvor inspirationer kolliderer, forenes og smelter sammen &#8211; ligesom de forskellige generationer af d&#8217;Ornano-familien, skaberne af Sisley, inspirerer hinanden.Denne kollektion best\u00e5r af seks forskellige dufte med duftkoder, der har en perfekt ambivalent [&hellip;]<\/p>\n","protected":false},"featured_media":134630,"comment_status":"open","ping_status":"closed","template":"","meta":{"_trash_the_other_posts":false},"product_brand":[],"product_cat":[707,735,999],"product_tag":[],"berocket_brand":[1195],"class_list":{"0":"post-134635","1":"product","2":"type-product","3":"status-publish","4":"has-post-thumbnail","6":"product_cat-eau-de-toilette-dame","7":"product_cat-kampagne","8":"product_cat-kampagnetilbud-til-hende","9":"pa_brand-sisley","10":"berocket_brand-sisley","12":"first","13":"instock","14":"sale","15":"taxable","16":"shipping-taxable","17":"purchasable","18":"product-type-simple"},"_links":{"self":[{"href":"https:\/\/stylingagenten.com\/da\/wp-json\/wp\/v2\/product\/134635","targetHints":{"allow":["GET"]}}],"collection":[{"href":"https:\/\/stylingagenten.com\/da\/wp-json\/wp\/v2\/product"}],"about":[{"href":"https:\/\/stylingagenten.com\/da\/wp-json\/wp\/v2\/types\/product"}],"replies":[{"embeddable":true,"href":"https:\/\/stylingagenten.com\/da\/wp-json\/wp\/v2\/comments?post=134635"}],"version-history":[{"count":0,"href":"https:\/\/stylingagenten.com\/da\/wp-json\/wp\/v2\/product\/134635\/revisions"}],"wp:featuredmedia":[{"embeddable":true,"href":"https:\/\/stylingagenten.com\/da\/wp-json\/wp\/v2\/media\/134630"}],"wp:attachment":[{"href":"https:\/\/stylingagenten.com\/da\/wp-json\/wp\/v2\/media?parent=134635"}],"wp:term":[{"taxonomy":"product_brand","embeddable":true,"href":"https:\/\/stylingagenten.com\/da\/wp-json\/wp\/v2\/product_brand?post=134635"},{"taxonomy":"product_cat","embeddable":true,"href":"https:\/\/stylingagenten.com\/da\/wp-json\/wp\/v2\/product_cat?post=134635"},{"taxonomy":"product_tag","embeddable":true,"href":"https:\/\/stylingagenten.com\/da\/wp-json\/wp\/v2\/product_tag?post=134635"},{"taxonomy":"berocket_brand","embeddable":true,"href":"https:\/\/stylingagenten.com\/da\/wp-json\/wp\/v2\/berocket_brand?post=134635"}],"curies":[{"name":"wp","href":"https:\/\/api.w.org\/{rel}","templated":true}]}}