{"id":134621,"date":"2025-05-18T22:38:02","date_gmt":"2025-05-18T22:38:02","guid":{"rendered":"https:\/\/staging2.stylingagenten.com\/da\/produkt\/marc-jacobs-perfect-edt-10ml\/"},"modified":"2026-04-13T21:18:33","modified_gmt":"2026-04-13T21:18:33","slug":"marc-jacobs-perfect-edt-10ml","status":"publish","type":"product","link":"https:\/\/stylingagenten.com\/da\/produkt\/marc-jacobs-perfect-edt-10ml\/","title":{"rendered":"Marc Jacobs Perfect Edt 10ml"},"content":{"rendered":"<p>Marc Jacobs pr\u00e6senterer Perfect eau de toilette, en frisk ny fortolkning af bestselleren Perfect Eau de Parfum. Denne str\u00e5lende, blomstrede eau de toilette fra Marc Jacobs er en hyldest til alle, der t\u00f8r v\u00e6re sig selv, en intim fortolkning af at v\u00e6re #PerfectAsIAm.<br \/>&#8211;<br \/>En frisk ny tilf\u00f8jelse til Perfect-familien, som i dag best\u00e5r af Perfect eau de parfum og Perfect Intense.<\/p>\n","protected":false},"excerpt":{"rendered":"<p>Marc Jacobs pr\u00e6senterer Perfect eau de toilette, en frisk ny fortolkning af bestselleren Perfect Eau de Parfum. Denne str\u00e5lende, blomstrede eau de toilette fra Marc Jacobs er en hyldest til alle, der t\u00f8r v\u00e6re sig selv, en intim fortolkning af at v\u00e6re #PerfectAsIAm.&#8211;En frisk ny tilf\u00f8jelse til Perfect-familien, som i dag best\u00e5r af Perfect eau [&hellip;]<\/p>\n","protected":false},"featured_media":134615,"comment_status":"open","ping_status":"closed","template":"","meta":{"_trash_the_other_posts":false},"product_brand":[],"product_cat":[1003,707],"product_tag":[3388],"berocket_brand":[1069],"class_list":{"0":"post-134621","1":"product","2":"type-product","3":"status-publish","4":"has-post-thumbnail","6":"product_cat-bestsellere","7":"product_cat-eau-de-toilette-dame","8":"product_tag-marc-jacobs-perfect-edt","9":"pa_brand-marc-jacobs","10":"pa_variant-10ml","11":"berocket_brand-marc-jacobs","13":"first","14":"instock","15":"sale","16":"taxable","17":"shipping-taxable","18":"purchasable","19":"product-type-simple"},"_links":{"self":[{"href":"https:\/\/stylingagenten.com\/da\/wp-json\/wp\/v2\/product\/134621","targetHints":{"allow":["GET"]}}],"collection":[{"href":"https:\/\/stylingagenten.com\/da\/wp-json\/wp\/v2\/product"}],"about":[{"href":"https:\/\/stylingagenten.com\/da\/wp-json\/wp\/v2\/types\/product"}],"replies":[{"embeddable":true,"href":"https:\/\/stylingagenten.com\/da\/wp-json\/wp\/v2\/comments?post=134621"}],"version-history":[{"count":0,"href":"https:\/\/stylingagenten.com\/da\/wp-json\/wp\/v2\/product\/134621\/revisions"}],"wp:featuredmedia":[{"embeddable":true,"href":"https:\/\/stylingagenten.com\/da\/wp-json\/wp\/v2\/media\/134615"}],"wp:attachment":[{"href":"https:\/\/stylingagenten.com\/da\/wp-json\/wp\/v2\/media?parent=134621"}],"wp:term":[{"taxonomy":"product_brand","embeddable":true,"href":"https:\/\/stylingagenten.com\/da\/wp-json\/wp\/v2\/product_brand?post=134621"},{"taxonomy":"product_cat","embeddable":true,"href":"https:\/\/stylingagenten.com\/da\/wp-json\/wp\/v2\/product_cat?post=134621"},{"taxonomy":"product_tag","embeddable":true,"href":"https:\/\/stylingagenten.com\/da\/wp-json\/wp\/v2\/product_tag?post=134621"},{"taxonomy":"berocket_brand","embeddable":true,"href":"https:\/\/stylingagenten.com\/da\/wp-json\/wp\/v2\/berocket_brand?post=134621"}],"curies":[{"name":"wp","href":"https:\/\/api.w.org\/{rel}","templated":true}]}}