{"id":134570,"date":"2025-05-18T22:37:48","date_gmt":"2025-05-18T22:37:48","guid":{"rendered":"https:\/\/staging2.stylingagenten.com\/da\/produkt\/marc-jacobs-daisy-love-eau-so-sweet-edt-10ml\/"},"modified":"2025-11-19T12:24:27","modified_gmt":"2025-11-19T12:24:27","slug":"marc-jacobs-daisy-love-eau-so-sweet-edt-10ml","status":"publish","type":"product","link":"https:\/\/stylingagenten.com\/da\/produkt\/marc-jacobs-daisy-love-eau-so-sweet-edt-10ml\/","title":{"rendered":"Marc Jacobs Daisy Love Eau So Sweet Edt 10ml"},"content":{"rendered":"<p>Daisy Love eau s\u00e5 s\u00f8d \u2013 den sunde gourmand. Den s\u00f8de, sprudlende, flirtende og samtidig bl\u00f8de duft med noter som hvid hindb\u00e6r i toppen, blomster i hjertet og sukkerholdig moskus i bunden<\/p>\n","protected":false},"excerpt":{"rendered":"<p>Daisy Love eau s\u00e5 s\u00f8d \u2013 den sunde gourmand. Den s\u00f8de, sprudlende, flirtende og samtidig bl\u00f8de duft med noter som hvid hindb\u00e6r i toppen, blomster i hjertet og sukkerholdig moskus i bunden<\/p>\n","protected":false},"featured_media":134561,"comment_status":"open","ping_status":"closed","template":"","meta":{"_trash_the_other_posts":false},"product_brand":[],"product_cat":[1003,707],"product_tag":[3384],"berocket_brand":[1069],"class_list":{"0":"post-134570","1":"product","2":"type-product","3":"status-publish","4":"has-post-thumbnail","6":"product_cat-bestsellere","7":"product_cat-eau-de-toilette-dame","8":"product_tag-marc-jacobs-daisy-love-eau-so-sweet-edt","9":"pa_brand-marc-jacobs","10":"pa_variant-10ml","11":"berocket_brand-marc-jacobs","13":"first","14":"outofstock","15":"sale","16":"taxable","17":"shipping-taxable","18":"purchasable","19":"product-type-simple"},"_links":{"self":[{"href":"https:\/\/stylingagenten.com\/da\/wp-json\/wp\/v2\/product\/134570","targetHints":{"allow":["GET"]}}],"collection":[{"href":"https:\/\/stylingagenten.com\/da\/wp-json\/wp\/v2\/product"}],"about":[{"href":"https:\/\/stylingagenten.com\/da\/wp-json\/wp\/v2\/types\/product"}],"replies":[{"embeddable":true,"href":"https:\/\/stylingagenten.com\/da\/wp-json\/wp\/v2\/comments?post=134570"}],"version-history":[{"count":0,"href":"https:\/\/stylingagenten.com\/da\/wp-json\/wp\/v2\/product\/134570\/revisions"}],"wp:featuredmedia":[{"embeddable":true,"href":"https:\/\/stylingagenten.com\/da\/wp-json\/wp\/v2\/media\/134561"}],"wp:attachment":[{"href":"https:\/\/stylingagenten.com\/da\/wp-json\/wp\/v2\/media?parent=134570"}],"wp:term":[{"taxonomy":"product_brand","embeddable":true,"href":"https:\/\/stylingagenten.com\/da\/wp-json\/wp\/v2\/product_brand?post=134570"},{"taxonomy":"product_cat","embeddable":true,"href":"https:\/\/stylingagenten.com\/da\/wp-json\/wp\/v2\/product_cat?post=134570"},{"taxonomy":"product_tag","embeddable":true,"href":"https:\/\/stylingagenten.com\/da\/wp-json\/wp\/v2\/product_tag?post=134570"},{"taxonomy":"berocket_brand","embeddable":true,"href":"https:\/\/stylingagenten.com\/da\/wp-json\/wp\/v2\/berocket_brand?post=134570"}],"curies":[{"name":"wp","href":"https:\/\/api.w.org\/{rel}","templated":true}]}}