{"id":134558,"date":"2025-05-18T22:37:46","date_gmt":"2025-05-18T22:37:46","guid":{"rendered":"https:\/\/staging2.stylingagenten.com\/da\/produkt\/marc-jacobs-daisy-eau-so-fresh-edt-30ml\/"},"modified":"2026-03-31T19:48:42","modified_gmt":"2026-03-31T19:48:42","slug":"marc-jacobs-daisy-eau-so-fresh-edt-30ml","status":"publish","type":"product","link":"https:\/\/stylingagenten.com\/da\/produkt\/marc-jacobs-daisy-eau-so-fresh-edt-30ml\/","title":{"rendered":"Marc Jacobs Daisy Eau So Fresh Edt 30ml"},"content":{"rendered":"<p>Med en varm, funklende energi formidler Daisy Eau So Fresh en sofistikeret, men alligevel legende f\u00f8lelse. Det er en let version af den originale Daisy Eau De Toilette, der v\u00e6kker alle sanser med en klar, elegant og personlig charme. Ligesom personen, der b\u00e6rer det, inspirerer Daisy Eau So Fresh til at v\u00e6re modig, feminin og nysgerrig p\u00e5 livet. L\u00e6kre duftnoter i topnoter af hindb\u00e6r og grapefrugt m\u00f8der kontraster i form af vild rose og moskus i hjertet af duften. I bunden hviler varme blommer og cedertr\u00e6.<\/p>\n","protected":false},"excerpt":{"rendered":"<p>Med en varm, funklende energi formidler Daisy Eau So Fresh en sofistikeret, men alligevel legende f\u00f8lelse. Det er en let version af den originale Daisy Eau De Toilette, der v\u00e6kker alle sanser med en klar, elegant og personlig charme. Ligesom personen, der b\u00e6rer det, inspirerer Daisy Eau So Fresh til at v\u00e6re modig, feminin og [&hellip;]<\/p>\n","protected":false},"featured_media":134551,"comment_status":"open","ping_status":"closed","template":"","meta":{"_trash_the_other_posts":false},"product_brand":[],"product_cat":[707],"product_tag":[3381],"berocket_brand":[1069],"class_list":{"0":"post-134558","1":"product","2":"type-product","3":"status-publish","4":"has-post-thumbnail","6":"product_cat-eau-de-toilette-dame","7":"product_tag-marc-jacobs-daisy-eau-so-fresh-edt","8":"pa_brand-marc-jacobs","9":"pa_variant-30ml","10":"berocket_brand-marc-jacobs","12":"first","13":"instock","14":"sale","15":"taxable","16":"shipping-taxable","17":"purchasable","18":"product-type-simple"},"_links":{"self":[{"href":"https:\/\/stylingagenten.com\/da\/wp-json\/wp\/v2\/product\/134558","targetHints":{"allow":["GET"]}}],"collection":[{"href":"https:\/\/stylingagenten.com\/da\/wp-json\/wp\/v2\/product"}],"about":[{"href":"https:\/\/stylingagenten.com\/da\/wp-json\/wp\/v2\/types\/product"}],"replies":[{"embeddable":true,"href":"https:\/\/stylingagenten.com\/da\/wp-json\/wp\/v2\/comments?post=134558"}],"version-history":[{"count":0,"href":"https:\/\/stylingagenten.com\/da\/wp-json\/wp\/v2\/product\/134558\/revisions"}],"wp:featuredmedia":[{"embeddable":true,"href":"https:\/\/stylingagenten.com\/da\/wp-json\/wp\/v2\/media\/134551"}],"wp:attachment":[{"href":"https:\/\/stylingagenten.com\/da\/wp-json\/wp\/v2\/media?parent=134558"}],"wp:term":[{"taxonomy":"product_brand","embeddable":true,"href":"https:\/\/stylingagenten.com\/da\/wp-json\/wp\/v2\/product_brand?post=134558"},{"taxonomy":"product_cat","embeddable":true,"href":"https:\/\/stylingagenten.com\/da\/wp-json\/wp\/v2\/product_cat?post=134558"},{"taxonomy":"product_tag","embeddable":true,"href":"https:\/\/stylingagenten.com\/da\/wp-json\/wp\/v2\/product_tag?post=134558"},{"taxonomy":"berocket_brand","embeddable":true,"href":"https:\/\/stylingagenten.com\/da\/wp-json\/wp\/v2\/berocket_brand?post=134558"}],"curies":[{"name":"wp","href":"https:\/\/api.w.org\/{rel}","templated":true}]}}