{"id":134555,"date":"2025-05-18T22:37:45","date_gmt":"2025-05-18T22:37:45","guid":{"rendered":"https:\/\/staging2.stylingagenten.com\/da\/produkt\/marc-jacobs-daisy-love-eau-so-sweet-edt-50ml\/"},"modified":"2026-04-08T13:46:57","modified_gmt":"2026-04-08T13:46:57","slug":"marc-jacobs-daisy-love-eau-so-sweet-edt-50ml","status":"publish","type":"product","link":"https:\/\/stylingagenten.com\/da\/produkt\/marc-jacobs-daisy-love-eau-so-sweet-edt-50ml\/","title":{"rendered":"Marc Jacobs Daisy Love Eau So Sweet Edt 50ml"},"content":{"rendered":"<p>Daisy Love eau s\u00e5 s\u00f8d \u2013 den sunde gourmand. Den s\u00f8de, funklende, flirtende og samtidig bl\u00f8de duft med noter som hvid hindb\u00e6r i toppen, blomster i hjertet og sukkerholdig moskus i bunden.<\/p>\n","protected":false},"excerpt":{"rendered":"<p>Daisy Love eau s\u00e5 s\u00f8d \u2013 den sunde gourmand. Den s\u00f8de, funklende, flirtende og samtidig bl\u00f8de duft med noter som hvid hindb\u00e6r i toppen, blomster i hjertet og sukkerholdig moskus i bunden.<\/p>\n","protected":false},"featured_media":134542,"comment_status":"open","ping_status":"closed","template":"","meta":{"_trash_the_other_posts":false},"product_brand":[],"product_cat":[707,735,999],"product_tag":[3384],"berocket_brand":[1069],"class_list":{"0":"post-134555","1":"product","2":"type-product","3":"status-publish","4":"has-post-thumbnail","6":"product_cat-eau-de-toilette-dame","7":"product_cat-kampagne","8":"product_cat-kampagnetilbud-til-hende","9":"product_tag-marc-jacobs-daisy-love-eau-so-sweet-edt","10":"pa_brand-marc-jacobs","11":"pa_variant-50ml","12":"berocket_brand-marc-jacobs","14":"first","15":"instock","16":"sale","17":"taxable","18":"shipping-taxable","19":"purchasable","20":"product-type-simple"},"_links":{"self":[{"href":"https:\/\/stylingagenten.com\/da\/wp-json\/wp\/v2\/product\/134555","targetHints":{"allow":["GET"]}}],"collection":[{"href":"https:\/\/stylingagenten.com\/da\/wp-json\/wp\/v2\/product"}],"about":[{"href":"https:\/\/stylingagenten.com\/da\/wp-json\/wp\/v2\/types\/product"}],"replies":[{"embeddable":true,"href":"https:\/\/stylingagenten.com\/da\/wp-json\/wp\/v2\/comments?post=134555"}],"version-history":[{"count":0,"href":"https:\/\/stylingagenten.com\/da\/wp-json\/wp\/v2\/product\/134555\/revisions"}],"wp:featuredmedia":[{"embeddable":true,"href":"https:\/\/stylingagenten.com\/da\/wp-json\/wp\/v2\/media\/134542"}],"wp:attachment":[{"href":"https:\/\/stylingagenten.com\/da\/wp-json\/wp\/v2\/media?parent=134555"}],"wp:term":[{"taxonomy":"product_brand","embeddable":true,"href":"https:\/\/stylingagenten.com\/da\/wp-json\/wp\/v2\/product_brand?post=134555"},{"taxonomy":"product_cat","embeddable":true,"href":"https:\/\/stylingagenten.com\/da\/wp-json\/wp\/v2\/product_cat?post=134555"},{"taxonomy":"product_tag","embeddable":true,"href":"https:\/\/stylingagenten.com\/da\/wp-json\/wp\/v2\/product_tag?post=134555"},{"taxonomy":"berocket_brand","embeddable":true,"href":"https:\/\/stylingagenten.com\/da\/wp-json\/wp\/v2\/berocket_brand?post=134555"}],"curies":[{"name":"wp","href":"https:\/\/api.w.org\/{rel}","templated":true}]}}