{"id":134485,"date":"2025-05-18T22:37:28","date_gmt":"2025-05-18T22:37:28","guid":{"rendered":"https:\/\/staging2.stylingagenten.com\/da\/produkt\/elizabeth-arden-green-tea-lychee-lime-edt-100ml\/"},"modified":"2026-03-28T10:58:41","modified_gmt":"2026-03-28T10:58:41","slug":"elizabeth-arden-green-tea-lychee-lime-edt-100ml","status":"publish","type":"product","link":"https:\/\/stylingagenten.com\/da\/produkt\/elizabeth-arden-green-tea-lychee-lime-edt-100ml\/","title":{"rendered":"Elizabeth Arden Green Tea Lychee Lime Edt 100ml"},"content":{"rendered":"<p>Green Tea Lychee Lime er en opl\u00f8ftende eau de toilette, der v\u00e6kker sanserne til live og giver et smil p\u00e5 l\u00e6ben. Med en spray vil du f\u00f8le en sprudlende, livlig og frisk parfume, der ikke kan modst\u00e5s. Green Tea Lychee kan findes i Elizabeth Arden-parfumeserien til kvinder, og med sine rene duftnoter s\u00e6tter kun fantasien gr\u00e6nser, n\u00e5r du bruger den. En frisk dameparfume med en fantastisk velkomst, hvor du vil fremst\u00e5 forfriskende.<\/p>\n<p>Duften \u00e5bner med forfriskende noter af litchi, italiensk bergamot og citrus. I hjertet er egyptisk geranium, \u00e5kandeakkord og magnolia. I mods\u00e6tning til duftens blomsterhjerte spredes en ro i bunden med Litchi Flash Delight Base, Mate Absolute og Green Tea accord.<\/p>\n<p>Duftfamilie: Frugtfrisk<br \/>Topnote: Litchi, Bergamot , Citrus<br \/>Hjertenote: Egyptisk Geranium, \u00c5kande Accord, Magnolia<br \/>Basenote: Lychee Flash Delight Base, Mate Absolute, Gr\u00f8n te DNA<\/p>\n","protected":false},"excerpt":{"rendered":"<p>Green Tea Lychee Lime er en opl\u00f8ftende eau de toilette, der v\u00e6kker sanserne til live og giver et smil p\u00e5 l\u00e6ben. Med en spray vil du f\u00f8le en sprudlende, livlig og frisk parfume, der ikke kan modst\u00e5s. Green Tea Lychee kan findes i Elizabeth Arden-parfumeserien til kvinder, og med sine rene duftnoter s\u00e6tter kun fantasien [&hellip;]<\/p>\n","protected":false},"featured_media":134466,"comment_status":"open","ping_status":"closed","template":"","meta":{"_trash_the_other_posts":false},"product_brand":[],"product_cat":[1003,707,735,999],"product_tag":[],"berocket_brand":[1303],"class_list":{"0":"post-134485","1":"product","2":"type-product","3":"status-publish","4":"has-post-thumbnail","6":"product_cat-bestsellere","7":"product_cat-eau-de-toilette-dame","8":"product_cat-kampagne","9":"product_cat-kampagnetilbud-til-hende","10":"pa_brand-elizabeth-arden","11":"berocket_brand-elizabeth-arden","13":"first","14":"outofstock","15":"sale","16":"taxable","17":"shipping-taxable","18":"purchasable","19":"product-type-simple"},"_links":{"self":[{"href":"https:\/\/stylingagenten.com\/da\/wp-json\/wp\/v2\/product\/134485","targetHints":{"allow":["GET"]}}],"collection":[{"href":"https:\/\/stylingagenten.com\/da\/wp-json\/wp\/v2\/product"}],"about":[{"href":"https:\/\/stylingagenten.com\/da\/wp-json\/wp\/v2\/types\/product"}],"replies":[{"embeddable":true,"href":"https:\/\/stylingagenten.com\/da\/wp-json\/wp\/v2\/comments?post=134485"}],"version-history":[{"count":0,"href":"https:\/\/stylingagenten.com\/da\/wp-json\/wp\/v2\/product\/134485\/revisions"}],"wp:featuredmedia":[{"embeddable":true,"href":"https:\/\/stylingagenten.com\/da\/wp-json\/wp\/v2\/media\/134466"}],"wp:attachment":[{"href":"https:\/\/stylingagenten.com\/da\/wp-json\/wp\/v2\/media?parent=134485"}],"wp:term":[{"taxonomy":"product_brand","embeddable":true,"href":"https:\/\/stylingagenten.com\/da\/wp-json\/wp\/v2\/product_brand?post=134485"},{"taxonomy":"product_cat","embeddable":true,"href":"https:\/\/stylingagenten.com\/da\/wp-json\/wp\/v2\/product_cat?post=134485"},{"taxonomy":"product_tag","embeddable":true,"href":"https:\/\/stylingagenten.com\/da\/wp-json\/wp\/v2\/product_tag?post=134485"},{"taxonomy":"berocket_brand","embeddable":true,"href":"https:\/\/stylingagenten.com\/da\/wp-json\/wp\/v2\/berocket_brand?post=134485"}],"curies":[{"name":"wp","href":"https:\/\/api.w.org\/{rel}","templated":true}]}}